{"id":24484,"date":"2025-08-19T00:05:49","date_gmt":"2025-08-18T21:05:49","guid":{"rendered":"https:\/\/pesu24.ee\/?post_type=product&#038;p=24484"},"modified":"2025-08-21T19:59:05","modified_gmt":"2025-08-21T16:59:05","slug":"puksikud-obsessive-milladis","status":"publish","type":"product","link":"https:\/\/pesu24.ee\/en\/stringid-puksikud\/puksikud-obsessive-milladis\/","title":{"rendered":"P\u00fcksikud Obsessive Milladis"},"content":{"rendered":"<p>K\u00f5rge pihaga <strong>p\u00fcksikud Obessive Milladis<\/strong>, mille h\u00f5bedased helmed puusadel r\u00f5hutavad kumerusi ja lisavad iseloomu.<\/p>\n<div class=\"omadused\">\n<h3>Omadused<\/h3>\n<ul>\n<li>k\u00f5rge pihaga p\u00fcksikud<\/li>\n<li><a href=\"https:\/\/pesu24.ee\/en\/aksessuaarid\/nibukatted-obsessive-milladis\/\">Miladis nibukatted<\/a> ei kuulu komplekti, saab osta eraldi<\/li>\n<li>osaliselt pooll\u00e4bipaistvast kangast<\/li>\n<li>puusadel h\u00f5bedased helmeketid<\/li>\n<li>eest kelmikas ripats<\/li>\n<li>mugav &amp; elastne kangas (90% pol\u00fcamiid, 10% elastaan)<\/li>\n<\/ul>\n<p>Tootega tutvumiseks vaata ka allolevat toote l\u00fchivideot.<\/p>\n<\/div>\n<div class=\"omadused\">\n<h3>Tootevideo<\/h3>\n<div class=\"video-container\"><iframe loading=\"lazy\" title=\"DOKONAL\u00c9 KALHOTKY MILLADIS PANTIES - OBSESSIVE\" width=\"500\" height=\"281\" src=\"https:\/\/www.youtube.com\/embed\/FrhFFJUX9Wc?feature=oembed&#038;wmode=opaque\" frameborder=\"0\" allow=\"accelerometer; autoplay; clipboard-write; encrypted-media; gyroscope; picture-in-picture; web-share\" referrerpolicy=\"strict-origin-when-cross-origin\" allowfullscreen><\/iframe><\/div>\n<\/div>","protected":false},"excerpt":{"rendered":"<p>&#46;&#46;&#46;<\/p>","protected":false},"featured_media":24259,"comment_status":"open","ping_status":"closed","template":"","meta":{"_glsr_average":0,"_glsr_ranking":0,"_glsr_reviews":0},"product_brand":[500],"product_cat":[385],"product_tag":[160,439],"class_list":{"0":"post-24484","1":"product","2":"type-product","3":"status-publish","4":"has-post-thumbnail","6":"product_brand-obsessive","7":"product_cat-stringid-puksikud","8":"product_tag-obsessive","9":"product_tag-obsessive-milladis","10":"pa_suurus-m-l","11":"pa_suurus-xl-xxl","12":"pa_suurus-xs-s","13":"pa_varvus-must","15":"first","16":"instock","17":"sold-individually","18":"taxable","19":"shipping-taxable","20":"purchasable","21":"product-type-variable"},"_links":{"self":[{"href":"https:\/\/pesu24.ee\/en\/wp-json\/wp\/v2\/product\/24484","targetHints":{"allow":["GET"]}}],"collection":[{"href":"https:\/\/pesu24.ee\/en\/wp-json\/wp\/v2\/product"}],"about":[{"href":"https:\/\/pesu24.ee\/en\/wp-json\/wp\/v2\/types\/product"}],"replies":[{"embeddable":true,"href":"https:\/\/pesu24.ee\/en\/wp-json\/wp\/v2\/comments?post=24484"}],"wp:featuredmedia":[{"embeddable":true,"href":"https:\/\/pesu24.ee\/en\/wp-json\/wp\/v2\/media\/24259"}],"wp:attachment":[{"href":"https:\/\/pesu24.ee\/en\/wp-json\/wp\/v2\/media?parent=24484"}],"wp:term":[{"taxonomy":"product_brand","embeddable":true,"href":"https:\/\/pesu24.ee\/en\/wp-json\/wp\/v2\/product_brand?post=24484"},{"taxonomy":"product_cat","embeddable":true,"href":"https:\/\/pesu24.ee\/en\/wp-json\/wp\/v2\/product_cat?post=24484"},{"taxonomy":"product_tag","embeddable":true,"href":"https:\/\/pesu24.ee\/en\/wp-json\/wp\/v2\/product_tag?post=24484"}],"curies":[{"name":"wp","href":"https:\/\/api.w.org\/{rel}","templated":true}]}}