{"id":24490,"date":"2025-08-19T00:05:49","date_gmt":"2025-08-18T21:05:49","guid":{"rendered":"https:\/\/pesu24.ee\/?post_type=product&#038;p=24490"},"modified":"2025-12-29T13:33:22","modified_gmt":"2025-12-29T10:33:22","slug":"stringid-axami-v-9528","status":"publish","type":"product","link":"https:\/\/pesu24.ee\/en\/stringid-puksikud\/stringid-axami-v-9528\/","title":{"rendered":"Stringid Axami V-9528"},"content":{"rendered":"<p><strong>Kuldse tikandi ja lehviga kaunistatud pooll\u00e4bipaistvast puuderroosad stringid, mis on osa kaunist Axami pesukollektsioonist <a href=\"https:\/\/pesu24.ee\/en\/omadus\/summer-love\/\">Summer Love<\/a>.\u00a0<\/strong><\/p>\n<p>Valmistatud v\u00e4ga venivast ja elastses kangast, mida on mugav kanda, meeldiv keha vastas tunda ja m\u00f5nus puudutada.<\/p>\n<p><span style=\"color: #008000;\"><strong>OMADUSED<\/strong><\/span><\/p>\n<ul>\n<li>komplektis puuderroosad stringid<\/li>\n<li>elastne pooll\u00e4bipaistev kangas<\/li>\n<li>kuldsed kaunistused<\/li>\n<\/ul>\n<p>Stringid sobivad ideaalselt kokku tootefotodel oleva rinnahoidjaga <a href=\"https:\/\/pesu24.ee\/en\/topid-rinnahoidjad\/pehme-rinnahoidja-axami-v-9521\/\">Axami V-9521<\/a>, sukahoidjaga <a href=\"https:\/\/pesu24.ee\/en\/aksessuaarid\/sukahoidja-axami-v-9522\/\">Axami V-9522<\/a> ja sukkadega <a href=\"https:\/\/pesu24.ee\/en\/sukad\/isehoidvad-beezid-sukad-axami-v-9644\/\">Axami V-9644<\/a>.<\/p>\n<p>Stringid on saadaval suurustes S, M, L ja XL. Juhul, kui eeltoodud valikust sobilikku suurust men\u00fc\u00fcs ei ole, siis v\u00f5tke meiega julgelt \u00fchendust live vestluse v\u00f5i e-maili teel (support@pesu24.ee) ja t\u00e4psustame koheselt, millal antud suurus lattu saabub.<\/p>","protected":false},"excerpt":{"rendered":"<p>&#46;&#46;&#46;<\/p>","protected":false},"featured_media":24316,"comment_status":"open","ping_status":"closed","template":"","meta":{"_glsr_average":0,"_glsr_ranking":0,"_glsr_reviews":0},"product_brand":[502],"product_cat":[385],"product_tag":[333,199,440],"class_list":{"0":"post-24490","1":"product","2":"type-product","3":"status-publish","4":"has-post-thumbnail","6":"product_brand-axami","7":"product_cat-stringid-puksikud","8":"product_tag-axami","9":"product_tag-roosa-naiste-pesu","10":"product_tag-summer-love","11":"pa_suurus-l","12":"pa_suurus-m","13":"pa_suurus-s","14":"pa_suurus-xl","15":"pa_varvus-roosa","17":"first","18":"instock","19":"sold-individually","20":"taxable","21":"shipping-taxable","22":"purchasable","23":"product-type-variable"},"_links":{"self":[{"href":"https:\/\/pesu24.ee\/en\/wp-json\/wp\/v2\/product\/24490","targetHints":{"allow":["GET"]}}],"collection":[{"href":"https:\/\/pesu24.ee\/en\/wp-json\/wp\/v2\/product"}],"about":[{"href":"https:\/\/pesu24.ee\/en\/wp-json\/wp\/v2\/types\/product"}],"replies":[{"embeddable":true,"href":"https:\/\/pesu24.ee\/en\/wp-json\/wp\/v2\/comments?post=24490"}],"wp:featuredmedia":[{"embeddable":true,"href":"https:\/\/pesu24.ee\/en\/wp-json\/wp\/v2\/media\/24316"}],"wp:attachment":[{"href":"https:\/\/pesu24.ee\/en\/wp-json\/wp\/v2\/media?parent=24490"}],"wp:term":[{"taxonomy":"product_brand","embeddable":true,"href":"https:\/\/pesu24.ee\/en\/wp-json\/wp\/v2\/product_brand?post=24490"},{"taxonomy":"product_cat","embeddable":true,"href":"https:\/\/pesu24.ee\/en\/wp-json\/wp\/v2\/product_cat?post=24490"},{"taxonomy":"product_tag","embeddable":true,"href":"https:\/\/pesu24.ee\/en\/wp-json\/wp\/v2\/product_tag?post=24490"}],"curies":[{"name":"wp","href":"https:\/\/api.w.org\/{rel}","templated":true}]}}