{"id":24492,"date":"2025-08-19T00:05:49","date_gmt":"2025-08-18T21:05:49","guid":{"rendered":"https:\/\/pesu24.ee\/?post_type=product&#038;p=24492"},"modified":"2025-08-21T14:33:24","modified_gmt":"2025-08-21T11:33:24","slug":"puksikud-axami-v-9513","status":"publish","type":"product","link":"https:\/\/pesu24.ee\/en\/stringid-puksikud\/puksikud-axami-v-9513\/","title":{"rendered":"P\u00fcksikud Axami V-9513"},"content":{"rendered":"<p><strong>Fantastiliselt kerged ja t\u00e4iuslikult l\u00f5ikega p\u00fcksikud, mille kuldne s\u00e4rav tikand v\u00f5lub \u00f5itsva sensuaalsusega. Need t\u00e4iendavad imelist <a href=\"https:\/\/pesu24.ee\/en\/omadus\/summer-love\/\">Summer Love pesukollektsiooni<\/a>, tuues toovad kaunilt esile naiseliku keha.<\/strong><\/p>\n<p>P\u00fcksikud valimistatud \u00f5rnast puuderroosast t\u00fcllist, mis kaunistatud rikkaliku kuldse tikandiga kaunistatud. V\u00e4ga mugav kanda, meeldiv keha vastas tunda ja m\u00f5nus puudutada.<\/p>\n<p><span style=\"color: #008000;\"><strong>OMADUSED<\/strong><\/span><\/p>\n<ul>\n<li>komplektis puuderroosad stringid<\/li>\n<li>elastsest ja kvaliteetsest kangast<\/li>\n<li>mugav kanda, m\u00f5nus keha vastas tunda<\/li>\n<\/ul>\n<p>P\u00fcksikud sobivad kokku tootefotodel olevate push-up <a href=\"https:\/\/pesu24.ee\/en\/topid-rinnahoidjad\/push-up-rinnahoidja-axami-v-9511\/\">rinnahoidjaga V-9511<\/a> v\u00f5i pehme <a href=\"https:\/\/pesu24.ee\/en\/topid-rinnahoidjad\/pehme-rinnahoidja-axami-v-9521\/\">rinnahoidjaga V-9521<\/a>. T\u00e4iusliku komplekti saamiseks lisada juurde ka sama kollektsiooni <a href=\"https:\/\/pesu24.ee\/en\/aksessuaarid\/sukahoidja-axami-v-9522\/\">sukahoidja V-9522<\/a>.<\/p>","protected":false},"excerpt":{"rendered":"<p>&#46;&#46;&#46;<\/p>","protected":false},"featured_media":24333,"comment_status":"open","ping_status":"closed","template":"","meta":{"_glsr_average":0,"_glsr_ranking":0,"_glsr_reviews":0},"product_brand":[502],"product_cat":[385],"product_tag":[333,199,440],"class_list":{"0":"post-24492","1":"product","2":"type-product","3":"status-publish","4":"has-post-thumbnail","6":"product_brand-axami","7":"product_cat-stringid-puksikud","8":"product_tag-axami","9":"product_tag-roosa-naiste-pesu","10":"product_tag-summer-love","11":"pa_suurus-l","12":"pa_suurus-m","13":"pa_suurus-s","14":"pa_varvus-roosa","16":"first","17":"instock","18":"sold-individually","19":"taxable","20":"shipping-taxable","21":"purchasable","22":"product-type-variable"},"_links":{"self":[{"href":"https:\/\/pesu24.ee\/en\/wp-json\/wp\/v2\/product\/24492","targetHints":{"allow":["GET"]}}],"collection":[{"href":"https:\/\/pesu24.ee\/en\/wp-json\/wp\/v2\/product"}],"about":[{"href":"https:\/\/pesu24.ee\/en\/wp-json\/wp\/v2\/types\/product"}],"replies":[{"embeddable":true,"href":"https:\/\/pesu24.ee\/en\/wp-json\/wp\/v2\/comments?post=24492"}],"wp:featuredmedia":[{"embeddable":true,"href":"https:\/\/pesu24.ee\/en\/wp-json\/wp\/v2\/media\/24333"}],"wp:attachment":[{"href":"https:\/\/pesu24.ee\/en\/wp-json\/wp\/v2\/media?parent=24492"}],"wp:term":[{"taxonomy":"product_brand","embeddable":true,"href":"https:\/\/pesu24.ee\/en\/wp-json\/wp\/v2\/product_brand?post=24492"},{"taxonomy":"product_cat","embeddable":true,"href":"https:\/\/pesu24.ee\/en\/wp-json\/wp\/v2\/product_cat?post=24492"},{"taxonomy":"product_tag","embeddable":true,"href":"https:\/\/pesu24.ee\/en\/wp-json\/wp\/v2\/product_tag?post=24492"}],"curies":[{"name":"wp","href":"https:\/\/api.w.org\/{rel}","templated":true}]}}