{"id":24495,"date":"2025-08-19T00:05:49","date_gmt":"2025-08-18T21:05:49","guid":{"rendered":"https:\/\/pesu24.ee\/?post_type=product&#038;p=24495"},"modified":"2025-11-05T13:31:32","modified_gmt":"2025-11-05T10:31:32","slug":"brasiilia-stringid-axami-v-9535","status":"publish","type":"product","link":"https:\/\/pesu24.ee\/en\/stringid-puksikud\/brasiilia-stringid-axami-v-9535\/","title":{"rendered":"Brasiilia stringid Axami V-9535"},"content":{"rendered":"<p><strong>Brasiilia stringid Axami V-9535 on asendamatud sama komplekti V-9531 rinnahoidjaga, mis \u00fchtlasi kuuluvad <a href=\"https:\/\/pesu24.ee\/en\/omadus\/summer-love\/\">Summer Love pesukollektsiooni<\/a>. Valmistatud tumepunasest kangast, millel on traditsiooniline ja t\u00e4iuslik l\u00f5ige r\u00f5hutamaks tuharaid.\u00a0<\/strong><\/p>\n<p>Kvaliteetne pits, millel on mugavuse tagamiseks puuvillane kate. Elastne kangas sobitub ideaalselt iga kehat\u00fc\u00fcbiga ja on v\u00e4ga mugav kanda.<\/p>\n<p><span style=\"color: #008000;\"><strong>OMADUS<\/strong><\/span><\/p>\n<ul>\n<li>komplektis tumepunased stringid<\/li>\n<li>kvaliteetne pits, kaetud puuvillaga<\/li>\n<li>elastne kangas, ideaalne sobivus<\/li>\n<li>saadaval ka valget v\u00e4rvi (tutvu stringidega <a href=\"https:\/\/pesu24.ee\/en\/stringid-puksikud\/brasiilia-stringid-axami-v-9545\/\">Axami V-9545<\/a>)<\/li>\n<\/ul>\n<p>Axami V-9535 punaste stringidega sobib kokku tootefotodel olev sama komplekti punane rinnahoidja <a href=\"https:\/\/pesu24.ee\/en\/topid-rinnahoidjad\/rinnahoidja-axami-v-9531\/\">Axami V-9531<\/a> ja sukad <a href=\"https:\/\/pesu24.ee\/en\/sukad\/isehoidvad-punased-sukad-axami-v-7084\/\">Axami V-7084<\/a>.<\/p>\n<p>Peale selle stringid ja rinnahoidja on saadaval ka valget v\u00e4rvi. Selleks tutvu valgete brasiilia stringidega <a href=\"https:\/\/pesu24.ee\/en\/stringid-puksikud\/brasiilia-stringid-axami-v-9545\/\">Axami V-9545<\/a> ja rinnahoidjaga <a href=\"https:\/\/pesu24.ee\/en\/topid-rinnahoidjad\/rinnahoidja-axami-v-9541\/\">Axami V-9541<\/a>.<\/p>","protected":false},"excerpt":{"rendered":"<p>&#46;&#46;&#46;<\/p>","protected":false},"featured_media":24361,"comment_status":"open","ping_status":"closed","template":"","meta":{"_glsr_average":0,"_glsr_ranking":0,"_glsr_reviews":0},"product_brand":[502],"product_cat":[385],"product_tag":[333,440],"class_list":{"0":"post-24495","1":"product","2":"type-product","3":"status-publish","4":"has-post-thumbnail","6":"product_brand-axami","7":"product_cat-stringid-puksikud","8":"product_tag-axami","9":"product_tag-summer-love","10":"pa_suurus-l","11":"pa_suurus-m","12":"pa_suurus-s","13":"pa_suurus-xl","14":"pa_varvus-punane","16":"first","17":"instock","18":"sold-individually","19":"taxable","20":"shipping-taxable","21":"purchasable","22":"product-type-variable"},"_links":{"self":[{"href":"https:\/\/pesu24.ee\/en\/wp-json\/wp\/v2\/product\/24495","targetHints":{"allow":["GET"]}}],"collection":[{"href":"https:\/\/pesu24.ee\/en\/wp-json\/wp\/v2\/product"}],"about":[{"href":"https:\/\/pesu24.ee\/en\/wp-json\/wp\/v2\/types\/product"}],"replies":[{"embeddable":true,"href":"https:\/\/pesu24.ee\/en\/wp-json\/wp\/v2\/comments?post=24495"}],"wp:featuredmedia":[{"embeddable":true,"href":"https:\/\/pesu24.ee\/en\/wp-json\/wp\/v2\/media\/24361"}],"wp:attachment":[{"href":"https:\/\/pesu24.ee\/en\/wp-json\/wp\/v2\/media?parent=24495"}],"wp:term":[{"taxonomy":"product_brand","embeddable":true,"href":"https:\/\/pesu24.ee\/en\/wp-json\/wp\/v2\/product_brand?post=24495"},{"taxonomy":"product_cat","embeddable":true,"href":"https:\/\/pesu24.ee\/en\/wp-json\/wp\/v2\/product_cat?post=24495"},{"taxonomy":"product_tag","embeddable":true,"href":"https:\/\/pesu24.ee\/en\/wp-json\/wp\/v2\/product_tag?post=24495"}],"curies":[{"name":"wp","href":"https:\/\/api.w.org\/{rel}","templated":true}]}}