{"id":24497,"date":"2025-08-19T00:05:49","date_gmt":"2025-08-18T21:05:49","guid":{"rendered":"https:\/\/pesu24.ee\/?post_type=product&#038;p=24497"},"modified":"2025-08-21T14:27:41","modified_gmt":"2025-08-21T11:27:41","slug":"roosad-stringid-axami-v-9558","status":"publish","type":"product","link":"https:\/\/pesu24.ee\/en\/stringid-puksikud\/roosad-stringid-axami-v-9558\/","title":{"rendered":"Roosad stringid Axami V-9558"},"content":{"rendered":"<p><strong>Summer Love pesukollektsiooni kuuluvad Axami V-9558 ahvatleva stringid t\u00f5mbavad pilke oma ebatavalise v\u00e4rvi ja kangastruktuuriga. L\u00e4bipaistev, romantiline ja sensuaalne. <\/strong><\/p>\n<p>Samal ajal on see ideaalne t\u00e4iendus tootefotodel olevale poolkorsetile <a href=\"https:\/\/pesu24.ee\/en\/topid-rinnahoidjad\/pehme-poolkorsett-rinnahoidja-axami-v-9551\/\">Axami V-9551<\/a> ja sukahoidjale <a href=\"https:\/\/pesu24.ee\/en\/sukahoidjad\/punane-sukahoidja-axami-v-9552\/\">Axami V-9552<\/a> ning bee\u017eidele sukkadele <a href=\"https:\/\/pesu24.ee\/en\/sukad\/isehoidvad-beezid-sukad-axami-v-9644\/\">Axami V-9644<\/a>.<\/p>\n<p><span style=\"color: #008000;\"><strong>OMADUSED<\/strong><\/span><\/p>\n<ul>\n<li>komplektis punakad stringid<\/li>\n<li>elastsest ja kvaliteetsest kangast<\/li>\n<li>suurused S kuni XL<\/li>\n<li>6% puuvill, 16% elastaan, 78% pol\u00fcamiid<\/li>\n<\/ul>\n<p>Kui sobilikku suurust ei ole men\u00fc\u00fcs, siis v\u00f5tke julgelt meiega \u00fchendust online chati v\u00f5i e-maili teel support@pesu24.ee ja anname teada, millal sobilik suurus lattu j\u00f5uab.<\/p>","protected":false},"excerpt":{"rendered":"<p>&#46;&#46;&#46;<\/p>","protected":false},"featured_media":24379,"comment_status":"open","ping_status":"closed","template":"","meta":{"_glsr_average":0,"_glsr_ranking":0,"_glsr_reviews":0},"product_brand":[502],"product_cat":[385],"product_tag":[333,440],"class_list":{"0":"post-24497","1":"product","2":"type-product","3":"status-publish","4":"has-post-thumbnail","6":"product_brand-axami","7":"product_cat-stringid-puksikud","8":"product_tag-axami","9":"product_tag-summer-love","10":"pa_suurus-l","11":"pa_suurus-m","12":"pa_suurus-s","13":"pa_suurus-xl","14":"pa_varvus-roosa","16":"first","17":"instock","18":"sold-individually","19":"taxable","20":"shipping-taxable","21":"purchasable","22":"product-type-variable"},"_links":{"self":[{"href":"https:\/\/pesu24.ee\/en\/wp-json\/wp\/v2\/product\/24497","targetHints":{"allow":["GET"]}}],"collection":[{"href":"https:\/\/pesu24.ee\/en\/wp-json\/wp\/v2\/product"}],"about":[{"href":"https:\/\/pesu24.ee\/en\/wp-json\/wp\/v2\/types\/product"}],"replies":[{"embeddable":true,"href":"https:\/\/pesu24.ee\/en\/wp-json\/wp\/v2\/comments?post=24497"}],"wp:featuredmedia":[{"embeddable":true,"href":"https:\/\/pesu24.ee\/en\/wp-json\/wp\/v2\/media\/24379"}],"wp:attachment":[{"href":"https:\/\/pesu24.ee\/en\/wp-json\/wp\/v2\/media?parent=24497"}],"wp:term":[{"taxonomy":"product_brand","embeddable":true,"href":"https:\/\/pesu24.ee\/en\/wp-json\/wp\/v2\/product_brand?post=24497"},{"taxonomy":"product_cat","embeddable":true,"href":"https:\/\/pesu24.ee\/en\/wp-json\/wp\/v2\/product_cat?post=24497"},{"taxonomy":"product_tag","embeddable":true,"href":"https:\/\/pesu24.ee\/en\/wp-json\/wp\/v2\/product_tag?post=24497"}],"curies":[{"name":"wp","href":"https:\/\/api.w.org\/{rel}","templated":true}]}}