{"id":24661,"date":"2025-08-19T00:06:06","date_gmt":"2025-08-18T21:06:06","guid":{"rendered":"https:\/\/pesu24.ee\/?post_type=product&#038;p=24661"},"modified":"2025-12-15T16:17:13","modified_gmt":"2025-12-15T13:17:13","slug":"stringid-obsessive-celia-noir","status":"publish","type":"product","link":"https:\/\/pesu24.ee\/en\/stringid-puksikud\/stringid-obsessive-celia-noir\/","title":{"rendered":"Stringid Obsessive Celia Noir"},"content":{"rendered":"<p>Obsessive Celia Noir on sensuaalsed ja kaunid stringit, mis on loodud naise keha kaunilt esile tooma ja unustamatu mulje j\u00e4tma. Stringid on valmistatud pehmest ja kvaliteetsest materjalist, mis on tagant kaunistatud \u00f5rnade lilledega.<\/p>\n<p>Tegemist on klassikalise stringide l\u00f5ikega, mis r\u00f5hutab naise keha k\u00f5ige ilusamaid jooni ning loob sensuaalse ja ahvatleva ilme. Obsessive Celia Noir stringe saab kombineerida teiste komplekti kuuluvate toodetega.<\/p>\n<p>Tutvuge ka teiste <a href=\"https:\/\/pesu24.ee\/en\/omadus\/celia-noir\/\">Obsessive Celia Noir toodetega.<\/a><\/p>\n<p><span style=\"color: #008000;\"><strong>KOMPLEKT SISALDAB:<\/strong><\/span><\/p>\n<ul>\n<li>stringid<\/li>\n<\/ul>\n<p><span style=\"color: #008000;\"><strong>DETAILS:<\/strong><\/span><\/p>\n<ul>\n<li>valmistatud l\u00e4bikumavast v\u00f5rkkangast<\/li>\n<li>tagant kaunistatud lillelise pitsiga<\/li>\n<li>ees l\u00e4ikiv ripats<\/li>\n<li>mugav ning elastne kangas (94% pol\u00fcamiid, 6% elastaan)<\/li>\n<\/ul>","protected":false},"excerpt":{"rendered":"<ul>\n<li>v\u00f5rgutavad mustad avatud stringid<\/li>\n<li>kaunistatud geomeetrilise pitsiga<\/li>\n<li>ees kena v\u00e4ike ehe<\/li>\n<li>mugav ning elastne materjal (90% pol\u00fcamiid, 10% elastaan)<\/li>\n<\/ul>","protected":false},"featured_media":24395,"comment_status":"open","ping_status":"closed","template":"","meta":{"_glsr_average":0,"_glsr_ranking":0,"_glsr_reviews":0},"product_brand":[500],"product_cat":[385],"product_tag":[441,160],"class_list":{"0":"post-24661","1":"product","2":"type-product","3":"status-publish","4":"has-post-thumbnail","6":"product_brand-obsessive","7":"product_cat-stringid-puksikud","8":"product_tag-celia-noir","9":"product_tag-obsessive","10":"pa_suurus-m-l","11":"pa_suurus-xl-xxl","12":"pa_suurus-xs-s","13":"pa_varvus-must","15":"first","16":"instock","17":"sold-individually","18":"taxable","19":"shipping-taxable","20":"purchasable","21":"product-type-variable"},"_links":{"self":[{"href":"https:\/\/pesu24.ee\/en\/wp-json\/wp\/v2\/product\/24661","targetHints":{"allow":["GET"]}}],"collection":[{"href":"https:\/\/pesu24.ee\/en\/wp-json\/wp\/v2\/product"}],"about":[{"href":"https:\/\/pesu24.ee\/en\/wp-json\/wp\/v2\/types\/product"}],"replies":[{"embeddable":true,"href":"https:\/\/pesu24.ee\/en\/wp-json\/wp\/v2\/comments?post=24661"}],"wp:featuredmedia":[{"embeddable":true,"href":"https:\/\/pesu24.ee\/en\/wp-json\/wp\/v2\/media\/24395"}],"wp:attachment":[{"href":"https:\/\/pesu24.ee\/en\/wp-json\/wp\/v2\/media?parent=24661"}],"wp:term":[{"taxonomy":"product_brand","embeddable":true,"href":"https:\/\/pesu24.ee\/en\/wp-json\/wp\/v2\/product_brand?post=24661"},{"taxonomy":"product_cat","embeddable":true,"href":"https:\/\/pesu24.ee\/en\/wp-json\/wp\/v2\/product_cat?post=24661"},{"taxonomy":"product_tag","embeddable":true,"href":"https:\/\/pesu24.ee\/en\/wp-json\/wp\/v2\/product_tag?post=24661"}],"curies":[{"name":"wp","href":"https:\/\/api.w.org\/{rel}","templated":true}]}}