{"id":24662,"date":"2025-08-19T00:06:06","date_gmt":"2025-08-18T21:06:06","guid":{"rendered":"https:\/\/pesu24.ee\/?post_type=product&#038;p=24662"},"modified":"2025-08-21T15:16:59","modified_gmt":"2025-08-21T12:16:59","slug":"stringid-obsessive-heavenlly","status":"publish","type":"product","link":"https:\/\/pesu24.ee\/en\/stringid-puksikud\/stringid-obsessive-heavenlly\/","title":{"rendered":"Stringid Obsessive Heavenlly"},"content":{"rendered":"<p>Obsessive Heavenlly stringid on sensuaalne ja v\u00f5rgutav pesuvalik, mis paneb teid tundma end \u00fclimalt naiselikuna. Need stringid on valmistatud kvaliteetsest ja pehmest materjalist, mis tagab mugavuse ja vastupidavuse.<\/p>\n<p>Heavenlly stringidel on \u00f5rnalt l\u00e4bipaistev ja keha\u00fcmberm\u00f5\u00f5tu r\u00f5hutav l\u00f5ige, mis toob esile teie k\u00f5ige v\u00f5rgutavamad kohad. Need on kaunistatud detailse pitsiga, mis annab neile luksusliku ja ahvatleva ilme. Stringide \u00f5hukesed k\u00fcljepaelad ja madal v\u00f6\u00f6koht lisavad neile pilkup\u00fc\u00fcdva v\u00e4limuse.<\/p>\n<p>Obsessive Heavenlly stringid on saadaval erinevates suurustes, v\u00f5imaldades teil leida t\u00e4pselt teie kehakujule ja stiilieelistustele sobiva paari. Need on ideaalsed kaaslased romantilisteks \u00f5htuteks v\u00f5i erilisteks hetkedeks, r\u00f5hutades teie naiselikkust ja v\u00f5rgutavust.<\/p>\n<p>Olles nii mugavad, annavad Obsessive Heavenlly stringid teile v\u00f5imaluse tunda end enesekindlalt ja atraktiivselt igas olukorras. Need stringid t\u00e4iendavad teie esukollektsiooni, pakkudes teile v\u00f5imalust v\u00e4ljendada oma sisemist v\u00f5rgutajat ja looma unustamatuid hetki.<\/p>\n<p>Tutvuge ka teiste Obsessive Heavenlly pesukollektsiooni toodetega.<\/p>\n<p><span style=\"color: #008000;\"><strong>KOMPLEKT SISALDAB:<\/strong><\/span><\/p>\n<ul>\n<li>stringid<\/li>\n<\/ul>\n<p><span style=\"color: #008000;\"><strong>DETAILS:<\/strong><\/span><\/p>\n<ul>\n<li>naiseliku l\u00f5ikega<\/li>\n<li>ees ripaks<\/li>\n<li>pits kombineeritud v\u00f5rguga<\/li>\n<li>detailirohke<\/li>\n<li>mugav &amp; elastne kangas (90% pol\u00fcamiid &amp; 10% elastaan)<\/li>\n<\/ul>\n<p><span style=\"color: #008000;\"><strong>VIDEO<\/strong><\/span><\/p>\n<div class=\"video-container\"><iframe loading=\"lazy\" title=\"KR\u00c1SN\u00c1 TANGA HEAVENLLY THONG - OBSESSIVE\" width=\"500\" height=\"281\" src=\"https:\/\/www.youtube.com\/embed\/7xQrFnsodoQ?feature=oembed&#038;wmode=opaque\" frameborder=\"0\" allow=\"accelerometer; autoplay; clipboard-write; encrypted-media; gyroscope; picture-in-picture; web-share\" referrerpolicy=\"strict-origin-when-cross-origin\" allowfullscreen><\/iframe><\/div>","protected":false},"excerpt":{"rendered":"<p>&#46;&#46;&#46;<\/p>","protected":false},"featured_media":24404,"comment_status":"open","ping_status":"closed","template":"","meta":{"_glsr_average":0,"_glsr_ranking":0,"_glsr_reviews":0},"product_brand":[500],"product_cat":[385],"product_tag":[443,160],"class_list":{"0":"post-24662","1":"product","2":"type-product","3":"status-publish","4":"has-post-thumbnail","6":"product_brand-obsessive","7":"product_cat-stringid-puksikud","8":"product_tag-heavenlly","9":"product_tag-obsessive","10":"pa_suurus-m-l","11":"pa_suurus-xl-xxl","12":"pa_suurus-xs-s","13":"pa_varvus-valge","15":"first","16":"instock","17":"sold-individually","18":"taxable","19":"shipping-taxable","20":"purchasable","21":"product-type-variable"},"_links":{"self":[{"href":"https:\/\/pesu24.ee\/en\/wp-json\/wp\/v2\/product\/24662","targetHints":{"allow":["GET"]}}],"collection":[{"href":"https:\/\/pesu24.ee\/en\/wp-json\/wp\/v2\/product"}],"about":[{"href":"https:\/\/pesu24.ee\/en\/wp-json\/wp\/v2\/types\/product"}],"replies":[{"embeddable":true,"href":"https:\/\/pesu24.ee\/en\/wp-json\/wp\/v2\/comments?post=24662"}],"wp:featuredmedia":[{"embeddable":true,"href":"https:\/\/pesu24.ee\/en\/wp-json\/wp\/v2\/media\/24404"}],"wp:attachment":[{"href":"https:\/\/pesu24.ee\/en\/wp-json\/wp\/v2\/media?parent=24662"}],"wp:term":[{"taxonomy":"product_brand","embeddable":true,"href":"https:\/\/pesu24.ee\/en\/wp-json\/wp\/v2\/product_brand?post=24662"},{"taxonomy":"product_cat","embeddable":true,"href":"https:\/\/pesu24.ee\/en\/wp-json\/wp\/v2\/product_cat?post=24662"},{"taxonomy":"product_tag","embeddable":true,"href":"https:\/\/pesu24.ee\/en\/wp-json\/wp\/v2\/product_tag?post=24662"}],"curies":[{"name":"wp","href":"https:\/\/api.w.org\/{rel}","templated":true}]}}