{"id":24663,"date":"2025-08-19T00:06:06","date_gmt":"2025-08-18T21:06:06","guid":{"rendered":"https:\/\/pesu24.ee\/?post_type=product&#038;p=24663"},"modified":"2025-08-21T15:17:08","modified_gmt":"2025-08-21T12:17:08","slug":"puksikud-obsessive-heavenlly","status":"publish","type":"product","link":"https:\/\/pesu24.ee\/en\/stringid-puksikud\/puksikud-obsessive-heavenlly\/","title":{"rendered":"P\u00fcksikud Obsessive Heavenlly"},"content":{"rendered":"<p>Obsessive Heavenlly p\u00fcksikud on kaunid ja elegantne pesuvalik, mis \u00fchendavad mugavuse ja sensuaalsuse. Need p\u00fcksikud on valmistatud pehmest ja kvaliteetsest materjalist, tagades suurep\u00e4rase sobivuse ja kandmismugavuse.<\/p>\n<p>Heavenlly p\u00fcksikutel on klassikaline l\u00f5ige, mis pakub keskmist katvust ja r\u00f5hutab teie keha kumerusi. Need on kaunistatud detailse pitsiga, mis annab neile luksusliku ja ahvatleva puudutuse. P\u00fcksikute elastne \u00e4\u00e4r tagab mugavuse ning tagab, et need p\u00fcsivad kindlalt paigas.<\/p>\n<p>Obsessive Heavenlly p\u00fcksikud on saadaval erinevates suurustes, v\u00f5imaldades teil leida t\u00e4pselt teie kehakujule ja maitsele sobiva paari. Need on ideaalsed igap\u00e4evaseks kandmiseks v\u00f5i erilisteks hetkedeks, pakkudes teile mugavust ja enesekindlust.<\/p>\n<p>Olles nii stiilsed kui ka mugavad, annavad Obsessive Heavenlly p\u00fcksikud teile v\u00f5imaluse tunda end enesekindlalt ja v\u00f5rgutavalt igas olukorras. Need p\u00fcksikud t\u00e4iustavad teie pesukollektsiooni, olles elegantsed ja samal ajal praktilised.<\/p>\n<p>Tutvuge ka teiste Obsessive Heavenlly pesukollektsiooni toodetega.<\/p>\n<p><span style=\"color: #008000;\"><strong>KOMPLEKT SISALDAB:<\/strong><\/span><\/p>\n<ul>\n<li>p\u00fcksikud<\/li>\n<\/ul>\n<p><span style=\"color: #008000;\"><strong>DETAILS:<\/strong><\/span><\/p>\n<ul>\n<li>aegumatu disainiga<\/li>\n<li>ees ripats<\/li>\n<li>v\u00e4ga mugavad<\/li>\n<li>mugav &amp; elastne kangas (90% pol\u00fcamiid &amp; 10% elastaan)<\/li>\n<\/ul>\n<p><span style=\"color: #008000;\"><strong>VIDEO<\/strong><\/span><\/p>\n<div class=\"video-container\"><iframe loading=\"lazy\" title=\"KOKETN\u00cd KALHOTKY HEAVENLLY PANTIES - OBSESSIVE\" width=\"500\" height=\"281\" src=\"https:\/\/www.youtube.com\/embed\/Paxs7TShP2w?feature=oembed&#038;wmode=opaque\" frameborder=\"0\" allow=\"accelerometer; autoplay; clipboard-write; encrypted-media; gyroscope; picture-in-picture; web-share\" referrerpolicy=\"strict-origin-when-cross-origin\" allowfullscreen><\/iframe><\/div>","protected":false},"excerpt":{"rendered":"<p>&#46;&#46;&#46;<\/p>","protected":false},"featured_media":24411,"comment_status":"open","ping_status":"closed","template":"","meta":{"_glsr_average":0,"_glsr_ranking":0,"_glsr_reviews":0},"product_brand":[500],"product_cat":[385],"product_tag":[443,160],"class_list":{"0":"post-24663","1":"product","2":"type-product","3":"status-publish","4":"has-post-thumbnail","6":"product_brand-obsessive","7":"product_cat-stringid-puksikud","8":"product_tag-heavenlly","9":"product_tag-obsessive","10":"pa_suurus-m-l","11":"pa_suurus-xl-xxl","12":"pa_suurus-xs-s","13":"pa_varvus-valge","15":"first","16":"instock","17":"sold-individually","18":"taxable","19":"shipping-taxable","20":"purchasable","21":"product-type-variable"},"_links":{"self":[{"href":"https:\/\/pesu24.ee\/en\/wp-json\/wp\/v2\/product\/24663","targetHints":{"allow":["GET"]}}],"collection":[{"href":"https:\/\/pesu24.ee\/en\/wp-json\/wp\/v2\/product"}],"about":[{"href":"https:\/\/pesu24.ee\/en\/wp-json\/wp\/v2\/types\/product"}],"replies":[{"embeddable":true,"href":"https:\/\/pesu24.ee\/en\/wp-json\/wp\/v2\/comments?post=24663"}],"wp:featuredmedia":[{"embeddable":true,"href":"https:\/\/pesu24.ee\/en\/wp-json\/wp\/v2\/media\/24411"}],"wp:attachment":[{"href":"https:\/\/pesu24.ee\/en\/wp-json\/wp\/v2\/media?parent=24663"}],"wp:term":[{"taxonomy":"product_brand","embeddable":true,"href":"https:\/\/pesu24.ee\/en\/wp-json\/wp\/v2\/product_brand?post=24663"},{"taxonomy":"product_cat","embeddable":true,"href":"https:\/\/pesu24.ee\/en\/wp-json\/wp\/v2\/product_cat?post=24663"},{"taxonomy":"product_tag","embeddable":true,"href":"https:\/\/pesu24.ee\/en\/wp-json\/wp\/v2\/product_tag?post=24663"}],"curies":[{"name":"wp","href":"https:\/\/api.w.org\/{rel}","templated":true}]}}