{"id":24664,"date":"2025-08-19T00:06:06","date_gmt":"2025-08-18T21:06:06","guid":{"rendered":"https:\/\/pesu24.ee\/?post_type=product&#038;p=24664"},"modified":"2026-01-04T17:58:55","modified_gmt":"2026-01-04T14:58:55","slug":"avatud-stringid-obsessive-heavenlly","status":"publish","type":"product","link":"https:\/\/pesu24.ee\/en\/stringid-puksikud\/avatud-stringid-obsessive-heavenlly\/","title":{"rendered":"Avatud stringid Obsessive Heavenlly"},"content":{"rendered":"<p>Obsessive Heavenlly avatud stringid on \u00e4\u00e4rmiselt sensuaalne ja intrigeeriv pesuvalik, mis loob lummava v\u00f5rgutava atmosf\u00e4\u00e4ri. Need stringid on valmistatud pehmest ja kvaliteetsest materjalist, mis tagab kandmismugavuse ja vastupidavuse.<\/p>\n<p>Heavenlly avatud stringidel on unikaalne l\u00f5ige, mis paljastab erogeensed piirkonnad, j\u00e4ttes samas midagi fantaasiatele ja m\u00e4ngulisusele. Need on kaunistatud detailse pitsiga, mis annab neile luksusliku ja ahvatleva v\u00e4ljan\u00e4gemise. Stringide \u00f5hukesed k\u00fcljepaelad ja vallatu avaus lisavad neile eriti k\u00fctkestava ja pilkup\u00fc\u00fcdva puudutuse.<\/p>\n<p>Obsessive Heavenlly avatud stringid on saadaval erinevates suurustes, v\u00f5imaldades teil leida t\u00e4pselt teie kehakujule ja stiilieelistustele sobiva paari. Need on ideaalsed kaaslased erilisteks \u00f5htuteks v\u00f5i sensuaalseteks hetkedeks, andes teile v\u00f5imaluse vallandada oma sisemine v\u00f5rgutaja.<\/p>\n<p>Olles nii mugavad kui ka naiselikud, annavad Obsessive Heavenlly avatud stringid teile enesekindluse ja enesev\u00e4ljenduse v\u00f5imaluse igas olukorras. Need stringid t\u00e4iustavad teie pesukollektsiooni, pakkudes sulle v\u00f5imalust l\u00f5butseda ja m\u00e4ngida oma partneriga, lootes unustamatuid ja erutavaid hetki.<\/p>\n<p>Tutvuge ka teiste Obsessive Heavenlly pesukollektsiooni toodetega.<\/p>\n<p><span style=\"color: #008000;\"><strong>KOMPLEKT SISALDAB:<\/strong><\/span><\/p>\n<ul>\n<li>avatud stringid<\/li>\n<\/ul>\n<p><span style=\"color: #008000;\"><strong>DETAILS:<\/strong><\/span><\/p>\n<ul>\n<li>avatud jalgevahega stringid<\/li>\n<li>kaunistatud pitsiga<\/li>\n<li>ees ripats<\/li>\n<li>r\u00f5hutab teie tuharaid<\/li>\n<li>mugav &amp; elastne kangas (90% pol\u00fcamiid &amp; 10% elastaan)<\/li>\n<\/ul>","protected":false},"excerpt":{"rendered":"<p>&#46;&#46;&#46;<\/p>","protected":false},"featured_media":24420,"comment_status":"open","ping_status":"closed","template":"","meta":{"_glsr_average":0,"_glsr_ranking":0,"_glsr_reviews":0},"product_brand":[500],"product_cat":[385],"product_tag":[392,443,160],"class_list":{"0":"post-24664","1":"product","2":"type-product","3":"status-publish","4":"has-post-thumbnail","6":"product_brand-obsessive","7":"product_cat-stringid-puksikud","8":"product_tag-avatud-stringid","9":"product_tag-heavenlly","10":"product_tag-obsessive","11":"pa_suurus-m-l","12":"pa_suurus-xl-xxl","13":"pa_suurus-xs-s","14":"pa_varvus-valge","16":"first","17":"instock","18":"sold-individually","19":"taxable","20":"shipping-taxable","21":"purchasable","22":"product-type-variable"},"_links":{"self":[{"href":"https:\/\/pesu24.ee\/en\/wp-json\/wp\/v2\/product\/24664","targetHints":{"allow":["GET"]}}],"collection":[{"href":"https:\/\/pesu24.ee\/en\/wp-json\/wp\/v2\/product"}],"about":[{"href":"https:\/\/pesu24.ee\/en\/wp-json\/wp\/v2\/types\/product"}],"replies":[{"embeddable":true,"href":"https:\/\/pesu24.ee\/en\/wp-json\/wp\/v2\/comments?post=24664"}],"wp:featuredmedia":[{"embeddable":true,"href":"https:\/\/pesu24.ee\/en\/wp-json\/wp\/v2\/media\/24420"}],"wp:attachment":[{"href":"https:\/\/pesu24.ee\/en\/wp-json\/wp\/v2\/media?parent=24664"}],"wp:term":[{"taxonomy":"product_brand","embeddable":true,"href":"https:\/\/pesu24.ee\/en\/wp-json\/wp\/v2\/product_brand?post=24664"},{"taxonomy":"product_cat","embeddable":true,"href":"https:\/\/pesu24.ee\/en\/wp-json\/wp\/v2\/product_cat?post=24664"},{"taxonomy":"product_tag","embeddable":true,"href":"https:\/\/pesu24.ee\/en\/wp-json\/wp\/v2\/product_tag?post=24664"}],"curies":[{"name":"wp","href":"https:\/\/api.w.org\/{rel}","templated":true}]}}