{"id":24667,"date":"2025-08-19T00:06:06","date_gmt":"2025-08-18T21:06:06","guid":{"rendered":"https:\/\/pesu24.ee\/?post_type=product&#038;p=24667"},"modified":"2025-08-21T20:01:24","modified_gmt":"2025-08-21T17:01:24","slug":"puksikud-obsessive-maderris","status":"publish","type":"product","link":"https:\/\/pesu24.ee\/en\/stringid-puksikud\/puksikud-obsessive-maderris\/","title":{"rendered":"Stringid Obsessive Maderris"},"content":{"rendered":"<p>Obsessive Maderris on klassikalise l\u00f5ikega stringid. Ideaalne valik igaks s\u00fcndmuseks. Intrigeeriv pits ja ahvatlev l\u00f5ige r\u00f5hutavad naiselikke vorme ning toovad esile teie imelise figuuri.<\/p>\n<p>Tutvuge ka teiste <a href=\"https:\/\/pesu24.ee\/en\/omadus\/obsessive-maderris\/\">Obsessive Maderris<\/a> pesukollektsiooni toodetega.<\/p>\n<div class=\"omadused\">\n<h3>Omadused<\/h3>\n<ul>\n<li>klassikalised l\u00f5ikega stringid<\/li>\n<li>color black<\/li>\n<li>kaunistatud pitsiga<\/li>\n<li>ees ripats<\/li>\n<li>mugav &amp; elastne kangas (90% pol\u00fcamiid &amp; 10% elastaan)<\/li>\n<\/ul>\n<\/div>","protected":false},"excerpt":{"rendered":"<p>&#46;&#46;&#46;<\/p>","protected":false},"featured_media":24441,"comment_status":"open","ping_status":"closed","template":"","meta":{"_glsr_average":0,"_glsr_ranking":0,"_glsr_reviews":0},"product_brand":[500],"product_cat":[385],"product_tag":[160,448],"class_list":{"0":"post-24667","1":"product","2":"type-product","3":"status-publish","4":"has-post-thumbnail","6":"product_brand-obsessive","7":"product_cat-stringid-puksikud","8":"product_tag-obsessive","9":"product_tag-obsessive-maderris","10":"pa_suurus-m-l","11":"pa_suurus-xl-xxl","12":"pa_suurus-xs-s","13":"pa_varvus-must","15":"first","16":"instock","17":"sold-individually","18":"taxable","19":"shipping-taxable","20":"purchasable","21":"product-type-variable"},"_links":{"self":[{"href":"https:\/\/pesu24.ee\/en\/wp-json\/wp\/v2\/product\/24667","targetHints":{"allow":["GET"]}}],"collection":[{"href":"https:\/\/pesu24.ee\/en\/wp-json\/wp\/v2\/product"}],"about":[{"href":"https:\/\/pesu24.ee\/en\/wp-json\/wp\/v2\/types\/product"}],"replies":[{"embeddable":true,"href":"https:\/\/pesu24.ee\/en\/wp-json\/wp\/v2\/comments?post=24667"}],"wp:featuredmedia":[{"embeddable":true,"href":"https:\/\/pesu24.ee\/en\/wp-json\/wp\/v2\/media\/24441"}],"wp:attachment":[{"href":"https:\/\/pesu24.ee\/en\/wp-json\/wp\/v2\/media?parent=24667"}],"wp:term":[{"taxonomy":"product_brand","embeddable":true,"href":"https:\/\/pesu24.ee\/en\/wp-json\/wp\/v2\/product_brand?post=24667"},{"taxonomy":"product_cat","embeddable":true,"href":"https:\/\/pesu24.ee\/en\/wp-json\/wp\/v2\/product_cat?post=24667"},{"taxonomy":"product_tag","embeddable":true,"href":"https:\/\/pesu24.ee\/en\/wp-json\/wp\/v2\/product_tag?post=24667"}],"curies":[{"name":"wp","href":"https:\/\/api.w.org\/{rel}","templated":true}]}}