{"id":24680,"date":"2025-08-21T00:06:31","date_gmt":"2025-08-20T21:06:31","guid":{"rendered":"https:\/\/pesu24.ee\/?post_type=product&#038;p=24680"},"modified":"2025-12-15T15:35:58","modified_gmt":"2025-12-15T12:35:58","slug":"korge-pihaga-puksid-noir-handmade-f318","status":"publish","type":"product","link":"https:\/\/pesu24.ee\/en\/stringid-puksikud\/korge-pihaga-puksid-noir-handmade-f318\/","title":{"rendered":"Jalgevahelt avatava lukuga p\u00fcksid Noir Handmade F318"},"content":{"rendered":"<p>Krokodilli mustriga <em>wet-look<\/em> stiilis p\u00fcksid Noir Handmade F318. Jalgevahe avatav kahepoolse lukuga.<\/p>\n<p><span style=\"color: #ff0000;\"><strong>NB!<\/strong><\/span> K\u00f5ik Noir Handmade tooted on venivast kangast, kuid ideaalse sobivuse ja \u00fclevenitamise v\u00e4ltimiseks, soovitame valida \u00fcks number suurem ehk igap\u00e4evaselt M-suuruse kandja valigu suurus L jne.<\/p>\n<div class=\"omadused\">\n<h3>Omadused<\/h3>\n<ul>\n<li><em>wet-look<\/em> stiilis<\/li>\n<li>krokodilli mustriga<\/li>\n<li>jalgevahe kahepoolse lukuga avatav<\/li>\n<li>taga kaks taskut<\/li>\n<li>sobilik kanda ka pidudel<\/li>\n<li>mugav ja elastne kangas (90% pol\u00fcester; 10% elastaan)<\/li>\n<\/ul>\n<\/div>","protected":false},"excerpt":{"rendered":"<p>&#46;&#46;&#46;<\/p>","protected":false},"featured_media":24860,"comment_status":"open","ping_status":"closed","template":"","meta":{"_glsr_average":0,"_glsr_ranking":0,"_glsr_reviews":0},"product_brand":[501],"product_cat":[385],"product_tag":[398,218],"class_list":{"0":"post-24680","1":"product","2":"type-product","3":"status-publish","4":"has-post-thumbnail","6":"product_brand-noir-handmade","7":"product_cat-stringid-puksikud","8":"product_tag-latekspesu","9":"product_tag-noir-handmade","10":"pa_suurus-l","11":"pa_suurus-m","12":"pa_suurus-s","13":"pa_suurus-xl","14":"pa_varvus-must","16":"first","17":"instock","18":"sold-individually","19":"taxable","20":"shipping-taxable","21":"purchasable","22":"product-type-variable"},"_links":{"self":[{"href":"https:\/\/pesu24.ee\/en\/wp-json\/wp\/v2\/product\/24680","targetHints":{"allow":["GET"]}}],"collection":[{"href":"https:\/\/pesu24.ee\/en\/wp-json\/wp\/v2\/product"}],"about":[{"href":"https:\/\/pesu24.ee\/en\/wp-json\/wp\/v2\/types\/product"}],"replies":[{"embeddable":true,"href":"https:\/\/pesu24.ee\/en\/wp-json\/wp\/v2\/comments?post=24680"}],"wp:featuredmedia":[{"embeddable":true,"href":"https:\/\/pesu24.ee\/en\/wp-json\/wp\/v2\/media\/24860"}],"wp:attachment":[{"href":"https:\/\/pesu24.ee\/en\/wp-json\/wp\/v2\/media?parent=24680"}],"wp:term":[{"taxonomy":"product_brand","embeddable":true,"href":"https:\/\/pesu24.ee\/en\/wp-json\/wp\/v2\/product_brand?post=24680"},{"taxonomy":"product_cat","embeddable":true,"href":"https:\/\/pesu24.ee\/en\/wp-json\/wp\/v2\/product_cat?post=24680"},{"taxonomy":"product_tag","embeddable":true,"href":"https:\/\/pesu24.ee\/en\/wp-json\/wp\/v2\/product_tag?post=24680"}],"curies":[{"name":"wp","href":"https:\/\/api.w.org\/{rel}","templated":true}]}}