{"id":24681,"date":"2025-08-19T00:06:31","date_gmt":"2025-08-18T21:06:31","guid":{"rendered":"https:\/\/pesu24.ee\/?post_type=product&#038;p=24681"},"modified":"2025-08-21T16:15:45","modified_gmt":"2025-08-21T13:15:45","slug":"stringid-noir-handmade-p012","status":"publish","type":"product","link":"https:\/\/pesu24.ee\/en\/stringid-puksikud\/stringid-noir-handmade-p012\/","title":{"rendered":"Stringid Noir Handmade P012"},"content":{"rendered":"<p>Noir Handmade P012 stringid on loodud selleks, et tuua esile Sinu m\u00e4nguline ja julge k\u00fclg. Krokodillimustriline wetlook v\u00e4ljan\u00e4gemisega materjal lisab stringile modernset ja naiselikku ilmet, samal ajal kui m\u00f5lemal k\u00fcljel olevad mustad klambrid muudavad selle vajadusel kiireks ja mugavaks kasutamiseks.<\/p>\n<p><span style=\"color: #008000;\"><strong>KOMPLEKT SISALDAB:<\/strong><\/span><\/p>\n<ul>\n<li>stringid<\/li>\n<\/ul>\n<p><span style=\"color: #008000;\"><strong>DETAILS:<\/strong><\/span><\/p>\n<ul>\n<li>wetlook ilmega materjal<\/li>\n<li>krokodillimustriga kaunistatud<\/li>\n<li>kahelt poolt avatavad<\/li>\n<li>mugav ja elastne kangas (90% pol\u00fcester; 10% elastaan)<\/li>\n<\/ul>","protected":false},"excerpt":{"rendered":"<p>&#46;&#46;&#46;<\/p>","protected":false},"featured_media":24866,"comment_status":"open","ping_status":"closed","template":"","meta":{"_glsr_average":0,"_glsr_ranking":0,"_glsr_reviews":0},"product_brand":[501],"product_cat":[385],"product_tag":[398,218],"class_list":{"0":"post-24681","1":"product","2":"type-product","3":"status-publish","4":"has-post-thumbnail","6":"product_brand-noir-handmade","7":"product_cat-stringid-puksikud","8":"product_tag-latekspesu","9":"product_tag-noir-handmade","10":"pa_suurus-l","11":"pa_suurus-m","12":"pa_suurus-s","13":"pa_suurus-xl","14":"pa_varvus-must","16":"first","17":"instock","18":"sold-individually","19":"taxable","20":"shipping-taxable","21":"purchasable","22":"product-type-variable"},"_links":{"self":[{"href":"https:\/\/pesu24.ee\/en\/wp-json\/wp\/v2\/product\/24681","targetHints":{"allow":["GET"]}}],"collection":[{"href":"https:\/\/pesu24.ee\/en\/wp-json\/wp\/v2\/product"}],"about":[{"href":"https:\/\/pesu24.ee\/en\/wp-json\/wp\/v2\/types\/product"}],"replies":[{"embeddable":true,"href":"https:\/\/pesu24.ee\/en\/wp-json\/wp\/v2\/comments?post=24681"}],"wp:featuredmedia":[{"embeddable":true,"href":"https:\/\/pesu24.ee\/en\/wp-json\/wp\/v2\/media\/24866"}],"wp:attachment":[{"href":"https:\/\/pesu24.ee\/en\/wp-json\/wp\/v2\/media?parent=24681"}],"wp:term":[{"taxonomy":"product_brand","embeddable":true,"href":"https:\/\/pesu24.ee\/en\/wp-json\/wp\/v2\/product_brand?post=24681"},{"taxonomy":"product_cat","embeddable":true,"href":"https:\/\/pesu24.ee\/en\/wp-json\/wp\/v2\/product_cat?post=24681"},{"taxonomy":"product_tag","embeddable":true,"href":"https:\/\/pesu24.ee\/en\/wp-json\/wp\/v2\/product_tag?post=24681"}],"curies":[{"name":"wp","href":"https:\/\/api.w.org\/{rel}","templated":true}]}}