{"id":24684,"date":"2025-08-19T00:06:31","date_gmt":"2025-08-18T21:06:31","guid":{"rendered":"https:\/\/pesu24.ee\/?post_type=product&#038;p=24684"},"modified":"2026-03-30T13:35:11","modified_gmt":"2026-03-30T11:35:11","slug":"avatud-puksikud-obsessive-chemeris","status":"publish","type":"product","link":"https:\/\/pesu24.ee\/en\/stringid-puksikud\/avatud-puksikud-obsessive-chemeris\/","title":{"rendered":"Avatud p\u00fcksikud Obsessive Chemeris"},"content":{"rendered":"<p>Soovite oma j\u00e4rgmist kohtingut t\u00f5eliselt meeldej\u00e4\u00e4vaks muuta? R\u00f5hutage oma naiselikkust \u00e4\u00e4rmiselt peenel moel ning kandke Obsessive Chemeris kollektsiooni avatud p\u00fcksikuid.<\/p>\n<p>Minimaalne vorm, ainulaadne pits, ahvatlev l\u00f5ige, mis r\u00f5hutab tagumikku ning avatud jalgevahe lisavad v\u00fcrtsi \u2013 k\u00f5ik need on garantiiks unustamatutele hetkedele, mis on t\u00e4is \u00f5rnust. Valige uusi kogemusi ja valmistuge naudingu laineks.<\/p>\n<p>Tutvuge ka teiste <a href=\"https:\/\/pesu24.ee\/en\/omadus\/obsessive-chemeris\/\">Obsessive Chemeris<\/a> pesukollektsiooni toodetega.<\/p>\n<p><span style=\"color: #008000;\"><strong>KOMPLEKT SISALDAB:<\/strong><\/span><\/p>\n<ul>\n<li>p\u00fcksikud<\/li>\n<\/ul>\n<p><span style=\"color: #008000;\"><strong>DETAILS:<\/strong><\/span><\/p>\n<ul>\n<li>kaunistatud geomeetrilise pitsiga<\/li>\n<li>avatud jalgevahe<\/li>\n<li>ees ripats<\/li>\n<li>mugav &amp; elastne kangas (90% pol\u00fcamiid &amp; 10% elastaan)<\/li>\n<\/ul>","protected":false},"excerpt":{"rendered":"<p>&#46;&#46;&#46;<\/p>","protected":false},"featured_media":24889,"comment_status":"open","ping_status":"closed","template":"","meta":{"_glsr_average":0,"_glsr_ranking":0,"_glsr_reviews":0},"product_brand":[500],"product_cat":[385],"product_tag":[160,466],"class_list":{"0":"post-24684","1":"product","2":"type-product","3":"status-publish","4":"has-post-thumbnail","6":"product_brand-obsessive","7":"product_cat-stringid-puksikud","8":"product_tag-obsessive","9":"product_tag-obsessive-chemeris","10":"pa_suurus-m-l","11":"pa_suurus-xl-xxl","12":"pa_suurus-xs-s","13":"pa_varvus-must","15":"first","16":"instock","17":"sold-individually","18":"taxable","19":"shipping-taxable","20":"purchasable","21":"product-type-variable"},"_links":{"self":[{"href":"https:\/\/pesu24.ee\/en\/wp-json\/wp\/v2\/product\/24684","targetHints":{"allow":["GET"]}}],"collection":[{"href":"https:\/\/pesu24.ee\/en\/wp-json\/wp\/v2\/product"}],"about":[{"href":"https:\/\/pesu24.ee\/en\/wp-json\/wp\/v2\/types\/product"}],"replies":[{"embeddable":true,"href":"https:\/\/pesu24.ee\/en\/wp-json\/wp\/v2\/comments?post=24684"}],"wp:featuredmedia":[{"embeddable":true,"href":"https:\/\/pesu24.ee\/en\/wp-json\/wp\/v2\/media\/24889"}],"wp:attachment":[{"href":"https:\/\/pesu24.ee\/en\/wp-json\/wp\/v2\/media?parent=24684"}],"wp:term":[{"taxonomy":"product_brand","embeddable":true,"href":"https:\/\/pesu24.ee\/en\/wp-json\/wp\/v2\/product_brand?post=24684"},{"taxonomy":"product_cat","embeddable":true,"href":"https:\/\/pesu24.ee\/en\/wp-json\/wp\/v2\/product_cat?post=24684"},{"taxonomy":"product_tag","embeddable":true,"href":"https:\/\/pesu24.ee\/en\/wp-json\/wp\/v2\/product_tag?post=24684"}],"curies":[{"name":"wp","href":"https:\/\/api.w.org\/{rel}","templated":true}]}}