{"id":24687,"date":"2025-08-19T00:06:31","date_gmt":"2025-08-18T21:06:31","guid":{"rendered":"https:\/\/pesu24.ee\/?post_type=product&#038;p=24687"},"modified":"2026-03-30T13:37:04","modified_gmt":"2026-03-30T11:37:04","slug":"avatud-puksikud-obsessive-donarella","status":"publish","type":"product","link":"https:\/\/pesu24.ee\/en\/stringid-puksikud\/avatud-puksikud-obsessive-donarella\/","title":{"rendered":"Avatud p\u00fcksikud Obsessive Donarella"},"content":{"rendered":"<p>Obsessive Donarella avatud p\u00fcksikud pakuvad sensuaalset v\u00f5lu ja enesekindlust igale naisele. Need p\u00fcksikud on kujundatud musta v\u00e4rvi kvaliteetsest kangast, mida kaunistavad \u00f5rnad pitsdetailid ja ahvatlevad avad.<\/p>\n<p>Luues unikaalse ja ahvatleva v\u00e4limuse, r\u00f5hutavad need avatud p\u00fcksikud teie naiselikkust ja loovad lummava atmosf\u00e4\u00e4ri romantilistes hetkedes. Olgu see teie valik, kui soovite lisada oma aluspesukollektsioonile veetlevat ja elegantset puudutust.<\/p>\n<p>Tutvuge ka teiste <a href=\"https:\/\/pesu24.ee\/en\/omadus\/obsessive-donarella\/\">Obsessive Donarella<\/a> pesukollektsiooni toodetega.<\/p>\n<p><span style=\"color: #008000;\"><strong>KOMPLEKT SISALDAB:<\/strong><\/span><\/p>\n<ul>\n<li>avatud p\u00fcksikud<\/li>\n<\/ul>\n<p><span style=\"color: #008000;\"><strong>DETAILS:<\/strong><\/span><\/p>\n<ul>\n<li>avatud jalgevahe<\/li>\n<li>elegantne disain<\/li>\n<li>pooll\u00e4bipaistvad<\/li>\n<li>kaunistatud pitsiga<\/li>\n<li>ees ripats<\/li>\n<li>mugav &amp; elastne kangas (94% pol\u00fcamiid &amp; 6% elastaan)<\/li>\n<\/ul>","protected":false},"excerpt":{"rendered":"<p>&#46;&#46;&#46;<\/p>","protected":false},"featured_media":24909,"comment_status":"open","ping_status":"closed","template":"","meta":{"_glsr_average":0,"_glsr_ranking":0,"_glsr_reviews":0},"product_brand":[500],"product_cat":[385],"product_tag":[160,469],"class_list":{"0":"post-24687","1":"product","2":"type-product","3":"status-publish","4":"has-post-thumbnail","6":"product_brand-obsessive","7":"product_cat-stringid-puksikud","8":"product_tag-obsessive","9":"product_tag-obsessive-donarella","10":"pa_suurus-m-l","11":"pa_suurus-xl-xxl","12":"pa_suurus-xs-s","13":"pa_varvus-must","15":"first","16":"instock","17":"sold-individually","18":"taxable","19":"shipping-taxable","20":"purchasable","21":"product-type-variable"},"_links":{"self":[{"href":"https:\/\/pesu24.ee\/en\/wp-json\/wp\/v2\/product\/24687","targetHints":{"allow":["GET"]}}],"collection":[{"href":"https:\/\/pesu24.ee\/en\/wp-json\/wp\/v2\/product"}],"about":[{"href":"https:\/\/pesu24.ee\/en\/wp-json\/wp\/v2\/types\/product"}],"replies":[{"embeddable":true,"href":"https:\/\/pesu24.ee\/en\/wp-json\/wp\/v2\/comments?post=24687"}],"wp:featuredmedia":[{"embeddable":true,"href":"https:\/\/pesu24.ee\/en\/wp-json\/wp\/v2\/media\/24909"}],"wp:attachment":[{"href":"https:\/\/pesu24.ee\/en\/wp-json\/wp\/v2\/media?parent=24687"}],"wp:term":[{"taxonomy":"product_brand","embeddable":true,"href":"https:\/\/pesu24.ee\/en\/wp-json\/wp\/v2\/product_brand?post=24687"},{"taxonomy":"product_cat","embeddable":true,"href":"https:\/\/pesu24.ee\/en\/wp-json\/wp\/v2\/product_cat?post=24687"},{"taxonomy":"product_tag","embeddable":true,"href":"https:\/\/pesu24.ee\/en\/wp-json\/wp\/v2\/product_tag?post=24687"}],"curies":[{"name":"wp","href":"https:\/\/api.w.org\/{rel}","templated":true}]}}