{"id":24719,"date":"2025-08-19T00:07:31","date_gmt":"2025-08-18T21:07:31","guid":{"rendered":"https:\/\/pesu24.ee\/?post_type=product&#038;p=24719"},"modified":"2025-08-20T14:52:48","modified_gmt":"2025-08-20T11:52:48","slug":"stringid-obsessive-blomentis","status":"publish","type":"product","link":"https:\/\/pesu24.ee\/en\/stringid-puksikud\/stringid-obsessive-blomentis\/","title":{"rendered":"Stringid Obsessive Blomentis"},"content":{"rendered":"<p>Kui otsid pesu, mis toob esile sinu naiseliku ilu ja r\u00f5hutab sinu vorme, siis Obsessive Blomentis stringid on just see, mida vajad. Need kaunid mustad stringid on valmistatud luksuslikust pehmest pitsist, mis j\u00e4rgib sinu keha kumerusi ja toob esile sinu parimad k\u00fcljed. Keerukas motiiv ja detailne disain lisavad luksuslikku h\u00f5ngu, muutes need stringid eriliseks ja pilkup\u00fc\u00fcdvaks.<\/p>\n<p>Blomentis stringid pole mitte ainult elegantsed, vaid ka \u00e4\u00e4rmiselt v\u00f5rgutavad. Vallatu lipsuke tagaosas lisab flirtivat ja m\u00e4ngulist elementi, mis teeb need stringid vastupandamatuks. See disain \u00fchendab sensuaalsuse ja stiili, v\u00f5imaldades sul tunda end enesekindlalt ja naiselikult, olenemata sellest, mida kannad.<\/p>\n<p>Olgu see eriline s\u00fcndmus v\u00f5i lihtsalt soov lisada oma garderoobi midagi erilist, Obsessive Blomentis stringid pakuvad sulle v\u00f5imalust s\u00e4rada ja olla t\u00e4helepanu keskpunktis. Lase oma enesekindlusel ja v\u00f5rgutaval energial v\u00e4ljenduda nendes kaunites stringides, mis loovad t\u00e4iusliku kombinatsiooni luksusest ja sensuaalsusest.<\/p>\n<p>Tutvuge ka teiste <a href=\"https:\/\/pesu24.ee\/en\/omadus\/obsessive-blomentis\/\">Obsessive Blomentis<\/a> pesukollektsiooni toodetega.<\/p>\n<p><span style=\"color: #008000;\"><strong>KOMPLEKT SISALDAB:<\/strong><\/span><\/p>\n<ul>\n<li>stringid<\/li>\n<\/ul>\n<p><span style=\"color: #008000;\"><strong>DETAILS:<\/strong><\/span><\/p>\n<ul>\n<li>luksusliku disainiga<\/li>\n<li>kaunistatud pitsiga<\/li>\n<li>ees ripats (niklivaba)<\/li>\n<li>mugav &amp; elastne kangas (90% pol\u00fcamiid &amp; 10% elastaan)<\/li>\n<\/ul>","protected":false},"excerpt":{"rendered":"<p>&#46;&#46;&#46;<\/p>","protected":false},"featured_media":24930,"comment_status":"open","ping_status":"closed","template":"","meta":{"_glsr_average":0,"_glsr_ranking":0,"_glsr_reviews":0},"product_brand":[500],"product_cat":[385],"product_tag":[160,470],"class_list":{"0":"post-24719","1":"product","2":"type-product","3":"status-publish","4":"has-post-thumbnail","6":"product_brand-obsessive","7":"product_cat-stringid-puksikud","8":"product_tag-obsessive","9":"product_tag-obsessive-blomentis","10":"pa_suurus-m-l","11":"pa_suurus-xl-xxl","12":"pa_suurus-xs-s","13":"pa_varvus-must","15":"first","16":"instock","17":"sold-individually","18":"taxable","19":"shipping-taxable","20":"purchasable","21":"product-type-variable"},"_links":{"self":[{"href":"https:\/\/pesu24.ee\/en\/wp-json\/wp\/v2\/product\/24719","targetHints":{"allow":["GET"]}}],"collection":[{"href":"https:\/\/pesu24.ee\/en\/wp-json\/wp\/v2\/product"}],"about":[{"href":"https:\/\/pesu24.ee\/en\/wp-json\/wp\/v2\/types\/product"}],"replies":[{"embeddable":true,"href":"https:\/\/pesu24.ee\/en\/wp-json\/wp\/v2\/comments?post=24719"}],"wp:featuredmedia":[{"embeddable":true,"href":"https:\/\/pesu24.ee\/en\/wp-json\/wp\/v2\/media\/24930"}],"wp:attachment":[{"href":"https:\/\/pesu24.ee\/en\/wp-json\/wp\/v2\/media?parent=24719"}],"wp:term":[{"taxonomy":"product_brand","embeddable":true,"href":"https:\/\/pesu24.ee\/en\/wp-json\/wp\/v2\/product_brand?post=24719"},{"taxonomy":"product_cat","embeddable":true,"href":"https:\/\/pesu24.ee\/en\/wp-json\/wp\/v2\/product_cat?post=24719"},{"taxonomy":"product_tag","embeddable":true,"href":"https:\/\/pesu24.ee\/en\/wp-json\/wp\/v2\/product_tag?post=24719"}],"curies":[{"name":"wp","href":"https:\/\/api.w.org\/{rel}","templated":true}]}}