{"id":24720,"date":"2025-08-19T00:07:31","date_gmt":"2025-08-18T21:07:31","guid":{"rendered":"https:\/\/pesu24.ee\/?post_type=product&#038;p=24720"},"modified":"2025-10-12T03:06:36","modified_gmt":"2025-10-12T00:06:36","slug":"stringid-obsessive-nutris","status":"publish","type":"product","link":"https:\/\/pesu24.ee\/en\/stringid-puksikud\/stringid-obsessive-nutris\/","title":{"rendered":"Stringid Obsessive Nutris"},"content":{"rendered":"<p>Lase end lummata Obsessive Nutris stringidest, mis toovad esile sinu ainulaadsuse ja stiilitunne. Need stringid, mille ebatavaline disain ja detailne viimistlus on loodud, et k\u00f6ita t\u00e4helepanu, pakuvad t\u00e4iuslikku kombinatsiooni sensuaalsusest ja rafineeritust. Topelt\u00e4\u00e4rised puusadel r\u00f5hutavad kaunilt sinu taljejoont, andes sellele peene ja elegantsi noodi.<\/p>\n<p>Nutrise stringid on kaunistatud keeruka pitsiga, mis lisab luksuslikku h\u00f5ngu ja detaili. Iga element on hoolikalt l\u00e4bi m\u00f5eldud, et tagada maksimaalne stiil ja mugavus. See disain loob t\u00e4iusliku tasakaalu sensuaalsuse ja elegantsi vahel, olles ideaalne valik naisele, kes soovib tunda end enesekindlalt ja stiilselt.<\/p>\n<p>Olgu tegemist erilise \u00f5htu v\u00f5i igap\u00e4evase luksuse sooviga, Obsessive Nutris stringid t\u00f5stavad iga sinu hetke eriliseks. T\u00f5sta oma pesukollektsiooni uuele tasemele nende ainulaadsete stringidega, mis pakuvad t\u00e4iuslikku kombinatsiooni disainist ja mugavusest, andes sulle enesekindluse ja v\u00f5rgutava v\u00e4limuse igas olukorras.<\/p>\n<p>Tutvuge ka teiste <a href=\"https:\/\/pesu24.ee\/en\/omadus\/obsessive-nutris\/\">Obsessive Nutris<\/a> pesukollektsiooni toodetega.<\/p>\n<p><span style=\"color: #008000;\"><strong>KOMPLEKT SISALDAB:<\/strong><\/span><\/p>\n<ul>\n<li>stringid<\/li>\n<\/ul>\n<p><span style=\"color: #008000;\"><strong>DETAILS:<\/strong><\/span><\/p>\n<ul>\n<li>imelised mustad stringid<\/li>\n<li>kaunistatud lillemotiiviga<\/li>\n<li>ees ripats<\/li>\n<li>ei sisalda niklit<\/li>\n<li>mugav &amp; elastne kangas (90% pol\u00fcamiid &amp; 10% elastaan)<\/li>\n<\/ul>","protected":false},"excerpt":{"rendered":"<p>&#46;&#46;&#46;<\/p>","protected":false},"featured_media":24935,"comment_status":"open","ping_status":"closed","template":"","meta":{"_glsr_average":0,"_glsr_ranking":0,"_glsr_reviews":0},"product_brand":[500],"product_cat":[385],"product_tag":[160,471],"class_list":{"0":"post-24720","1":"product","2":"type-product","3":"status-publish","4":"has-post-thumbnail","6":"product_brand-obsessive","7":"product_cat-stringid-puksikud","8":"product_tag-obsessive","9":"product_tag-obsessive-nutris","10":"pa_suurus-m-l","11":"pa_suurus-xl-xxl","12":"pa_suurus-xs-s","13":"pa_varvus-must","15":"first","16":"instock","17":"sold-individually","18":"taxable","19":"shipping-taxable","20":"purchasable","21":"product-type-variable"},"_links":{"self":[{"href":"https:\/\/pesu24.ee\/en\/wp-json\/wp\/v2\/product\/24720","targetHints":{"allow":["GET"]}}],"collection":[{"href":"https:\/\/pesu24.ee\/en\/wp-json\/wp\/v2\/product"}],"about":[{"href":"https:\/\/pesu24.ee\/en\/wp-json\/wp\/v2\/types\/product"}],"replies":[{"embeddable":true,"href":"https:\/\/pesu24.ee\/en\/wp-json\/wp\/v2\/comments?post=24720"}],"wp:featuredmedia":[{"embeddable":true,"href":"https:\/\/pesu24.ee\/en\/wp-json\/wp\/v2\/media\/24935"}],"wp:attachment":[{"href":"https:\/\/pesu24.ee\/en\/wp-json\/wp\/v2\/media?parent=24720"}],"wp:term":[{"taxonomy":"product_brand","embeddable":true,"href":"https:\/\/pesu24.ee\/en\/wp-json\/wp\/v2\/product_brand?post=24720"},{"taxonomy":"product_cat","embeddable":true,"href":"https:\/\/pesu24.ee\/en\/wp-json\/wp\/v2\/product_cat?post=24720"},{"taxonomy":"product_tag","embeddable":true,"href":"https:\/\/pesu24.ee\/en\/wp-json\/wp\/v2\/product_tag?post=24720"}],"curies":[{"name":"wp","href":"https:\/\/api.w.org\/{rel}","templated":true}]}}