{"id":24739,"date":"2025-08-19T00:08:01","date_gmt":"2025-08-18T21:08:01","guid":{"rendered":"https:\/\/pesu24.ee\/?post_type=product&#038;p=24739"},"modified":"2026-03-23T11:49:13","modified_gmt":"2026-03-23T09:49:13","slug":"avatud-stringid-obsessive-chilisa","status":"publish","type":"product","link":"https:\/\/pesu24.ee\/en\/stringid-puksikud\/avatud-stringid-obsessive-chilisa\/","title":{"rendered":"Avatud stringid Obsessive Chilisa"},"content":{"rendered":"<p>Avatud stringid Obsessive Chilisa on loodud kirglike hetkede jaoks, tuues sinu v\u00e4limusse julguse ja elegantsi. Minimalistlik disain koos ahvatleva punase tooniga r\u00f5hutab naiselikku v\u00f5lu, pakkudes samal ajal mugavust ja stiili. V\u00e4ike v\u00e4ljal\u00f5ige tuharate kohal lisab m\u00e4ngulise n\u00fcansi, mis ei j\u00e4\u00e4 m\u00e4rkamata, ning muudab stringid ideaalseks valikuks romantilisteks \u00f5htuteks.<\/p>\n<p>Stringide avatud jalgevahe on loodud kirgede s\u00fctitamiseks, pakkudes samal ajal praktilisust ja sensuaalsust. \u00d5rn pitsist disain lisab klassikalist ilu, samas kui tsirkoonidega v\u00e4ike s\u00fcdamedetail ja h\u00f5bedane ripats t\u00f5mbavad pilku ja annavad luksusliku viimistluse. Obsessive Chilisa stringid on t\u00e4iuslik tasakaal tagasihoidlikkuse ja seksikuse vahel, tuues esile sinu loomuliku enesekindluse.<\/p>\n<p>Elastne ja pehme kangas (90% pol\u00fcamiid, 10% elastaan) tagab kandmismugavuse ja sobib ideaalselt erinevateks hetkedeks. Need stringid on rohkem kui lihtsalt pesu \u2013 need on enesekindluse ja v\u00f5rgutava stiili kehastus. Avatud stringid Obsessive Chilisa pakuvad t\u00e4iuslikku kombinatsiooni mugavusest, stiilist ja kirglikest hetkedest, mida sa v\u00e4\u00e4rid.<\/p>\n<p>Tutvuge ka teiste <a href=\"https:\/\/pesu24.ee\/en\/omadus\/obsessive-chilisa\/\">Obsessive Chilisa<\/a> pesukollektsiooni toodetega.<\/p>\n<p><span style=\"color: #008000;\"><strong>KOMPLEKT SISALDAB:<\/strong><\/span><\/p>\n<ul>\n<li>avatud stringid<\/li>\n<\/ul>\n<p><span style=\"color: #008000;\"><strong>DETAILS:<\/strong><\/span><\/p>\n<ul>\n<li>punases v\u00e4rvitoonis stringid<\/li>\n<li>avatud jalgevahe<\/li>\n<li>\u00f5rn pitsist disain<\/li>\n<li>ees ripats<\/li>\n<li>mugav &amp; elastne kangas (90% pol\u00fcamiid &amp; 10% elastaan)<\/li>\n<\/ul>","protected":false},"excerpt":{"rendered":"<p>&#46;&#46;&#46;<\/p>","protected":false},"featured_media":24941,"comment_status":"open","ping_status":"closed","template":"","meta":{"_glsr_average":0,"_glsr_ranking":0,"_glsr_reviews":0},"product_brand":[500],"product_cat":[385],"product_tag":[392,160,472],"class_list":{"0":"post-24739","1":"product","2":"type-product","3":"status-publish","4":"has-post-thumbnail","6":"product_brand-obsessive","7":"product_cat-stringid-puksikud","8":"product_tag-avatud-stringid","9":"product_tag-obsessive","10":"product_tag-obsessive-chilisa","11":"pa_suurus-m-l","12":"pa_suurus-xl-xxl","13":"pa_suurus-xs-s","14":"pa_varvus-punane","16":"first","17":"instock","18":"sale","19":"sold-individually","20":"taxable","21":"shipping-taxable","22":"purchasable","23":"product-type-variable"},"_links":{"self":[{"href":"https:\/\/pesu24.ee\/en\/wp-json\/wp\/v2\/product\/24739","targetHints":{"allow":["GET"]}}],"collection":[{"href":"https:\/\/pesu24.ee\/en\/wp-json\/wp\/v2\/product"}],"about":[{"href":"https:\/\/pesu24.ee\/en\/wp-json\/wp\/v2\/types\/product"}],"replies":[{"embeddable":true,"href":"https:\/\/pesu24.ee\/en\/wp-json\/wp\/v2\/comments?post=24739"}],"wp:featuredmedia":[{"embeddable":true,"href":"https:\/\/pesu24.ee\/en\/wp-json\/wp\/v2\/media\/24941"}],"wp:attachment":[{"href":"https:\/\/pesu24.ee\/en\/wp-json\/wp\/v2\/media?parent=24739"}],"wp:term":[{"taxonomy":"product_brand","embeddable":true,"href":"https:\/\/pesu24.ee\/en\/wp-json\/wp\/v2\/product_brand?post=24739"},{"taxonomy":"product_cat","embeddable":true,"href":"https:\/\/pesu24.ee\/en\/wp-json\/wp\/v2\/product_cat?post=24739"},{"taxonomy":"product_tag","embeddable":true,"href":"https:\/\/pesu24.ee\/en\/wp-json\/wp\/v2\/product_tag?post=24739"}],"curies":[{"name":"wp","href":"https:\/\/api.w.org\/{rel}","templated":true}]}}