{"id":24740,"date":"2025-08-19T00:08:01","date_gmt":"2025-08-18T21:08:01","guid":{"rendered":"https:\/\/pesu24.ee\/?post_type=product&#038;p=24740"},"modified":"2025-08-21T16:44:06","modified_gmt":"2025-08-21T13:44:06","slug":"puksikud-obsessive-chilisa","status":"publish","type":"product","link":"https:\/\/pesu24.ee\/en\/stringid-puksikud\/puksikud-obsessive-chilisa\/","title":{"rendered":"P\u00fcksikud Obsessive Chilisa"},"content":{"rendered":"<p>P\u00fcksikud Obsessive Chilisa \u00fchendavad elegantsi, mugavuse ja v\u00f5rgutava disaini, pakkudes ideaalset lahendust igaks olukorraks. S\u00fcgavpunane toon ja kaunid pitsist detailid loovad naiseliku ja stiilse ilme, samal ajal kui mugav l\u00f5ige tagab suurep\u00e4rase enesetunde nii t\u00f6\u00f6p\u00e4eval kui ka romantilisel \u00f5htul. Need p\u00fcksikud on loodud r\u00f5hutama sinu figuuri ja lisama igasse p\u00e4eva enesekindlust.<\/p>\n<p>Erilist v\u00f5lu lisavad sensuaalsed v\u00e4ljal\u00f5iked k\u00f5hul ja alaseljal, mis toovad esile naiseliku ilu ja annavad pesule m\u00e4ngulise iseloomu. Luksuslik s\u00e4rav detail ja tsirkoonidega h\u00f5bedane s\u00fcdamedetail lisavad pilkup\u00fc\u00fcdvaid aktsente, muutes need p\u00fcksikud t\u00f5eliselt eriliseks. Obsessive Chilisa p\u00fcksikud on suurep\u00e4rane kombinatsioon elegantsist ja julgest disainist, mis sobivad ideaalselt nii igap\u00e4evaseks kandmiseks kui ka erilisteks hetkedeks.<\/p>\n<p>Valmistatud pehmest ja elastseks kangast (90% pol\u00fcamiid, 10% elastaan), tagavad need p\u00fcksikud maksimaalse mugavuse ja suurep\u00e4rase sobivuse. P\u00fcksikud Obsessive Chilisa on t\u00e4iuslik valik naisele, kes soovib tunda end kauni ja v\u00f5rgutavana igal hetkel. Need p\u00fcksikud ei ole lihtsalt pesu \u2013 need on kompliment sinu stiilile ja enesekindlusele.<\/p>\n<p>Tutvuge ka teiste <a href=\"https:\/\/pesu24.ee\/en\/omadus\/obsessive-chilisa\/\">Obsessive Chilisa<\/a> pesukollektsiooni toodetega.<\/p>\n<p><span style=\"color: #008000;\"><strong>KOMPLEKT SISALDAB:<\/strong><\/span><\/p>\n<ul>\n<li>p\u00fcksikud<\/li>\n<\/ul>\n<p><span style=\"color: #008000;\"><strong>DETAILS:<\/strong><\/span><\/p>\n<ul>\n<li>unikaalne disain<\/li>\n<li>eriline pits<\/li>\n<li>ees ripats<\/li>\n<li>mugav &amp; elastne kangas (90% pol\u00fcamiid &amp; 10% elastaan)<\/li>\n<\/ul>","protected":false},"excerpt":{"rendered":"<p>&#46;&#46;&#46;<\/p>","protected":false},"featured_media":24948,"comment_status":"open","ping_status":"closed","template":"","meta":{"_glsr_average":0,"_glsr_ranking":0,"_glsr_reviews":0},"product_brand":[500],"product_cat":[385],"product_tag":[160,472],"class_list":{"0":"post-24740","1":"product","2":"type-product","3":"status-publish","4":"has-post-thumbnail","6":"product_brand-obsessive","7":"product_cat-stringid-puksikud","8":"product_tag-obsessive","9":"product_tag-obsessive-chilisa","10":"pa_suurus-m-l","11":"pa_suurus-xl-xxl","12":"pa_suurus-xs-s","13":"pa_varvus-punane","15":"first","16":"instock","17":"sold-individually","18":"taxable","19":"shipping-taxable","20":"purchasable","21":"product-type-variable"},"_links":{"self":[{"href":"https:\/\/pesu24.ee\/en\/wp-json\/wp\/v2\/product\/24740","targetHints":{"allow":["GET"]}}],"collection":[{"href":"https:\/\/pesu24.ee\/en\/wp-json\/wp\/v2\/product"}],"about":[{"href":"https:\/\/pesu24.ee\/en\/wp-json\/wp\/v2\/types\/product"}],"replies":[{"embeddable":true,"href":"https:\/\/pesu24.ee\/en\/wp-json\/wp\/v2\/comments?post=24740"}],"wp:featuredmedia":[{"embeddable":true,"href":"https:\/\/pesu24.ee\/en\/wp-json\/wp\/v2\/media\/24948"}],"wp:attachment":[{"href":"https:\/\/pesu24.ee\/en\/wp-json\/wp\/v2\/media?parent=24740"}],"wp:term":[{"taxonomy":"product_brand","embeddable":true,"href":"https:\/\/pesu24.ee\/en\/wp-json\/wp\/v2\/product_brand?post=24740"},{"taxonomy":"product_cat","embeddable":true,"href":"https:\/\/pesu24.ee\/en\/wp-json\/wp\/v2\/product_cat?post=24740"},{"taxonomy":"product_tag","embeddable":true,"href":"https:\/\/pesu24.ee\/en\/wp-json\/wp\/v2\/product_tag?post=24740"}],"curies":[{"name":"wp","href":"https:\/\/api.w.org\/{rel}","templated":true}]}}