{"id":24741,"date":"2025-08-19T00:08:01","date_gmt":"2025-08-18T21:08:01","guid":{"rendered":"https:\/\/pesu24.ee\/?post_type=product&#038;p=24741"},"modified":"2025-08-21T16:16:10","modified_gmt":"2025-08-21T13:16:10","slug":"avatud-puksikud-obsessive-nuites","status":"publish","type":"product","link":"https:\/\/pesu24.ee\/en\/stringid-puksikud\/avatud-puksikud-obsessive-nuites\/","title":{"rendered":"Avatud p\u00fcksikud Obsessive Nuites"},"content":{"rendered":"<p>Avatud p\u00fcksikud Obsessive Nuites \u00fchendavad kaasaegse disaini ja sensuaalsuse, luues unikaalse v\u00e4limuse, mis t\u00f5mbab t\u00e4helepanu. Need l\u00e4bipaistvad p\u00fcksikud, millel on m\u00e4ngulised t\u00e4pid ja k\u00f5rge v\u00f6\u00f6kohaga l\u00f5ige, toovad esile naiseliku figuuri ning pakuvad samas mugavust ja peenust. Kvaliteetne pehme kangas kohandub kehaga, andes sellele luksusliku ja kerge tunnetuse.<\/p>\n<p>P\u00fcksikute disainis on erilist t\u00e4helepanu p\u00f6\u00f6ratud detailidele \u2013 \u00f5rnade rihmadega seljal ja julge v\u00e4ljal\u00f5ikega, mis lisavad v\u00e4limusele ahvatlevat s\u00e4ra. See modernne ja naiselik stiil sobib suurep\u00e4raselt naisele, kes otsib midagi erilist oma pesukollektsiooni. Nende p\u00fcksikute kandmine pakub nii enesekehtestust kui ka m\u00e4ngulisust.<\/p>\n<p>Avatud p\u00fcksikud Obsessive Nuites on ideaalne valik, et tunda end kaunis ja erilisena. Need on loodud naistele, kes hindavad stiili, kvaliteeti ja unikaalset v\u00e4limust. Koos pehme kanga ja reguleeritavate detailidega on need p\u00fcksikud suurep\u00e4rane t\u00e4iendus igasse pesukollektsiooni.<\/p>\n<p>Tutvuge ka teiste <a href=\"https:\/\/pesu24.ee\/en\/omadus\/obsessive-nuites\/\">Obsessive Cupide Nuites<\/a> pesukollektsiooni toodetega.<\/p>\n<p><span style=\"color: #008000;\"><strong>KOMPLEKT SISALDAB:<\/strong><\/span><\/p>\n<ul>\n<li>avatud p\u00fcksikud<\/li>\n<\/ul>\n<p><span style=\"color: #008000;\"><strong>DETAILS:<\/strong><\/span><\/p>\n<ul>\n<li>pooll\u00e4bipaistev kangas<\/li>\n<li>avatud jalgevahe<\/li>\n<li>k\u00f5rve v\u00f6\u00f6kohaga l\u00f5ige<\/li>\n<li>mugav ja elastne kangas (85% pol\u00fcamiid, 15% elastaan)<\/li>\n<\/ul>","protected":false},"excerpt":{"rendered":"<p>&#46;&#46;&#46;<\/p>","protected":false},"featured_media":24957,"comment_status":"open","ping_status":"closed","template":"","meta":{"_glsr_average":0,"_glsr_ranking":0,"_glsr_reviews":0},"product_brand":[500],"product_cat":[385],"product_tag":[160,483],"class_list":{"0":"post-24741","1":"product","2":"type-product","3":"status-publish","4":"has-post-thumbnail","6":"product_brand-obsessive","7":"product_cat-stringid-puksikud","8":"product_tag-obsessive","9":"product_tag-obsessive-nuites","10":"pa_suurus-l-xl","11":"pa_suurus-s-m","12":"pa_suurus-xxl-xxxl","13":"pa_varvus-must","15":"first","16":"instock","17":"sold-individually","18":"taxable","19":"shipping-taxable","20":"purchasable","21":"product-type-variable"},"_links":{"self":[{"href":"https:\/\/pesu24.ee\/en\/wp-json\/wp\/v2\/product\/24741","targetHints":{"allow":["GET"]}}],"collection":[{"href":"https:\/\/pesu24.ee\/en\/wp-json\/wp\/v2\/product"}],"about":[{"href":"https:\/\/pesu24.ee\/en\/wp-json\/wp\/v2\/types\/product"}],"replies":[{"embeddable":true,"href":"https:\/\/pesu24.ee\/en\/wp-json\/wp\/v2\/comments?post=24741"}],"wp:featuredmedia":[{"embeddable":true,"href":"https:\/\/pesu24.ee\/en\/wp-json\/wp\/v2\/media\/24957"}],"wp:attachment":[{"href":"https:\/\/pesu24.ee\/en\/wp-json\/wp\/v2\/media?parent=24741"}],"wp:term":[{"taxonomy":"product_brand","embeddable":true,"href":"https:\/\/pesu24.ee\/en\/wp-json\/wp\/v2\/product_brand?post=24741"},{"taxonomy":"product_cat","embeddable":true,"href":"https:\/\/pesu24.ee\/en\/wp-json\/wp\/v2\/product_cat?post=24741"},{"taxonomy":"product_tag","embeddable":true,"href":"https:\/\/pesu24.ee\/en\/wp-json\/wp\/v2\/product_tag?post=24741"}],"curies":[{"name":"wp","href":"https:\/\/api.w.org\/{rel}","templated":true}]}}