{"id":24756,"date":"2025-08-19T00:08:28","date_gmt":"2025-08-18T21:08:28","guid":{"rendered":"https:\/\/pesu24.ee\/?post_type=product&#038;p=24756"},"modified":"2026-01-05T16:04:04","modified_gmt":"2026-01-05T13:04:04","slug":"stringid-obsessive-iliosa","status":"publish","type":"product","link":"https:\/\/pesu24.ee\/en\/stringid-puksikud\/stringid-obsessive-iliosa\/","title":{"rendered":"Stringid Obsessive Iliosa"},"content":{"rendered":"<p>Loo vastupandamatu duo Obsessive Iliosa stringidega, mille \u00f5rn pitsimuster loob intrigeeriva kujunduse, samas kui k\u00f5rge l\u00f5ige toob esile loomulikud kumerused. See on ideaalne valik naisele, kes naudib oma sensuaalsust ja armastab v\u00e4ikeseid \u00fcllatusi.<\/p>\n<p>Pehmest ja luksuslikust kangast valmistatud stringid pakuvad erakordset mugavust ja elegantsi. Dekoratiivne kinnitus seljal ning l\u00e4ikivad detailid lisavad eksklusiivse viimistluse, muutes need stringid eriliseks pesusahtli p\u00e4rliks.<\/p>\n<p>Obsessive Iliosa stringid on loodud naistele, kes hindavad peenet sensuaalsust ja enesekindlat stiili. Valmistatud kvaliteetsest materjalist (90% pol\u00fcamiid, 10% elastaan) ning disainitud Euroopa Liidus.<\/p>\n<p>Tutvuge ka teiste <a href=\"https:\/\/pesu24.ee\/en\/omadus\/obsessive-iliosa\/\">Obsessive Iliosa<\/a> pesukollektsiooni toodetega.<\/p>\n<p><span style=\"color: #008000;\"><strong>KOMPLEKT SISALDAB:<\/strong><\/span><\/p>\n<ul>\n<li>stringid<\/li>\n<\/ul>\n<p><span style=\"color: #008000;\"><strong>DETAILS:<\/strong><\/span><\/p>\n<ul>\n<li>stiilne disain<\/li>\n<li>luksuslik v\u00e4limus<\/li>\n<li>kaunistatud pitsiga<\/li>\n<li>toodetud EU-s<\/li>\n<li>pehme ja elastne kangas (90% pol\u00fcamiid; 10% elastaan)<\/li>\n<\/ul>","protected":false},"excerpt":{"rendered":"<ul>\n<li>sensuaalsed sukad v\u00e4ga elegantses stiilis<\/li>\n<li>\u00f5hukese musta v\u00f5rguga<\/li>\n<li>geomeetriline pits<\/li>\n<li>stockings are not self-supported<\/li>\n<li>pehme ja elastne materjal (85% pol\u00fcamiid; 15% elastaan)<\/li>\n<\/ul>","protected":false},"featured_media":24961,"comment_status":"open","ping_status":"closed","template":"","meta":{"_glsr_average":0,"_glsr_ranking":0,"_glsr_reviews":0},"product_brand":[500],"product_cat":[385],"product_tag":[160,484],"class_list":{"0":"post-24756","1":"product","2":"type-product","3":"status-publish","4":"has-post-thumbnail","6":"product_brand-obsessive","7":"product_cat-stringid-puksikud","8":"product_tag-obsessive","9":"product_tag-obsessive-iliosa","10":"pa_suurus-l-xl","11":"pa_suurus-s-m","12":"pa_suurus-xxl-xxxl","13":"pa_varvus-must","15":"first","16":"instock","17":"sold-individually","18":"taxable","19":"shipping-taxable","20":"purchasable","21":"product-type-variable"},"_links":{"self":[{"href":"https:\/\/pesu24.ee\/en\/wp-json\/wp\/v2\/product\/24756","targetHints":{"allow":["GET"]}}],"collection":[{"href":"https:\/\/pesu24.ee\/en\/wp-json\/wp\/v2\/product"}],"about":[{"href":"https:\/\/pesu24.ee\/en\/wp-json\/wp\/v2\/types\/product"}],"replies":[{"embeddable":true,"href":"https:\/\/pesu24.ee\/en\/wp-json\/wp\/v2\/comments?post=24756"}],"wp:featuredmedia":[{"embeddable":true,"href":"https:\/\/pesu24.ee\/en\/wp-json\/wp\/v2\/media\/24961"}],"wp:attachment":[{"href":"https:\/\/pesu24.ee\/en\/wp-json\/wp\/v2\/media?parent=24756"}],"wp:term":[{"taxonomy":"product_brand","embeddable":true,"href":"https:\/\/pesu24.ee\/en\/wp-json\/wp\/v2\/product_brand?post=24756"},{"taxonomy":"product_cat","embeddable":true,"href":"https:\/\/pesu24.ee\/en\/wp-json\/wp\/v2\/product_cat?post=24756"},{"taxonomy":"product_tag","embeddable":true,"href":"https:\/\/pesu24.ee\/en\/wp-json\/wp\/v2\/product_tag?post=24756"}],"curies":[{"name":"wp","href":"https:\/\/api.w.org\/{rel}","templated":true}]}}