{"id":24757,"date":"2025-08-19T00:08:29","date_gmt":"2025-08-18T21:08:29","guid":{"rendered":"https:\/\/pesu24.ee\/?post_type=product&#038;p=24757"},"modified":"2025-09-22T14:22:26","modified_gmt":"2025-09-22T11:22:26","slug":"puksikud-obsessive-iliosa","status":"publish","type":"product","link":"https:\/\/pesu24.ee\/en\/stringid-puksikud\/puksikud-obsessive-iliosa\/","title":{"rendered":"P\u00fcksikud Obsessive Iliosa"},"content":{"rendered":"<p>Loo vastupandamatu duo Obsessive Iliosa p\u00fcksikutega. \u00d5rn pitsimuster moodustab intrigeeriva disaini, samas kui k\u00f5rge l\u00f5ikega siluett toob esile loomulikud kumerused. Need p\u00fcksikud on ideaalne valik naistele, kes hindavad oma sensuaalsust ja armastavad v\u00e4ikeseid \u00fcllatusi.<\/p>\n<p>Peen pitsmaterjal ja luksuslik kangas tagavad mitte ainult visuaalse ilu, vaid ka erakordse mugavuse. Dekoratiivne kinnitus seljal ja l\u00e4ikivad detailid lisavad stiilsele disainile peenelt elegantse viimistleva aktsendi. Obsessive Iliosa p\u00fcksikud on valmistatud kvaliteetsest materjalist (90% pol\u00fcamiid, 10% elastaan), tagades ideaalse sobivuse ja suurep\u00e4rase kantavuse.<\/p>\n<p>Tutvuge ka teiste <a href=\"https:\/\/pesu24.ee\/en\/omadus\/obsessive-iliosa\/\">Obsessive Iliosa<\/a> pesukollektsiooni toodetega.<\/p>\n<p><span style=\"color: #008000;\"><strong>KOMPLEKT SISALDAB:<\/strong><\/span><\/p>\n<ul>\n<li>p\u00fcksikud<\/li>\n<\/ul>\n<p><span style=\"color: #008000;\"><strong>DETAILS:<\/strong><\/span><\/p>\n<ul>\n<li>pitsist p\u00fcksikud<\/li>\n<li>luksuslik kangas<\/li>\n<li>toodetud EU-s<\/li>\n<li>pehme ja elastne kangas (90% pol\u00fcamiid; 10% elastaan)<\/li>\n<\/ul>","protected":false},"excerpt":{"rendered":"<ul>\n<li>sensuaalsed sukad v\u00e4ga elegantses stiilis<\/li>\n<li>\u00f5hukese musta v\u00f5rguga<\/li>\n<li>geomeetriline pits<\/li>\n<li>stockings are not self-supported<\/li>\n<li>pehme ja elastne materjal (85% pol\u00fcamiid; 15% elastaan)<\/li>\n<\/ul>","protected":false},"featured_media":24966,"comment_status":"open","ping_status":"closed","template":"","meta":{"_glsr_average":0,"_glsr_ranking":0,"_glsr_reviews":0},"product_brand":[500],"product_cat":[385],"product_tag":[160,484],"class_list":{"0":"post-24757","1":"product","2":"type-product","3":"status-publish","4":"has-post-thumbnail","6":"product_brand-obsessive","7":"product_cat-stringid-puksikud","8":"product_tag-obsessive","9":"product_tag-obsessive-iliosa","10":"pa_suurus-l-xl","11":"pa_suurus-s-m","12":"pa_suurus-xxl-xxxl","13":"pa_varvus-must","15":"first","16":"instock","17":"sold-individually","18":"taxable","19":"shipping-taxable","20":"purchasable","21":"product-type-variable"},"_links":{"self":[{"href":"https:\/\/pesu24.ee\/en\/wp-json\/wp\/v2\/product\/24757","targetHints":{"allow":["GET"]}}],"collection":[{"href":"https:\/\/pesu24.ee\/en\/wp-json\/wp\/v2\/product"}],"about":[{"href":"https:\/\/pesu24.ee\/en\/wp-json\/wp\/v2\/types\/product"}],"replies":[{"embeddable":true,"href":"https:\/\/pesu24.ee\/en\/wp-json\/wp\/v2\/comments?post=24757"}],"wp:featuredmedia":[{"embeddable":true,"href":"https:\/\/pesu24.ee\/en\/wp-json\/wp\/v2\/media\/24966"}],"wp:attachment":[{"href":"https:\/\/pesu24.ee\/en\/wp-json\/wp\/v2\/media?parent=24757"}],"wp:term":[{"taxonomy":"product_brand","embeddable":true,"href":"https:\/\/pesu24.ee\/en\/wp-json\/wp\/v2\/product_brand?post=24757"},{"taxonomy":"product_cat","embeddable":true,"href":"https:\/\/pesu24.ee\/en\/wp-json\/wp\/v2\/product_cat?post=24757"},{"taxonomy":"product_tag","embeddable":true,"href":"https:\/\/pesu24.ee\/en\/wp-json\/wp\/v2\/product_tag?post=24757"}],"curies":[{"name":"wp","href":"https:\/\/api.w.org\/{rel}","templated":true}]}}