{"id":24777,"date":"2025-08-19T00:08:59","date_gmt":"2025-08-18T21:08:59","guid":{"rendered":"https:\/\/pesu24.ee\/?post_type=product&#038;p=24777"},"modified":"2025-08-21T16:44:12","modified_gmt":"2025-08-21T13:44:12","slug":"avatud-stringid-obsessive-arrowel-2","status":"publish","type":"product","link":"https:\/\/pesu24.ee\/en\/stringid-puksikud\/avatud-stringid-obsessive-arrowel-2\/","title":{"rendered":"Avatud stringid Obsessive Arrowel"},"content":{"rendered":"<p>Avatud stringid Obsessive Arrowel on sensuaalne pesuvalik, mis \u00fchendab endas luksusliku disaini ja julge m\u00e4ngulisuse. \u00d5rn pits ja l\u00e4bipaistev v\u00f5rk loovad visuaalse intriigi, samal ajal kui jalgevaheta l\u00f5ige lisab v\u00fcrtsi intiimsetesse hetkedesse. Need stringid on loodud enesekindlale naisele, kes naudib elegantsi ja ahvatlust.<\/p>\n<p>Julge esiosa disain koos h\u00f5bedaste \u00fchendusdetailidega t\u00f5mbab pilke ning annab pesule modernse ja stiilse ilme. Reguleeritavad rihmad tagavad t\u00e4iusliku istuvuse ja mugavuse, v\u00f5imaldades samal ajal t\u00e4ielikku liikumisvabadust. Viimistletud elastse \u00e4\u00e4rega, et pesu p\u00fcsiks paigal ja tunduks nahal meeldiv.<\/p>\n<p>Minimalistlik niklivaba kaunistus lisab viimistletud puudutuse ning kvaliteetsed Euroopa kangad (pol\u00fcamiid, elastaan ja pol\u00fcester) tagavad vastupidavuse ja meeldiva kandmiskogemuse. Avatud stringid Obsessive Arrowel on ideaalne valik, kui soovid lisada oma pesusahtlisse midagi ainulaadselt provokatiivset ja kaunist.<\/p>\n<p>Tutvuge ka teiste <a href=\"https:\/\/pesu24.ee\/en\/omadus\/obsessive-novenes\/\">Obsessive <\/a><a href=\"https:\/\/pesu24.ee\/en\/omadus\/obsessive-arrowel\/\">Arrowel<\/a>\u00a0pesukollektsiooni toodetega.<\/p>\n<p><span style=\"color: #008000;\"><strong>KOMPLEKT SISALDAB:<\/strong><\/span><\/p>\n<ul>\n<li>avatud stringid<\/li>\n<\/ul>\n<p><span style=\"color: #008000;\"><strong>DETAILS:<\/strong><\/span><\/p>\n<ul>\n<li>avatud stringid<\/li>\n<li>reguleeritavad paelad<\/li>\n<li>minimalistlik disain<\/li>\n<li>elegantne pits<\/li>\n<li>mugav &amp; elastne kangas (94% pol\u00fcamiid &amp; 6% elastaan)<\/li>\n<\/ul>","protected":false},"excerpt":{"rendered":"<p>&#46;&#46;&#46;<\/p>","protected":false},"featured_media":24978,"comment_status":"open","ping_status":"closed","template":"","meta":{"_glsr_average":0,"_glsr_ranking":0,"_glsr_reviews":0},"product_brand":[500],"product_cat":[385],"product_tag":[392,160,488],"class_list":{"0":"post-24777","1":"product","2":"type-product","3":"status-publish","4":"has-post-thumbnail","6":"product_brand-obsessive","7":"product_cat-stringid-puksikud","8":"product_tag-avatud-stringid","9":"product_tag-obsessive","10":"product_tag-obsessive-arrowel","11":"pa_suurus-l-xl","12":"pa_suurus-s-m","13":"pa_suurus-xxl-xxxl","14":"pa_varvus-valge","16":"first","17":"instock","18":"sold-individually","19":"taxable","20":"shipping-taxable","21":"purchasable","22":"product-type-variable"},"_links":{"self":[{"href":"https:\/\/pesu24.ee\/en\/wp-json\/wp\/v2\/product\/24777","targetHints":{"allow":["GET"]}}],"collection":[{"href":"https:\/\/pesu24.ee\/en\/wp-json\/wp\/v2\/product"}],"about":[{"href":"https:\/\/pesu24.ee\/en\/wp-json\/wp\/v2\/types\/product"}],"replies":[{"embeddable":true,"href":"https:\/\/pesu24.ee\/en\/wp-json\/wp\/v2\/comments?post=24777"}],"wp:featuredmedia":[{"embeddable":true,"href":"https:\/\/pesu24.ee\/en\/wp-json\/wp\/v2\/media\/24978"}],"wp:attachment":[{"href":"https:\/\/pesu24.ee\/en\/wp-json\/wp\/v2\/media?parent=24777"}],"wp:term":[{"taxonomy":"product_brand","embeddable":true,"href":"https:\/\/pesu24.ee\/en\/wp-json\/wp\/v2\/product_brand?post=24777"},{"taxonomy":"product_cat","embeddable":true,"href":"https:\/\/pesu24.ee\/en\/wp-json\/wp\/v2\/product_cat?post=24777"},{"taxonomy":"product_tag","embeddable":true,"href":"https:\/\/pesu24.ee\/en\/wp-json\/wp\/v2\/product_tag?post=24777"}],"curies":[{"name":"wp","href":"https:\/\/api.w.org\/{rel}","templated":true}]}}