{"id":25141,"date":"2025-08-19T00:15:10","date_gmt":"2025-08-18T21:15:10","guid":{"rendered":"https:\/\/pesu24.ee\/?post_type=product&#038;p=25141"},"modified":"2026-03-23T11:51:04","modified_gmt":"2026-03-23T09:51:04","slug":"avatud-stringid-obsessive-meshlove","status":"publish","type":"product","link":"https:\/\/pesu24.ee\/en\/stringid-puksikud\/avatud-stringid-obsessive-meshlove\/","title":{"rendered":"Avatud stringid Obsessive Meshlove"},"content":{"rendered":"<p>Ole valmis unustamatuteks hetkedeks. Obsessive Meshlove stringid \u00fcllatavad teid naiseliku v\u00e4ega ja suurendab ahvatlusi, muutes teid vastupandamatuks. Oma l\u00e4hedase s\u00fcda kuulub teile vaid hetkega. Kombineerige neid naiselikke avatud stringe meie laia <a class=\"sex_shop\" href=\"https:\/\/pesu24.ee\/en\/pood\/\">valiku pesukomplektidega<\/a> v\u00f5i Obsessive <a class=\"sex_shop\" href=\"https:\/\/pesu24.ee\/en\/omadus\/obsessive-meshlove\/\">Meshlove pesukollektsiooniga<\/a>.<\/p>\n<p>Tootefotodel olevad samasse komplekti kuuluvad ahvatlevad-kuldsed nibukatted ning elegantne kuldne kaks-\u00fches piits ei kuulu komplekti, aga need saab samuti osta meie e-poest. Tutvu <a href=\"https:\/\/pesu24.ee\/en\/aksessuaarid\/\">kuldsete nibukatetega.<\/a><\/p>\n<p><span style=\"color: #008000;\"><strong>DETAILS:<\/strong><\/span><\/p>\n<ul>\n<li>mustad stringid<\/li>\n<li>veniv Multistretch kangas<\/li>\n<li>avatud jalgevahe &#8211; kuumad emotsioonid garanteeritud<\/li>\n<li>pehme, elastne kangas (90% pol\u00fcamiid, 10% elastaan)<\/li>\n<\/ul>\n<p><span style=\"color: #008000;\"><strong>VIDEO<\/strong><\/span><\/p>\n<div class=\"video-container\"><iframe loading=\"lazy\" title=\"V\u00c1\u0160NIV\u00c1 TANGA OTEV\u0158EN\u00c1 MESHLOVE CROTCHLESS THONG - OBSESSIVE\" width=\"500\" height=\"281\" src=\"https:\/\/www.youtube.com\/embed\/DFkhKGH4isM?feature=oembed&#038;wmode=opaque\" frameborder=\"0\" allow=\"accelerometer; autoplay; clipboard-write; encrypted-media; gyroscope; picture-in-picture; web-share\" referrerpolicy=\"strict-origin-when-cross-origin\" allowfullscreen><\/iframe><\/div>","protected":false},"excerpt":{"rendered":"<p>https:\/\/www.youtube.com\/watch?v=DFkhKGH4isM<\/p>","protected":false},"featured_media":20458,"comment_status":"open","ping_status":"closed","template":"","meta":{"_glsr_average":0,"_glsr_ranking":0,"_glsr_reviews":0},"product_brand":[500],"product_cat":[385],"product_tag":[392,160,396],"class_list":{"0":"post-25141","1":"product","2":"type-product","3":"status-publish","4":"has-post-thumbnail","6":"product_brand-obsessive","7":"product_cat-stringid-puksikud","8":"product_tag-avatud-stringid","9":"product_tag-obsessive","10":"product_tag-obsessive-meshlove","11":"pa_suurus-l-xl","12":"pa_suurus-s-m","13":"pa_varvus-must","15":"first","16":"instock","17":"sale","18":"sold-individually","19":"taxable","20":"shipping-taxable","21":"purchasable","22":"product-type-variable"},"_links":{"self":[{"href":"https:\/\/pesu24.ee\/en\/wp-json\/wp\/v2\/product\/25141","targetHints":{"allow":["GET"]}}],"collection":[{"href":"https:\/\/pesu24.ee\/en\/wp-json\/wp\/v2\/product"}],"about":[{"href":"https:\/\/pesu24.ee\/en\/wp-json\/wp\/v2\/types\/product"}],"replies":[{"embeddable":true,"href":"https:\/\/pesu24.ee\/en\/wp-json\/wp\/v2\/comments?post=25141"}],"wp:featuredmedia":[{"embeddable":true,"href":"https:\/\/pesu24.ee\/en\/wp-json\/wp\/v2\/media\/20458"}],"wp:attachment":[{"href":"https:\/\/pesu24.ee\/en\/wp-json\/wp\/v2\/media?parent=25141"}],"wp:term":[{"taxonomy":"product_brand","embeddable":true,"href":"https:\/\/pesu24.ee\/en\/wp-json\/wp\/v2\/product_brand?post=25141"},{"taxonomy":"product_cat","embeddable":true,"href":"https:\/\/pesu24.ee\/en\/wp-json\/wp\/v2\/product_cat?post=25141"},{"taxonomy":"product_tag","embeddable":true,"href":"https:\/\/pesu24.ee\/en\/wp-json\/wp\/v2\/product_tag?post=25141"}],"curies":[{"name":"wp","href":"https:\/\/api.w.org\/{rel}","templated":true}]}}