{"id":25142,"date":"2025-08-19T00:15:10","date_gmt":"2025-08-18T21:15:10","guid":{"rendered":"https:\/\/pesu24.ee\/?post_type=product&#038;p=25142"},"modified":"2026-03-23T12:30:45","modified_gmt":"2026-03-23T10:30:45","slug":"stringid-obsessive-rossita","status":"publish","type":"product","link":"https:\/\/pesu24.ee\/en\/stringid-puksikud\/stringid-obsessive-rossita\/","title":{"rendered":"Stringid Obsessive Rossita"},"content":{"rendered":"<p>Mustad pitsist stringid, mille \u00fclemisel \u00e4\u00e4rel burgupundiapunane sametisest ja elastne \u00e4\u00e4ristus. \u00c4\u00e4ristusel kaunistuseks lipsuke. Disain ja l\u00f5igel loodud nii, et see r\u00f5hutaks ja tooks esile puusad.<\/p>\n<p><span style=\"color: #008000;\"><strong>DETAILS:\u00a0<\/strong><\/span><\/p>\n<ul>\n<li>pool-l\u00e4bipaistev materjal<\/li>\n<li>sametine burgupundiapunane \u00e4\u00e4ristus<\/li>\n<li>Comficut lahendus &#8211; mugav kanda<\/li>\n<li>l\u00f5ige r\u00f5hutab ja toob esile puusad<\/li>\n<li>meeldiv materjal<\/li>\n<li>90% pol\u00fcamiid, 10% elastaan<\/li>\n<\/ul>\n<p><span style=\"color: #008000;\"><strong>VIDEO<\/strong><\/span><\/p>\n<div class=\"video-container\"><iframe loading=\"lazy\" title=\"PIKANTN\u00cd TANGA ROSSITA THONG - OBSESSIVE\" width=\"500\" height=\"281\" src=\"https:\/\/www.youtube.com\/embed\/umU8g_cc7B4?feature=oembed&#038;wmode=opaque\" frameborder=\"0\" allow=\"accelerometer; autoplay; clipboard-write; encrypted-media; gyroscope; picture-in-picture; web-share\" referrerpolicy=\"strict-origin-when-cross-origin\" allowfullscreen><\/iframe><\/div>","protected":false},"excerpt":{"rendered":"<p>&#46;&#46;&#46;<\/p>","protected":false},"featured_media":20490,"comment_status":"open","ping_status":"closed","template":"","meta":{"_glsr_average":0,"_glsr_ranking":0,"_glsr_reviews":0},"product_brand":[500],"product_cat":[385],"product_tag":[160,401],"class_list":{"0":"post-25142","1":"product","2":"type-product","3":"status-publish","4":"has-post-thumbnail","6":"product_brand-obsessive","7":"product_cat-stringid-puksikud","8":"product_tag-obsessive","9":"product_tag-obsessive-rossita-pesukollektsioon","10":"pa_suurus-l-xl","11":"pa_suurus-s-m","12":"pa_varvus-must","13":"pa_varvus-punane","15":"first","16":"instock","17":"sale","18":"sold-individually","19":"taxable","20":"shipping-taxable","21":"purchasable","22":"product-type-variable"},"_links":{"self":[{"href":"https:\/\/pesu24.ee\/en\/wp-json\/wp\/v2\/product\/25142","targetHints":{"allow":["GET"]}}],"collection":[{"href":"https:\/\/pesu24.ee\/en\/wp-json\/wp\/v2\/product"}],"about":[{"href":"https:\/\/pesu24.ee\/en\/wp-json\/wp\/v2\/types\/product"}],"replies":[{"embeddable":true,"href":"https:\/\/pesu24.ee\/en\/wp-json\/wp\/v2\/comments?post=25142"}],"wp:featuredmedia":[{"embeddable":true,"href":"https:\/\/pesu24.ee\/en\/wp-json\/wp\/v2\/media\/20490"}],"wp:attachment":[{"href":"https:\/\/pesu24.ee\/en\/wp-json\/wp\/v2\/media?parent=25142"}],"wp:term":[{"taxonomy":"product_brand","embeddable":true,"href":"https:\/\/pesu24.ee\/en\/wp-json\/wp\/v2\/product_brand?post=25142"},{"taxonomy":"product_cat","embeddable":true,"href":"https:\/\/pesu24.ee\/en\/wp-json\/wp\/v2\/product_cat?post=25142"},{"taxonomy":"product_tag","embeddable":true,"href":"https:\/\/pesu24.ee\/en\/wp-json\/wp\/v2\/product_tag?post=25142"}],"curies":[{"name":"wp","href":"https:\/\/api.w.org\/{rel}","templated":true}]}}