{"id":25150,"date":"2025-08-19T00:15:19","date_gmt":"2025-08-18T21:15:19","guid":{"rendered":"https:\/\/pesu24.ee\/?post_type=product&#038;p=25150"},"modified":"2025-12-03T11:28:18","modified_gmt":"2025-12-03T08:28:18","slug":"puksikud-beauty-night-polly","status":"publish","type":"product","link":"https:\/\/pesu24.ee\/en\/stringid-puksikud\/puksikud-beauty-night-polly\/","title":{"rendered":"P\u00fcksikud Beauty Night Polly"},"content":{"rendered":"<p>Beauty Night Polly p\u00fcksikud on valmistatud sensuaalsest pitsist ning on \u00fclimalt kauni disainiga. P\u00fcksikuid kaunistavad satiinist lipsukesed ning on avatud jalgevahega.<\/p>\n<p><span style=\"color: #008000;\"><strong>DETAILS:<\/strong><\/span><\/p>\n<ul>\n<li>valmistatud pitsist<\/li>\n<li>kaunistatud lipsukestega<\/li>\n<li>avatud halgevahega<\/li>\n<li>mugav ja venin materjal (88% pol\u00fcester, 12% elastaan)<\/li>\n<\/ul>","protected":false},"excerpt":{"rendered":"<p>&#46;&#46;&#46;<\/p>","protected":false},"featured_media":21055,"comment_status":"open","ping_status":"closed","template":"","meta":{"_glsr_average":0,"_glsr_ranking":0,"_glsr_reviews":0},"product_brand":[503],"product_cat":[385],"product_tag":[403],"class_list":{"0":"post-25150","1":"product","2":"type-product","3":"status-publish","4":"has-post-thumbnail","6":"product_brand-beauty-night","7":"product_cat-stringid-puksikud","8":"product_tag-beauty-night","9":"pa_suurus-l-xl","10":"pa_suurus-s-m","11":"pa_varvus-must","13":"first","14":"instock","15":"sold-individually","16":"taxable","17":"shipping-taxable","18":"purchasable","19":"product-type-variable"},"_links":{"self":[{"href":"https:\/\/pesu24.ee\/en\/wp-json\/wp\/v2\/product\/25150","targetHints":{"allow":["GET"]}}],"collection":[{"href":"https:\/\/pesu24.ee\/en\/wp-json\/wp\/v2\/product"}],"about":[{"href":"https:\/\/pesu24.ee\/en\/wp-json\/wp\/v2\/types\/product"}],"replies":[{"embeddable":true,"href":"https:\/\/pesu24.ee\/en\/wp-json\/wp\/v2\/comments?post=25150"}],"wp:featuredmedia":[{"embeddable":true,"href":"https:\/\/pesu24.ee\/en\/wp-json\/wp\/v2\/media\/21055"}],"wp:attachment":[{"href":"https:\/\/pesu24.ee\/en\/wp-json\/wp\/v2\/media?parent=25150"}],"wp:term":[{"taxonomy":"product_brand","embeddable":true,"href":"https:\/\/pesu24.ee\/en\/wp-json\/wp\/v2\/product_brand?post=25150"},{"taxonomy":"product_cat","embeddable":true,"href":"https:\/\/pesu24.ee\/en\/wp-json\/wp\/v2\/product_cat?post=25150"},{"taxonomy":"product_tag","embeddable":true,"href":"https:\/\/pesu24.ee\/en\/wp-json\/wp\/v2\/product_tag?post=25150"}],"curies":[{"name":"wp","href":"https:\/\/api.w.org\/{rel}","templated":true}]}}