{"id":25157,"date":"2025-08-19T00:15:20","date_gmt":"2025-08-18T21:15:20","guid":{"rendered":"https:\/\/pesu24.ee\/?post_type=product&#038;p=25157"},"modified":"2025-08-21T14:28:33","modified_gmt":"2025-08-21T11:28:33","slug":"tagant-kettidega-kaunistatud-stringid-obsessive-pantheria","status":"publish","type":"product","link":"https:\/\/pesu24.ee\/en\/stringid-puksikud\/tagant-kettidega-kaunistatud-stringid-obsessive-pantheria\/","title":{"rendered":"Tagant kettidega kaunistatud stringid Obsessive Pantheria"},"content":{"rendered":"<p>Nagu nimigi (Panther) on Obsessive Pantheria stringid pantrimustriga. Eest topelt rihmad toovad esile naiselikud puusad. Stringid on tagant kaunistatud kuldsete kettidega, mis lisab v\u00f5lu veelgi. Materjal siidiselest pehme ja elastne, mis teeb Pantheria stringi v\u00e4ga mugavaks ning m\u00f5nusaks kanda ja keha vastas tunda.<\/p>\n<p>Kui antud stiil meeldib, siis tutvuge ka <a href=\"https:\/\/pesu24.ee\/en\/pesukomplektid\/2-osaline-kettidega-kaunistatud-pesukomplekt-obsessive-pantheria\/\">Pantheria 2-osalise pesukomplektiga.<\/a><\/p>\n<p><span style=\"color: #008000;\"><strong>DETAILS:<\/strong><\/span><\/p>\n<ul>\n<li>l\u00e4bipaistvast pantrimustriga stringid<\/li>\n<li>topeltrihmad r\u00f5hutavad puusi<\/li>\n<li>naiselik ja kena kett taga<\/li>\n<li>m\u00f5nus ja meeldiv materjal<\/li>\n<li>saadaval suurustes S\/M ja L\/XL<\/li>\n<li>70% pol\u00fcamiid, 20% metall, 10% elastaan<\/li>\n<\/ul>\n<p><span style=\"color: #008000;\"><strong>VIDEO<\/strong><\/span><\/p>\n<div class=\"video-container\"><iframe loading=\"lazy\" title=\"SEXY TANGA PANTHERIA THONG - OBSESSIVE\" width=\"500\" height=\"281\" src=\"https:\/\/www.youtube.com\/embed\/6Xz5dEC3-90?feature=oembed&#038;wmode=opaque\" frameborder=\"0\" allow=\"accelerometer; autoplay; clipboard-write; encrypted-media; gyroscope; picture-in-picture; web-share\" referrerpolicy=\"strict-origin-when-cross-origin\" allowfullscreen><\/iframe><\/div>","protected":false},"excerpt":{"rendered":"<p>https:\/\/www.youtube.com\/watch?v=6Xz5dEC3-90<\/p>","protected":false},"featured_media":21417,"comment_status":"open","ping_status":"closed","template":"","meta":{"_glsr_average":0,"_glsr_ranking":0,"_glsr_reviews":0},"product_brand":[500],"product_cat":[385],"product_tag":[160],"class_list":{"0":"post-25157","1":"product","2":"type-product","3":"status-publish","4":"has-post-thumbnail","6":"product_brand-obsessive","7":"product_cat-stringid-puksikud","8":"product_tag-obsessive","9":"pa_suurus-l-xl","10":"pa_suurus-s-m","11":"pa_varvus-must","13":"first","14":"instock","15":"sold-individually","16":"taxable","17":"shipping-taxable","18":"purchasable","19":"product-type-variable"},"_links":{"self":[{"href":"https:\/\/pesu24.ee\/en\/wp-json\/wp\/v2\/product\/25157","targetHints":{"allow":["GET"]}}],"collection":[{"href":"https:\/\/pesu24.ee\/en\/wp-json\/wp\/v2\/product"}],"about":[{"href":"https:\/\/pesu24.ee\/en\/wp-json\/wp\/v2\/types\/product"}],"replies":[{"embeddable":true,"href":"https:\/\/pesu24.ee\/en\/wp-json\/wp\/v2\/comments?post=25157"}],"wp:featuredmedia":[{"embeddable":true,"href":"https:\/\/pesu24.ee\/en\/wp-json\/wp\/v2\/media\/21417"}],"wp:attachment":[{"href":"https:\/\/pesu24.ee\/en\/wp-json\/wp\/v2\/media?parent=25157"}],"wp:term":[{"taxonomy":"product_brand","embeddable":true,"href":"https:\/\/pesu24.ee\/en\/wp-json\/wp\/v2\/product_brand?post=25157"},{"taxonomy":"product_cat","embeddable":true,"href":"https:\/\/pesu24.ee\/en\/wp-json\/wp\/v2\/product_cat?post=25157"},{"taxonomy":"product_tag","embeddable":true,"href":"https:\/\/pesu24.ee\/en\/wp-json\/wp\/v2\/product_tag?post=25157"}],"curies":[{"name":"wp","href":"https:\/\/api.w.org\/{rel}","templated":true}]}}