{"id":25158,"date":"2025-08-19T00:15:20","date_gmt":"2025-08-18T21:15:20","guid":{"rendered":"https:\/\/pesu24.ee\/?post_type=product&#038;p=25158"},"modified":"2026-03-23T12:37:38","modified_gmt":"2026-03-23T10:37:38","slug":"tagant-kettidega-roosad-stringid-obsessive-chainty","status":"publish","type":"product","link":"https:\/\/pesu24.ee\/en\/stringid-puksikud\/tagant-kettidega-roosad-stringid-obsessive-chainty\/","title":{"rendered":"Tagant kettidega roosad stringid Obsessive Chainty"},"content":{"rendered":"<p><strong>V\u00e4ga naiselikud stringid Obsessive Chainty. Nagu nimigi \u00fctleb (Chain &#8211; kett) on stringid tagant kettidega, mis toovad esile tuharad.\u00a0Topelt rihmad puusadel r\u00f5hutavad kurve ning roosa v\u00e4rvus toob naiselikkust veelgi esile.\u00a0<\/strong><\/p>\n<p>Lisaks sellele on tegu \u00e4\u00e4rmisel mugava ja m\u00f5nusa materjaliga. Materjal on veniv ja siidiselt pehme ning v\u00e4ga m\u00f5nusa ja erootiline katsuda kui ka keha vastas tunda.<\/p>\n<p>Kui stringid meeldivad, siis kindlasti soovitame tutvuda <a href=\"https:\/\/pesu24.ee\/en\/pesukomplektid\/2-osaline-kettidega-kaunistatud-pesukomplekt-body-obsessive-chainty\/\">2-osalise pesukomplektiga Chainty,<\/a> kus lisaks stringidele on kett-lahendusega juures ka kaelapael, mis teeb sellest v\u00e4ga erootilise komplekti.<\/p>\n<p><span style=\"color: #008000;\"><strong>DETAILS:<\/strong><\/span><\/p>\n<ul>\n<li>roosad stringid<\/li>\n<li>tagant kettidega<\/li>\n<li>v\u00e4ga m\u00f5nus ja mugav materjal<\/li>\n<li>meeldiv katsuda ja keha vastas tunda<\/li>\n<li>r\u00f5hutab puusasid ja tuharaid<\/li>\n<li>v\u00e4ga naiselik<\/li>\n<li>70% pol\u00fcamiid, 20% metall, 10% elastaan<\/li>\n<\/ul>\n<p><span style=\"color: #008000;\"><strong>VIDEO<\/strong><\/span><\/p>\n<div class=\"video-container\"><iframe loading=\"lazy\" title=\"JEDINE\u010cN\u00c1 TANGA CHAINTY THONG - OBSESSIVE\" width=\"500\" height=\"281\" src=\"https:\/\/www.youtube.com\/embed\/VdU7KoSsgbs?feature=oembed&#038;wmode=opaque\" frameborder=\"0\" allow=\"accelerometer; autoplay; clipboard-write; encrypted-media; gyroscope; picture-in-picture; web-share\" referrerpolicy=\"strict-origin-when-cross-origin\" allowfullscreen><\/iframe><\/div>","protected":false},"excerpt":{"rendered":"<p>https:\/\/www.youtube.com\/watch?v=VdU7KoSsgbs<\/p>","protected":false},"featured_media":21424,"comment_status":"open","ping_status":"closed","template":"","meta":{"_glsr_average":0,"_glsr_ranking":0,"_glsr_reviews":0},"product_brand":[500],"product_cat":[385],"product_tag":[160,199],"class_list":{"0":"post-25158","1":"product","2":"type-product","3":"status-publish","4":"has-post-thumbnail","6":"product_brand-obsessive","7":"product_cat-stringid-puksikud","8":"product_tag-obsessive","9":"product_tag-roosa-naiste-pesu","10":"pa_suurus-l-xl","11":"pa_suurus-s-m","12":"pa_varvus-roosa","14":"first","15":"instock","16":"sale","17":"sold-individually","18":"taxable","19":"shipping-taxable","20":"purchasable","21":"product-type-variable"},"_links":{"self":[{"href":"https:\/\/pesu24.ee\/en\/wp-json\/wp\/v2\/product\/25158","targetHints":{"allow":["GET"]}}],"collection":[{"href":"https:\/\/pesu24.ee\/en\/wp-json\/wp\/v2\/product"}],"about":[{"href":"https:\/\/pesu24.ee\/en\/wp-json\/wp\/v2\/types\/product"}],"replies":[{"embeddable":true,"href":"https:\/\/pesu24.ee\/en\/wp-json\/wp\/v2\/comments?post=25158"}],"wp:featuredmedia":[{"embeddable":true,"href":"https:\/\/pesu24.ee\/en\/wp-json\/wp\/v2\/media\/21424"}],"wp:attachment":[{"href":"https:\/\/pesu24.ee\/en\/wp-json\/wp\/v2\/media?parent=25158"}],"wp:term":[{"taxonomy":"product_brand","embeddable":true,"href":"https:\/\/pesu24.ee\/en\/wp-json\/wp\/v2\/product_brand?post=25158"},{"taxonomy":"product_cat","embeddable":true,"href":"https:\/\/pesu24.ee\/en\/wp-json\/wp\/v2\/product_cat?post=25158"},{"taxonomy":"product_tag","embeddable":true,"href":"https:\/\/pesu24.ee\/en\/wp-json\/wp\/v2\/product_tag?post=25158"}],"curies":[{"name":"wp","href":"https:\/\/api.w.org\/{rel}","templated":true}]}}