{"id":25159,"date":"2025-08-19T00:15:20","date_gmt":"2025-08-18T21:15:20","guid":{"rendered":"https:\/\/pesu24.ee\/?post_type=product&#038;p=25159"},"modified":"2026-03-23T12:19:16","modified_gmt":"2026-03-23T10:19:16","slug":"klassikalise-loikega-sinised-puksikud-obsessive-bluellia","status":"publish","type":"product","link":"https:\/\/pesu24.ee\/en\/stringid-puksikud\/klassikalise-loikega-sinised-puksikud-obsessive-bluellia\/","title":{"rendered":"Klassikalise l\u00f5ikega sinised p\u00fcksikud Obsessive Bluellia"},"content":{"rendered":"<p><strong>Kui meeldib aegumatu klassika, milles on palju naiselikke noote ja \u00fclimalt seksikust, siis Bluellia pesukollektsioon v\u00f5ib Sulle v\u00e4gagi meeldida.<\/strong><\/p>\n<p>Bluellia p\u00fcksikud on klassikalise l\u00f5ikega pitsilisest materjalist p\u00fcksikud. L\u00f5ige toob esile naiselikud kurvid ning \u00f5rnalt l\u00e4bipaistev materjal lisab atraktiivsust veelgi ning annab fantaasiale enneolematu v\u00f5imenduse.<\/p>\n<p>Lisaks sellele on Bluelliga p\u00fcksikuid v\u00e4ga mugav kanda ning v\u00e4ga meeldiv keha vastas tunda ning erootiliselt m\u00f5nus katsuda ja puudutada.<\/p>\n<p><span style=\"color: #008000;\"><strong>DETAILS:<\/strong><\/span><\/p>\n<ul>\n<li>klassikalised p\u00fcksikud<\/li>\n<li>v\u00e4rvus sinine<\/li>\n<li>pitsiline materjal<\/li>\n<li>v\u00e4ga mugav kanda<\/li>\n<li>m\u00f5nus keha vastas tunda ja puudutada<\/li>\n<li>44% pol\u00fcamiid, 56% elastaan<\/li>\n<\/ul>\n<p>Toode meeldib ja soovid veel enamat? Siis tutvu ka Bluellia 2-osalise pesukomplektiga.<\/p>\n<p><span style=\"color: #008000;\"><strong>VIDEO<\/strong><\/span><\/p>\n<div class=\"video-container\"><iframe loading=\"lazy\" title=\"OKOUZLUJ\u00cdC\u00cd KALHOTKY BLUELLIA SHORTIES - OBSESSIVE\" width=\"500\" height=\"281\" src=\"https:\/\/www.youtube.com\/embed\/XNsp9_Uq8Uo?feature=oembed&#038;wmode=opaque\" frameborder=\"0\" allow=\"accelerometer; autoplay; clipboard-write; encrypted-media; gyroscope; picture-in-picture; web-share\" referrerpolicy=\"strict-origin-when-cross-origin\" allowfullscreen><\/iframe><\/div>","protected":false},"excerpt":{"rendered":"<p>https:\/\/www.youtube.com\/watch?v=XNsp9_Uq8Uo<\/p>","protected":false},"featured_media":21433,"comment_status":"open","ping_status":"closed","template":"","meta":{"_glsr_average":0,"_glsr_ranking":0,"_glsr_reviews":0},"product_brand":[500],"product_cat":[385],"product_tag":[160,497],"class_list":{"0":"post-25159","1":"product","2":"type-product","3":"status-publish","4":"has-post-thumbnail","6":"product_brand-obsessive","7":"product_cat-stringid-puksikud","8":"product_tag-obsessive","9":"product_tag-sinine-naiste-pesu","10":"pa_suurus-l-xl","11":"pa_suurus-s-m","12":"pa_varvus-sinine","14":"first","15":"instock","16":"sale","17":"sold-individually","18":"taxable","19":"shipping-taxable","20":"purchasable","21":"product-type-variable"},"_links":{"self":[{"href":"https:\/\/pesu24.ee\/en\/wp-json\/wp\/v2\/product\/25159","targetHints":{"allow":["GET"]}}],"collection":[{"href":"https:\/\/pesu24.ee\/en\/wp-json\/wp\/v2\/product"}],"about":[{"href":"https:\/\/pesu24.ee\/en\/wp-json\/wp\/v2\/types\/product"}],"replies":[{"embeddable":true,"href":"https:\/\/pesu24.ee\/en\/wp-json\/wp\/v2\/comments?post=25159"}],"wp:featuredmedia":[{"embeddable":true,"href":"https:\/\/pesu24.ee\/en\/wp-json\/wp\/v2\/media\/21433"}],"wp:attachment":[{"href":"https:\/\/pesu24.ee\/en\/wp-json\/wp\/v2\/media?parent=25159"}],"wp:term":[{"taxonomy":"product_brand","embeddable":true,"href":"https:\/\/pesu24.ee\/en\/wp-json\/wp\/v2\/product_brand?post=25159"},{"taxonomy":"product_cat","embeddable":true,"href":"https:\/\/pesu24.ee\/en\/wp-json\/wp\/v2\/product_cat?post=25159"},{"taxonomy":"product_tag","embeddable":true,"href":"https:\/\/pesu24.ee\/en\/wp-json\/wp\/v2\/product_tag?post=25159"}],"curies":[{"name":"wp","href":"https:\/\/api.w.org\/{rel}","templated":true}]}}