{"id":25163,"date":"2025-08-19T00:15:20","date_gmt":"2025-08-18T21:15:20","guid":{"rendered":"https:\/\/pesu24.ee\/?post_type=product&#038;p=25163"},"modified":"2025-08-20T14:52:43","modified_gmt":"2025-08-20T11:52:43","slug":"puksikud-obsessive-bagirela","status":"publish","type":"product","link":"https:\/\/pesu24.ee\/en\/stringid-puksikud\/puksikud-obsessive-bagirela\/","title":{"rendered":"P\u00fcksikud Obsessive Bagirela"},"content":{"rendered":"<p><strong>K\u00fctkestavad pantrimustriga alusp\u00fcksid Obsessive Bagirela, mis kaunistatud \u00fclemiste v\u00f6\u00f6rihmadega, millele lisatud metallist kaunistused.<\/strong><\/p>\n<p>Elastsest ja vastupidavast kangast, mis tagab ideaalse sobivuse ja pikaldase kasutusea. Lisaks v\u00e4ga mugav kanda ja keha vastas tunda.<\/p>\n<p><span style=\"color: #008000;\"><strong>DETAILS<\/strong><\/span><\/p>\n<ul>\n<li>pantrimustriga alusp\u00fcksid<\/li>\n<li>l\u00f5ige r\u00f5hutab puusasid ja tuharaid<\/li>\n<li>elastne ja vastupidav kangas<\/li>\n<li>m\u00f5nus keha vastas tunda ja puudutada<\/li>\n<li>90% pol\u00fcamiid, 10% elastaan<\/li>\n<\/ul>\n<p>Samast pesukollektsioonist on saadaval ka <a href=\"https:\/\/pesu24.ee\/en\/pesukomplektid\/2-osaline-pesukomplekt-obsessive-bagirela\/\">Bagirela 2-osaline pesukomplekt<\/a> koos rinnahoidjate ja samade alusp\u00fckstega.<\/p>","protected":false},"excerpt":{"rendered":"<p>&#46;&#46;&#46;<\/p>","protected":false},"featured_media":23503,"comment_status":"open","ping_status":"closed","template":"","meta":{"_glsr_average":0,"_glsr_ranking":0,"_glsr_reviews":0},"product_brand":[500],"product_cat":[385],"product_tag":[160],"class_list":{"0":"post-25163","1":"product","2":"type-product","3":"status-publish","4":"has-post-thumbnail","6":"product_brand-obsessive","7":"product_cat-stringid-puksikud","8":"product_tag-obsessive","9":"pa_suurus-l-xl","10":"pa_suurus-s-m","11":"pa_varvus-must","13":"first","14":"instock","15":"sold-individually","16":"taxable","17":"shipping-taxable","18":"purchasable","19":"product-type-variable"},"_links":{"self":[{"href":"https:\/\/pesu24.ee\/en\/wp-json\/wp\/v2\/product\/25163","targetHints":{"allow":["GET"]}}],"collection":[{"href":"https:\/\/pesu24.ee\/en\/wp-json\/wp\/v2\/product"}],"about":[{"href":"https:\/\/pesu24.ee\/en\/wp-json\/wp\/v2\/types\/product"}],"replies":[{"embeddable":true,"href":"https:\/\/pesu24.ee\/en\/wp-json\/wp\/v2\/comments?post=25163"}],"wp:featuredmedia":[{"embeddable":true,"href":"https:\/\/pesu24.ee\/en\/wp-json\/wp\/v2\/media\/23503"}],"wp:attachment":[{"href":"https:\/\/pesu24.ee\/en\/wp-json\/wp\/v2\/media?parent=25163"}],"wp:term":[{"taxonomy":"product_brand","embeddable":true,"href":"https:\/\/pesu24.ee\/en\/wp-json\/wp\/v2\/product_brand?post=25163"},{"taxonomy":"product_cat","embeddable":true,"href":"https:\/\/pesu24.ee\/en\/wp-json\/wp\/v2\/product_cat?post=25163"},{"taxonomy":"product_tag","embeddable":true,"href":"https:\/\/pesu24.ee\/en\/wp-json\/wp\/v2\/product_tag?post=25163"}],"curies":[{"name":"wp","href":"https:\/\/api.w.org\/{rel}","templated":true}]}}