{"id":25165,"date":"2025-08-19T00:15:20","date_gmt":"2025-08-18T21:15:20","guid":{"rendered":"https:\/\/pesu24.ee\/?post_type=product&#038;p=25165"},"modified":"2025-08-20T14:52:43","modified_gmt":"2025-08-20T11:52:43","slug":"puksikud-obsessive-sugestina","status":"publish","type":"product","link":"https:\/\/pesu24.ee\/en\/stringid-puksikud\/puksikud-obsessive-sugestina\/","title":{"rendered":"P\u00fcksikud Obsessive Sugestina"},"content":{"rendered":"<p><strong>Burgundia punased ja sametisest pitsist p\u00fcksikud Obsessive Sugestina. P\u00fcksikute kahekordne v\u00f6\u00f6pael r\u00f5hutab puusi, toob esile naiselikud kurvid ning tagaosa l\u00f5ige toob esile tuharad.<\/strong><\/p>\n<p>Elastne ja veniv materjal tagab ideaalse sobivuse ning mugavuse. Lisaks sellele, et Sugestina p\u00fcksikuid on v\u00e4ga mugav kanda, on neid meeldiv keha vastas tunda kui ka m\u00f5nus puudutada.<\/p>\n<p><span style=\"color: #008000;\"><strong>DETAILS<\/strong><\/span><\/p>\n<ul>\n<li>kahekordse v\u00f6\u00f6paelaega p\u00fcksikud<\/li>\n<li>kaunistatud sametise pitsiga<\/li>\n<li>v\u00e4rvus Burgundia punane<\/li>\n<li>m\u00f5nus keha vastas tunda ja puudutada<\/li>\n<li>pehme ja elastne materjal<\/li>\n<li>94% pol\u00fcamiid, 6% elastan<\/li>\n<\/ul>\n<p>Sugestina p\u00fcksikud saab osta eraldi kui ka <a href=\"https:\/\/pesu24.ee\/en\/pesukomplektid\/3-osaline-pesukomplekt-obsessive-sugestina\/\">3-osalise Sugestina pesukomplekti<\/a> n\u00e4ol (komplektis p\u00fcksikud, rinnahoidja, sukav\u00f6\u00f6).<\/p>","protected":false},"excerpt":{"rendered":"<p>&#46;&#46;&#46;<\/p>","protected":false},"featured_media":23519,"comment_status":"open","ping_status":"closed","template":"","meta":{"_glsr_average":0,"_glsr_ranking":0,"_glsr_reviews":0},"product_brand":[500],"product_cat":[385],"product_tag":[160],"class_list":{"0":"post-25165","1":"product","2":"type-product","3":"status-publish","4":"has-post-thumbnail","6":"product_brand-obsessive","7":"product_cat-stringid-puksikud","8":"product_tag-obsessive","9":"pa_suurus-l-xl","10":"pa_suurus-s-m","11":"pa_varvus-punane","13":"first","14":"instock","15":"sold-individually","16":"taxable","17":"shipping-taxable","18":"purchasable","19":"product-type-variable"},"_links":{"self":[{"href":"https:\/\/pesu24.ee\/en\/wp-json\/wp\/v2\/product\/25165","targetHints":{"allow":["GET"]}}],"collection":[{"href":"https:\/\/pesu24.ee\/en\/wp-json\/wp\/v2\/product"}],"about":[{"href":"https:\/\/pesu24.ee\/en\/wp-json\/wp\/v2\/types\/product"}],"replies":[{"embeddable":true,"href":"https:\/\/pesu24.ee\/en\/wp-json\/wp\/v2\/comments?post=25165"}],"wp:featuredmedia":[{"embeddable":true,"href":"https:\/\/pesu24.ee\/en\/wp-json\/wp\/v2\/media\/23519"}],"wp:attachment":[{"href":"https:\/\/pesu24.ee\/en\/wp-json\/wp\/v2\/media?parent=25165"}],"wp:term":[{"taxonomy":"product_brand","embeddable":true,"href":"https:\/\/pesu24.ee\/en\/wp-json\/wp\/v2\/product_brand?post=25165"},{"taxonomy":"product_cat","embeddable":true,"href":"https:\/\/pesu24.ee\/en\/wp-json\/wp\/v2\/product_cat?post=25165"},{"taxonomy":"product_tag","embeddable":true,"href":"https:\/\/pesu24.ee\/en\/wp-json\/wp\/v2\/product_tag?post=25165"}],"curies":[{"name":"wp","href":"https:\/\/api.w.org\/{rel}","templated":true}]}}