{"id":25166,"date":"2025-08-19T00:15:20","date_gmt":"2025-08-18T21:15:20","guid":{"rendered":"https:\/\/pesu24.ee\/?post_type=product&#038;p=25166"},"modified":"2025-08-20T14:52:43","modified_gmt":"2025-08-20T11:52:43","slug":"satiinist-stringid-obsessive-tienesy","status":"publish","type":"product","link":"https:\/\/pesu24.ee\/en\/stringid-puksikud\/satiinist-stringid-obsessive-tienesy\/","title":{"rendered":"Satiinist stringid Obsessive Tienesy"},"content":{"rendered":"<p><strong>Satiinist k\u00f5rge pihaga stringid Obsessive Tienesy, mis on eest kaunistatud h\u00f5bedase riPatsiga ja tagant satiinist lehviga. V\u00fcrtsi lisab pool-l\u00e4bipaistev ja ulakate t\u00e4pikestega alumine osa.\u00a0<\/strong><\/p>\n<p>Stringide ebatavaline l\u00f5ige paljastab tagumise osa ning toob esile tuharad. valmistatud v\u00e4ga elastsest materjalist, mida on v\u00e4ga mugav kanda, meeldiv ja m\u00f5nus keha vastas tunda ning puudutada.<\/p>\n<p><span style=\"color: #008000;\"><strong>DETAILS<\/strong><\/span><\/p>\n<ul>\n<li>k\u00f5rge pihaga stringid<\/li>\n<li>taga satiinist lehvik<\/li>\n<li>ees h\u00f5bedane ripats<\/li>\n<li>alumine tumedam osa l\u00e4bipaistev, kaunistatud t\u00e4pikestega<\/li>\n<li>v\u00e4ga elastne ja mugav materjal<\/li>\n<li>meeldiv keha vastas tunda ja m\u00f5nus puudutada<\/li>\n<li>10% pol\u00fcamiid, 90% elastaan<\/li>\n<\/ul>\n<p>Kui toote stiil, l\u00f5ige ja materjal meeldib, siis soovitame tutvuda ka sama pesukollektsiooni <a href=\"https:\/\/pesu24.ee\/en\/bodyd\/body-obsessive-tienesy\/\">Tienesy bodyga<\/a>.<\/p>","protected":false},"excerpt":{"rendered":"<p>&#46;&#46;&#46;<\/p>","protected":false},"featured_media":23525,"comment_status":"open","ping_status":"closed","template":"","meta":{"_glsr_average":0,"_glsr_ranking":0,"_glsr_reviews":0},"product_brand":[500],"product_cat":[385],"product_tag":[160],"class_list":{"0":"post-25166","1":"product","2":"type-product","3":"status-publish","4":"has-post-thumbnail","6":"product_brand-obsessive","7":"product_cat-stringid-puksikud","8":"product_tag-obsessive","9":"pa_suurus-l-xl","10":"pa_suurus-s-m","11":"pa_suurus-xxl","12":"pa_varvus-must","13":"pa_varvus-punane","15":"first","16":"instock","17":"sold-individually","18":"taxable","19":"shipping-taxable","20":"purchasable","21":"product-type-variable"},"_links":{"self":[{"href":"https:\/\/pesu24.ee\/en\/wp-json\/wp\/v2\/product\/25166","targetHints":{"allow":["GET"]}}],"collection":[{"href":"https:\/\/pesu24.ee\/en\/wp-json\/wp\/v2\/product"}],"about":[{"href":"https:\/\/pesu24.ee\/en\/wp-json\/wp\/v2\/types\/product"}],"replies":[{"embeddable":true,"href":"https:\/\/pesu24.ee\/en\/wp-json\/wp\/v2\/comments?post=25166"}],"wp:featuredmedia":[{"embeddable":true,"href":"https:\/\/pesu24.ee\/en\/wp-json\/wp\/v2\/media\/23525"}],"wp:attachment":[{"href":"https:\/\/pesu24.ee\/en\/wp-json\/wp\/v2\/media?parent=25166"}],"wp:term":[{"taxonomy":"product_brand","embeddable":true,"href":"https:\/\/pesu24.ee\/en\/wp-json\/wp\/v2\/product_brand?post=25166"},{"taxonomy":"product_cat","embeddable":true,"href":"https:\/\/pesu24.ee\/en\/wp-json\/wp\/v2\/product_cat?post=25166"},{"taxonomy":"product_tag","embeddable":true,"href":"https:\/\/pesu24.ee\/en\/wp-json\/wp\/v2\/product_tag?post=25166"}],"curies":[{"name":"wp","href":"https:\/\/api.w.org\/{rel}","templated":true}]}}