{"id":25283,"date":"2025-08-19T00:15:35","date_gmt":"2025-08-18T21:15:35","guid":{"rendered":"https:\/\/pesu24.ee\/?post_type=product&#038;p=25283"},"modified":"2025-12-03T10:06:19","modified_gmt":"2025-12-03T07:06:19","slug":"korge-pihaga-puksikud-noir-handmade-f176","status":"publish","type":"product","link":"https:\/\/pesu24.ee\/en\/stringid-puksikud\/korge-pihaga-puksikud-noir-handmade-f176\/","title":{"rendered":"K\u00f5rge pihaga p\u00fcksikud Noir Handmade F176"},"content":{"rendered":"<p>Noir Handmade F176 k\u00f5rge pihaga p\u00fcksikud on imelise <em>wet-look<\/em> stiiliga, mida kaunistavad sensuaalsed voldid. P\u00fcksikute jalgevahe on lukuga avatav.<\/p>\n<p><span style=\"color: #008000;\"><strong>KOMPLEKT SISALDAB:<\/strong><\/span><\/p>\n<ul>\n<li>p\u00fcksikud<\/li>\n<\/ul>\n<p>K\u00f5rge pihaga p\u00fcksikud Noir Handmade F176 sobib kokku j\u00e4rgmiste Noir Handmade toodetega: <a href=\"https:\/\/pesu24.ee\/en\/aksessuaarid\/rinnahoidja-noir-handmade-f174\/\">rinnahoidja F174<\/a> ja <a href=\"https:\/\/pesu24.ee\/en\/aksessuaarid\/jakk-noir-handmade-f175\/\">jakk F175<\/a>.<\/p>\n<p><span style=\"color: #008000;\"><strong>DETAILS:<\/strong><\/span><\/p>\n<ul>\n<li><em>wet-look<\/em> stiilis<\/li>\n<li>kaunistuseks voldid<\/li>\n<li>jalgevahe lukuga avatav<\/li>\n<li>mugav ja elastne kangas (80% pol\u00fcamiid; 20% elastaan)<\/li>\n<\/ul>","protected":false},"excerpt":{"rendered":"<p>&#46;&#46;&#46;<\/p>","protected":false},"featured_media":23718,"comment_status":"open","ping_status":"closed","template":"","meta":{"_glsr_average":0,"_glsr_ranking":0,"_glsr_reviews":0},"product_brand":[501],"product_cat":[385],"product_tag":[398,218],"class_list":{"0":"post-25283","1":"product","2":"type-product","3":"status-publish","4":"has-post-thumbnail","6":"product_brand-noir-handmade","7":"product_cat-stringid-puksikud","8":"product_tag-latekspesu","9":"product_tag-noir-handmade","10":"pa_suurus-l","11":"pa_suurus-m","12":"pa_suurus-s","13":"pa_suurus-xl","14":"pa_varvus-must","16":"first","17":"instock","18":"sold-individually","19":"taxable","20":"shipping-taxable","21":"purchasable","22":"product-type-variable"},"_links":{"self":[{"href":"https:\/\/pesu24.ee\/en\/wp-json\/wp\/v2\/product\/25283","targetHints":{"allow":["GET"]}}],"collection":[{"href":"https:\/\/pesu24.ee\/en\/wp-json\/wp\/v2\/product"}],"about":[{"href":"https:\/\/pesu24.ee\/en\/wp-json\/wp\/v2\/types\/product"}],"replies":[{"embeddable":true,"href":"https:\/\/pesu24.ee\/en\/wp-json\/wp\/v2\/comments?post=25283"}],"wp:featuredmedia":[{"embeddable":true,"href":"https:\/\/pesu24.ee\/en\/wp-json\/wp\/v2\/media\/23718"}],"wp:attachment":[{"href":"https:\/\/pesu24.ee\/en\/wp-json\/wp\/v2\/media?parent=25283"}],"wp:term":[{"taxonomy":"product_brand","embeddable":true,"href":"https:\/\/pesu24.ee\/en\/wp-json\/wp\/v2\/product_brand?post=25283"},{"taxonomy":"product_cat","embeddable":true,"href":"https:\/\/pesu24.ee\/en\/wp-json\/wp\/v2\/product_cat?post=25283"},{"taxonomy":"product_tag","embeddable":true,"href":"https:\/\/pesu24.ee\/en\/wp-json\/wp\/v2\/product_tag?post=25283"}],"curies":[{"name":"wp","href":"https:\/\/api.w.org\/{rel}","templated":true}]}}