{"id":25286,"date":"2025-08-16T15:15:35","date_gmt":"2025-08-16T12:15:35","guid":{"rendered":"https:\/\/pesu24.ee\/?post_type=product&#038;p=25286"},"modified":"2025-10-16T15:46:19","modified_gmt":"2025-10-16T12:46:19","slug":"stringid-noir-handmade-f161","status":"publish","type":"product","link":"https:\/\/pesu24.ee\/en\/stringid-puksikud\/stringid-noir-handmade-f161\/","title":{"rendered":"Stringid Noir Handmade F161"},"content":{"rendered":"<p>Noir Handmade F161 stringid on imelise <em>wet-look<\/em> ilmega. Tootel on \u00fcleval \u00e4\u00e4res elastsed paelad, mis tagavad ideaalse sobivuse.<\/p>\n<p>Stringidel on madal l\u00f5ige, mis loodav eelduse v\u00f5imalikult mugavaks kandmiseks. Lisaks on toode tagant v\u00e4ljakutsuva ja erootilise disainiga.<\/p>\n<p><span style=\"color: #008000;\"><strong>KOMPLEKT SISALDAB:<\/strong><\/span><\/p>\n<ul>\n<li>stringid<\/li>\n<\/ul>\n<p><span style=\"color: #008000;\"><strong>DETAILS:<\/strong><\/span><\/p>\n<ul>\n<li><em>wet-look<\/em> ilmega<\/li>\n<li>\u00fcleval \u00e4\u00e4res elastsed paelad<\/li>\n<li>madala l\u00f5ikega<\/li>\n<li>tagant erilise disainiga<\/li>\n<li>mugav ja elastne kangas (80% pol\u00fcamiid; 20% elastaan)<\/li>\n<\/ul>","protected":false},"excerpt":{"rendered":"<p>&#46;&#46;&#46;<\/p>","protected":false},"featured_media":23732,"comment_status":"open","ping_status":"closed","template":"","meta":{"_glsr_average":0,"_glsr_ranking":0,"_glsr_reviews":0},"product_brand":[501],"product_cat":[385],"product_tag":[398,218],"class_list":{"0":"post-25286","1":"product","2":"type-product","3":"status-publish","4":"has-post-thumbnail","6":"product_brand-noir-handmade","7":"product_cat-stringid-puksikud","8":"product_tag-latekspesu","9":"product_tag-noir-handmade","10":"pa_suurus-l","11":"pa_suurus-m","12":"pa_suurus-s","13":"pa_suurus-xl","14":"pa_varvus-must","16":"first","17":"instock","18":"sold-individually","19":"taxable","20":"shipping-taxable","21":"purchasable","22":"product-type-variable"},"_links":{"self":[{"href":"https:\/\/pesu24.ee\/en\/wp-json\/wp\/v2\/product\/25286","targetHints":{"allow":["GET"]}}],"collection":[{"href":"https:\/\/pesu24.ee\/en\/wp-json\/wp\/v2\/product"}],"about":[{"href":"https:\/\/pesu24.ee\/en\/wp-json\/wp\/v2\/types\/product"}],"replies":[{"embeddable":true,"href":"https:\/\/pesu24.ee\/en\/wp-json\/wp\/v2\/comments?post=25286"}],"wp:featuredmedia":[{"embeddable":true,"href":"https:\/\/pesu24.ee\/en\/wp-json\/wp\/v2\/media\/23732"}],"wp:attachment":[{"href":"https:\/\/pesu24.ee\/en\/wp-json\/wp\/v2\/media?parent=25286"}],"wp:term":[{"taxonomy":"product_brand","embeddable":true,"href":"https:\/\/pesu24.ee\/en\/wp-json\/wp\/v2\/product_brand?post=25286"},{"taxonomy":"product_cat","embeddable":true,"href":"https:\/\/pesu24.ee\/en\/wp-json\/wp\/v2\/product_cat?post=25286"},{"taxonomy":"product_tag","embeddable":true,"href":"https:\/\/pesu24.ee\/en\/wp-json\/wp\/v2\/product_tag?post=25286"}],"curies":[{"name":"wp","href":"https:\/\/api.w.org\/{rel}","templated":true}]}}