{"id":25290,"date":"2025-08-25T00:15:36","date_gmt":"2025-08-24T21:15:36","guid":{"rendered":"https:\/\/pesu24.ee\/?post_type=product&#038;p=25290"},"modified":"2025-12-03T10:05:44","modified_gmt":"2025-12-03T07:05:44","slug":"korge-pihaga-puksikud-noir-handmade-f235","status":"publish","type":"product","link":"https:\/\/pesu24.ee\/en\/stringid-puksikud\/korge-pihaga-puksikud-noir-handmade-f235\/","title":{"rendered":"K\u00f5rgema pihaga p\u00fcksikud Noir Handmade F235"},"content":{"rendered":"<p><em>Wet-look<\/em> stiili ja ruudukujulise avaustega <strong>Noir Handmade F235<\/strong> k\u00f5rgema pihaga <strong>p\u00fcksikud<\/strong>.\u00a0P\u00fcksikud toovad ideaalselt esile kumerused.<\/p>\n<p>P\u00fcksikute jalgevahe on avatav kahepoolse lukuga.<\/p>\n<p><span style=\"color: #ff0000;\"><strong>NB!<\/strong><\/span> K\u00f5ik Noir Handmade tooted on venivast kangast, kuid ideaalse sobivuse ja \u00fclevenitamise v\u00e4ltimiseks, soovitame valida \u00fcks number suurem ehk igap\u00e4evaselt M-suuruse kandja valigu suurus L jne.<\/p>\n<div class=\"omadused\">\n<p>Omadused<\/p>\n<ul>\n<li>komplektis p\u00fcksikud, tootefotodel olevad <a href=\"https:\/\/pesu24.ee\/en\/sukad\/trendikad-sukad-noir-handmade-f236\/\">F236 sukad<\/a> saab osta eraldi.<\/li>\n<li><em>wet-look<\/em> stiil<\/li>\n<li>jalgevahe avatav kahepoolse lukuga<\/li>\n<li>mugav ja elastne kangas (76% pol\u00fcester; 24% elastaan)<\/li>\n<\/ul>\n<\/div>\n<p>Toode sobib ideaalseks kokku <a href=\"https:\/\/pesu24.ee\/en\/sukad\/trendikad-sukad-noir-handmade-f236\/\">F236 sukkadega<\/a> ja <a href=\"https:\/\/pesu24.ee\/en\/topid-rinnahoidjad\/topp-noir-handmade-f220\/\">topiga F220<\/a>.<\/p>","protected":false},"excerpt":{"rendered":"<p>&#46;&#46;&#46;<\/p>","protected":false},"featured_media":23757,"comment_status":"open","ping_status":"closed","template":"","meta":{"_glsr_average":0,"_glsr_ranking":0,"_glsr_reviews":0},"product_brand":[501],"product_cat":[385],"product_tag":[398,218],"class_list":{"0":"post-25290","1":"product","2":"type-product","3":"status-publish","4":"has-post-thumbnail","6":"product_brand-noir-handmade","7":"product_cat-stringid-puksikud","8":"product_tag-latekspesu","9":"product_tag-noir-handmade","10":"pa_suurus-l","11":"pa_suurus-m","12":"pa_suurus-s","13":"pa_suurus-xl","14":"pa_varvus-must","16":"first","17":"instock","18":"sold-individually","19":"taxable","20":"shipping-taxable","21":"purchasable","22":"product-type-variable"},"_links":{"self":[{"href":"https:\/\/pesu24.ee\/en\/wp-json\/wp\/v2\/product\/25290","targetHints":{"allow":["GET"]}}],"collection":[{"href":"https:\/\/pesu24.ee\/en\/wp-json\/wp\/v2\/product"}],"about":[{"href":"https:\/\/pesu24.ee\/en\/wp-json\/wp\/v2\/types\/product"}],"replies":[{"embeddable":true,"href":"https:\/\/pesu24.ee\/en\/wp-json\/wp\/v2\/comments?post=25290"}],"wp:featuredmedia":[{"embeddable":true,"href":"https:\/\/pesu24.ee\/en\/wp-json\/wp\/v2\/media\/23757"}],"wp:attachment":[{"href":"https:\/\/pesu24.ee\/en\/wp-json\/wp\/v2\/media?parent=25290"}],"wp:term":[{"taxonomy":"product_brand","embeddable":true,"href":"https:\/\/pesu24.ee\/en\/wp-json\/wp\/v2\/product_brand?post=25290"},{"taxonomy":"product_cat","embeddable":true,"href":"https:\/\/pesu24.ee\/en\/wp-json\/wp\/v2\/product_cat?post=25290"},{"taxonomy":"product_tag","embeddable":true,"href":"https:\/\/pesu24.ee\/en\/wp-json\/wp\/v2\/product_tag?post=25290"}],"curies":[{"name":"wp","href":"https:\/\/api.w.org\/{rel}","templated":true}]}}