{"id":25291,"date":"2025-08-19T00:15:36","date_gmt":"2025-08-18T21:15:36","guid":{"rendered":"https:\/\/pesu24.ee\/?post_type=product&#038;p=25291"},"modified":"2026-01-05T15:39:08","modified_gmt":"2026-01-05T12:39:08","slug":"puksikud-obsessive-auroria","status":"publish","type":"product","link":"https:\/\/pesu24.ee\/en\/stringid-puksikud\/puksikud-obsessive-auroria\/","title":{"rendered":"P\u00fcksikud Obsessive Auroria"},"content":{"rendered":"<p>Obsessive Auroria p\u00fcksikud on absoluutselt uimastavad ja uskumatult kuumad ning vastupandamatud. Parim viis, et tunda end terve p\u00e4eva suurep\u00e4raselt ja olla valmis uskumatult v\u00fcrtsikaks \u00f5htuks! Lihtsalt kanna neid ja tunne nende v\u00f5lu, kas pole lihtne?<\/p>\n<p><span style=\"color: #008000;\"><strong>KOMPLEKT SISALDAB:<\/strong><\/span><\/p>\n<ul>\n<li>p\u00fcksikud<\/li>\n<\/ul>\n<p><span style=\"color: #008000;\"><strong>DETAILS:<\/strong><\/span><\/p>\n<ul>\n<li>naiselikud sinised p\u00fcksikud<\/li>\n<li>silmapaistev disain<\/li>\n<li>kombinatsioon satiinist ja pitsist<\/li>\n<li>vormiv \u00f5mblus seljal r\u00f5hutab tuharaid<\/li>\n<li>mugav &amp; elastne Multistretch kangas (70% pol\u00fcamiid, 20% viskoos &amp; 10% elastaan)<\/li>\n<\/ul>","protected":false},"excerpt":{"rendered":"<p>&#46;&#46;&#46;<\/p>","protected":false},"featured_media":23760,"comment_status":"open","ping_status":"closed","template":"","meta":{"_glsr_average":0,"_glsr_ranking":0,"_glsr_reviews":0},"product_brand":[500],"product_cat":[385],"product_tag":[160],"class_list":{"0":"post-25291","1":"product","2":"type-product","3":"status-publish","4":"has-post-thumbnail","6":"product_brand-obsessive","7":"product_cat-stringid-puksikud","8":"product_tag-obsessive","9":"pa_suurus-l-xl","10":"pa_suurus-s-m","11":"pa_varvus-sinine","13":"first","14":"instock","15":"sold-individually","16":"taxable","17":"shipping-taxable","18":"purchasable","19":"product-type-variable"},"_links":{"self":[{"href":"https:\/\/pesu24.ee\/en\/wp-json\/wp\/v2\/product\/25291","targetHints":{"allow":["GET"]}}],"collection":[{"href":"https:\/\/pesu24.ee\/en\/wp-json\/wp\/v2\/product"}],"about":[{"href":"https:\/\/pesu24.ee\/en\/wp-json\/wp\/v2\/types\/product"}],"replies":[{"embeddable":true,"href":"https:\/\/pesu24.ee\/en\/wp-json\/wp\/v2\/comments?post=25291"}],"wp:featuredmedia":[{"embeddable":true,"href":"https:\/\/pesu24.ee\/en\/wp-json\/wp\/v2\/media\/23760"}],"wp:attachment":[{"href":"https:\/\/pesu24.ee\/en\/wp-json\/wp\/v2\/media?parent=25291"}],"wp:term":[{"taxonomy":"product_brand","embeddable":true,"href":"https:\/\/pesu24.ee\/en\/wp-json\/wp\/v2\/product_brand?post=25291"},{"taxonomy":"product_cat","embeddable":true,"href":"https:\/\/pesu24.ee\/en\/wp-json\/wp\/v2\/product_cat?post=25291"},{"taxonomy":"product_tag","embeddable":true,"href":"https:\/\/pesu24.ee\/en\/wp-json\/wp\/v2\/product_tag?post=25291"}],"curies":[{"name":"wp","href":"https:\/\/api.w.org\/{rel}","templated":true}]}}