{"id":25383,"date":"2025-08-19T00:16:32","date_gmt":"2025-08-18T21:16:32","guid":{"rendered":"https:\/\/pesu24.ee\/?post_type=product&#038;p=25383"},"modified":"2025-08-20T16:55:03","modified_gmt":"2025-08-20T13:55:03","slug":"sukad-obsessive-sugestina-15den","status":"publish","type":"product","link":"https:\/\/pesu24.ee\/en\/sukad\/sukad-obsessive-sugestina-15den\/","title":{"rendered":"Stockings Obsessive Sugestina (15 DEN)"},"content":{"rendered":"<p><strong>Lillelise motiiviga nahav\u00e4rvi sukad Obsessive Sugestina, mille tiheduseks 15DEN. S\u00e4\u00e4reosa tugevdatud Burgundia punase pitsiga, mille alumine \u00e4\u00e4re vooderdatud musta kangaga.<\/strong><\/p>\n<p>Sukad ei ole isehoidjad ja seet\u00f5ttu vajalik sukav\u00f6\u00f6. Sobilikud kandmaks mistahes sukav\u00f6\u00f6ga, aga k\u00f5ige ideaalsem sobivus tootefotodel oleva 3-osalise Sugestina pesukomplektiga.<\/p>\n<p><span style=\"color: #008000;\"><strong>DETAILS<\/strong><\/span><\/p>\n<ul>\n<li>lillelise motiiviga nahav\u00e4rvi sukad<\/li>\n<li>s\u00e4\u00e4reosa tugevdatud Burgundia punase pitsiga<\/li>\n<li>sukad ei ole isehoidvad (vajalik sukav\u00f6\u00f6 koos sukapaeladega)<\/li>\n<li>tihedus 15 DEN<\/li>\n<li>mugav kanda ja keha vastas tunda ning m\u00f5nus puudutada<\/li>\n<li>94% pol\u00fcamiid, 6% elastaan<\/li>\n<\/ul>\n<p>Sobib ideaalselt tootefotodel oleva <a href=\"https:\/\/pesu24.ee\/en\/pesukomplektid\/3-osaline-pesukomplekt-obsessive-sugestina\/\">3-osalise Sugestina pesukomplektiga<\/a> (komplektis rinnahoidja, sukav\u00f6\u00f6 ja p\u00fcksikud). Soovi korral saab Sugestina p\u00fcksikud osta eraldi.<\/p>","protected":false},"excerpt":{"rendered":"<p>&#46;&#46;&#46;<\/p>","protected":false},"featured_media":25459,"comment_status":"open","ping_status":"closed","template":"","meta":{"_glsr_average":0,"_glsr_ranking":0,"_glsr_reviews":0},"product_brand":[500],"product_cat":[29],"product_tag":[160],"class_list":{"0":"post-25383","1":"product","2":"type-product","3":"status-publish","4":"has-post-thumbnail","6":"product_brand-obsessive","7":"product_cat-sukad","8":"product_tag-obsessive","9":"pa_suurus-l-xl","10":"pa_suurus-s-m","11":"pa_varvus-punane","13":"first","14":"instock","15":"sold-individually","16":"taxable","17":"shipping-taxable","18":"purchasable","19":"product-type-variable"},"_links":{"self":[{"href":"https:\/\/pesu24.ee\/en\/wp-json\/wp\/v2\/product\/25383","targetHints":{"allow":["GET"]}}],"collection":[{"href":"https:\/\/pesu24.ee\/en\/wp-json\/wp\/v2\/product"}],"about":[{"href":"https:\/\/pesu24.ee\/en\/wp-json\/wp\/v2\/types\/product"}],"replies":[{"embeddable":true,"href":"https:\/\/pesu24.ee\/en\/wp-json\/wp\/v2\/comments?post=25383"}],"wp:featuredmedia":[{"embeddable":true,"href":"https:\/\/pesu24.ee\/en\/wp-json\/wp\/v2\/media\/25459"}],"wp:attachment":[{"href":"https:\/\/pesu24.ee\/en\/wp-json\/wp\/v2\/media?parent=25383"}],"wp:term":[{"taxonomy":"product_brand","embeddable":true,"href":"https:\/\/pesu24.ee\/en\/wp-json\/wp\/v2\/product_brand?post=25383"},{"taxonomy":"product_cat","embeddable":true,"href":"https:\/\/pesu24.ee\/en\/wp-json\/wp\/v2\/product_cat?post=25383"},{"taxonomy":"product_tag","embeddable":true,"href":"https:\/\/pesu24.ee\/en\/wp-json\/wp\/v2\/product_tag?post=25383"}],"curies":[{"name":"wp","href":"https:\/\/api.w.org\/{rel}","templated":true}]}}