{"id":25395,"date":"2025-08-19T00:21:49","date_gmt":"2025-08-18T21:21:49","guid":{"rendered":"https:\/\/pesu24.ee\/?post_type=product&#038;p=25395"},"modified":"2025-12-17T16:12:29","modified_gmt":"2025-12-17T13:12:29","slug":"valged-labipaistvad-sukad-obsessive-s800","status":"publish","type":"product","link":"https:\/\/pesu24.ee\/en\/sukad\/valged-labipaistvad-sukad-obsessive-s800\/","title":{"rendered":"Valged l\u00e4bipaistvad sukad Obsessive S800"},"content":{"rendered":"<p><span style=\"color: #008000;\"><strong>DETAILS:<\/strong><\/span><\/p>\n<ul>\n<li>veetlevad valged l\u00e4bipaistvad sukad (ecru)<\/li>\n<li>sile ja elastne materjal<\/li>\n<li>jalad n\u00e4evad sukkades ideaalsed v\u00e4lja<\/li>\n<li>stockings are not self-supported<\/li>\n<li>15DEN<\/li>\n<li>elastne materjal (85% pol\u00fcamiid; 15% elastaan)<\/li>\n<\/ul>\n<p style=\"text-align: justify;\">Sukad sobivad kokku 3-osalise pesukomplektiga Obsessive 871.<\/p>\n<p><span style=\"color: #008000;\"><strong>VIDEO<\/strong><\/span><\/p>\n<div class=\"video-container\"><iframe loading=\"lazy\" title=\"D\u00c1MSK\u00c9 PUN\u010cOCHY S800 CREAM\" width=\"500\" height=\"281\" src=\"https:\/\/www.youtube.com\/embed\/mtcKYbba8yA?feature=oembed&#038;wmode=opaque\" frameborder=\"0\" allow=\"accelerometer; autoplay; clipboard-write; encrypted-media; gyroscope; picture-in-picture; web-share\" referrerpolicy=\"strict-origin-when-cross-origin\" allowfullscreen><\/iframe><\/div>","protected":false},"excerpt":{"rendered":"<p>https:\/\/www.youtube.com\/watch?v=mtcKYbba8yA<\/p>","protected":false},"featured_media":12129,"comment_status":"open","ping_status":"closed","template":"","meta":{"_glsr_average":0,"_glsr_ranking":0,"_glsr_reviews":0},"product_brand":[500],"product_cat":[29],"product_tag":[160],"class_list":{"0":"post-25395","1":"product","2":"type-product","3":"status-publish","4":"has-post-thumbnail","6":"product_brand-obsessive","7":"product_cat-sukad","8":"product_tag-obsessive","9":"pa_suurus-l-xl","10":"pa_suurus-s-m","11":"pa_varvus-valge","13":"first","14":"instock","15":"sold-individually","16":"taxable","17":"shipping-taxable","18":"purchasable","19":"product-type-variable"},"_links":{"self":[{"href":"https:\/\/pesu24.ee\/en\/wp-json\/wp\/v2\/product\/25395","targetHints":{"allow":["GET"]}}],"collection":[{"href":"https:\/\/pesu24.ee\/en\/wp-json\/wp\/v2\/product"}],"about":[{"href":"https:\/\/pesu24.ee\/en\/wp-json\/wp\/v2\/types\/product"}],"replies":[{"embeddable":true,"href":"https:\/\/pesu24.ee\/en\/wp-json\/wp\/v2\/comments?post=25395"}],"wp:featuredmedia":[{"embeddable":true,"href":"https:\/\/pesu24.ee\/en\/wp-json\/wp\/v2\/media\/12129"}],"wp:attachment":[{"href":"https:\/\/pesu24.ee\/en\/wp-json\/wp\/v2\/media?parent=25395"}],"wp:term":[{"taxonomy":"product_brand","embeddable":true,"href":"https:\/\/pesu24.ee\/en\/wp-json\/wp\/v2\/product_brand?post=25395"},{"taxonomy":"product_cat","embeddable":true,"href":"https:\/\/pesu24.ee\/en\/wp-json\/wp\/v2\/product_cat?post=25395"},{"taxonomy":"product_tag","embeddable":true,"href":"https:\/\/pesu24.ee\/en\/wp-json\/wp\/v2\/product_tag?post=25395"}],"curies":[{"name":"wp","href":"https:\/\/api.w.org\/{rel}","templated":true}]}}