{"id":25403,"date":"2025-08-19T00:21:49","date_gmt":"2025-08-18T21:21:49","guid":{"rendered":"https:\/\/pesu24.ee\/?post_type=product&#038;p=25403"},"modified":"2025-11-10T21:39:00","modified_gmt":"2025-11-10T18:39:00","slug":"vorksukkpuksid-obsessive-s233","status":"publish","type":"product","link":"https:\/\/pesu24.ee\/en\/sukad\/vorksukkpuksid-obsessive-s233\/","title":{"rendered":"V\u00f5rksukkp\u00fcksid Obsessive S233"},"content":{"rendered":"<p style=\"text-align: justify;\">Kui Teile meeldib pisut v\u00fcrtsikam kogemus, siis need Obssessive S233 v\u00f5rksukkp\u00fcksid sobivad selleks suurep\u00e4raselt. V\u00f5rksukkp\u00fcksid on v\u00e4ga venivad, luues suurep\u00e4rase sobivuse igale kehat\u00fc\u00fcbile.<\/p>\n<p style=\"text-align: justify;\">Lisa v\u00f5rksukkp\u00fckstele juurde romantilist atmosf\u00e4\u00e4ri tekitavad <a class=\"sex_shop\" href=\"https:\/\/loveshop.ee\/tooted\/libestid-ja-massaaziolid\/massaazikuunlad\/\">massaa\u017eik\u00fc\u00fcnlad<\/a> ja endale sobilik tumedamates toonides <a class=\"sex_shop\" href=\"https:\/\/pesu24.ee\/en\/babydollid\/\">babydoll<\/a> ning tee kallimale \u00fcks meeldej\u00e4\u00e4vam kingitus v\u00f5i \u00f5htu.<\/p>\n<p><span style=\"color: #008000;\"><strong>DETAILS:<\/strong><\/span><\/p>\n<ul>\n<li style=\"text-align: justify;\">v\u00f5rgutavad v\u00f5rksukkp\u00fcksid<\/li>\n<li style=\"text-align: justify;\">eest l\u00e4bipaistvad, tagant originaalse l\u00f5ikega<\/li>\n<li style=\"text-align: justify;\">vastupidavast 3Sknit kudumist<\/li>\n<li style=\"text-align: justify;\">universaalsuuruses (S\/M\/L)<\/li>\n<li style=\"text-align: justify;\">v\u00e4ga venivad, sobilik enamike kehat\u00fc\u00fcpidega<\/li>\n<li style=\"text-align: justify;\">materjal 90% nailon, 10% elastaan<\/li>\n<\/ul>","protected":false},"excerpt":{"rendered":"<p>&#46;&#46;&#46;<\/p>","protected":false},"featured_media":20252,"comment_status":"open","ping_status":"closed","template":"","meta":{"_glsr_average":0,"_glsr_ranking":0,"_glsr_reviews":0},"product_brand":[500],"product_cat":[29],"product_tag":[160],"class_list":{"0":"post-25403","1":"product","2":"type-product","3":"status-publish","4":"has-post-thumbnail","6":"product_brand-obsessive","7":"product_cat-sukad","8":"product_tag-obsessive","9":"pa_suurus-universaalsuurus","10":"pa_varvus-must","12":"first","13":"instock","14":"sold-individually","15":"taxable","16":"shipping-taxable","17":"purchasable","18":"product-type-simple"},"_links":{"self":[{"href":"https:\/\/pesu24.ee\/en\/wp-json\/wp\/v2\/product\/25403","targetHints":{"allow":["GET"]}}],"collection":[{"href":"https:\/\/pesu24.ee\/en\/wp-json\/wp\/v2\/product"}],"about":[{"href":"https:\/\/pesu24.ee\/en\/wp-json\/wp\/v2\/types\/product"}],"replies":[{"embeddable":true,"href":"https:\/\/pesu24.ee\/en\/wp-json\/wp\/v2\/comments?post=25403"}],"wp:featuredmedia":[{"embeddable":true,"href":"https:\/\/pesu24.ee\/en\/wp-json\/wp\/v2\/media\/20252"}],"wp:attachment":[{"href":"https:\/\/pesu24.ee\/en\/wp-json\/wp\/v2\/media?parent=25403"}],"wp:term":[{"taxonomy":"product_brand","embeddable":true,"href":"https:\/\/pesu24.ee\/en\/wp-json\/wp\/v2\/product_brand?post=25403"},{"taxonomy":"product_cat","embeddable":true,"href":"https:\/\/pesu24.ee\/en\/wp-json\/wp\/v2\/product_cat?post=25403"},{"taxonomy":"product_tag","embeddable":true,"href":"https:\/\/pesu24.ee\/en\/wp-json\/wp\/v2\/product_tag?post=25403"}],"curies":[{"name":"wp","href":"https:\/\/api.w.org\/{rel}","templated":true}]}}