{"id":25407,"date":"2025-08-19T00:21:49","date_gmt":"2025-08-18T21:21:49","guid":{"rendered":"https:\/\/pesu24.ee\/?post_type=product&#038;p=25407"},"modified":"2025-08-21T14:35:52","modified_gmt":"2025-08-21T11:35:52","slug":"vorksukkpuksid-obsessive-s812","status":"publish","type":"product","link":"https:\/\/pesu24.ee\/en\/sukad\/vorksukkpuksid-obsessive-s812\/","title":{"rendered":"V\u00f5rksukkp\u00fcksid Obsessive S812"},"content":{"rendered":"<p>Oh jah, unistused t\u00e4ituvad kiiremini, kui arvate! Mitte ainult teie, vaid ka teie kallima unistused! Veedate imelisi hetki Obsessive S812 v\u00f5rksukkp\u00fckstega. Teie jalad on t\u00e4na \u00f5htul tema t\u00e4helepanu keskpunktis ja see on hea &#8211; nad v\u00e4\u00e4rivad puudutamist ja armastamist! V\u00f5ib-olla on aeg magamistoas juhtimine \u00fcle v\u00f5tta? Tunneta oma naiselikku v\u00e4ge ja n\u00e4ita talle temperamenti.<\/p>\n<p>Tootefotodel olevad stringid ei kuulu komplekti, aga soovi korral valida sobilikud meie seksikate <a href=\"https:\/\/pesu24.ee\/en\/stringid-puksikud\/\">stringide ja p\u00fcksikute<\/a> kategooriast ning kombineerida meie laia valiku <a href=\"https:\/\/pesu24.ee\/en\/pood\/\">seksika pesuga<\/a>.<\/p>\n<p><span style=\"color: #008000;\"><strong>DETAILS:<\/strong><\/span><\/p>\n<ul>\n<li>veniv materjal tagab ideaalse sobivuse<\/li>\n<li>3SKnit tehnoloogia kudumid tagavad vastupidavuse<\/li>\n<li>valmistatud 90% nailon ja 10% elastaan<\/li>\n<li>saadaval kahes suuruses: S\/M\/L ja XL\/XXL<\/li>\n<\/ul>\n<p><span style=\"color: #008000;\"><strong>VIDEO<\/strong><\/span><\/p>\n<div class=\"video-container\"><iframe loading=\"lazy\" title=\"SV\u016eDN\u00c9 PUN\u010cOCHY S812 - OBSESSIVE\" width=\"500\" height=\"281\" src=\"https:\/\/www.youtube.com\/embed\/AF_zYmT1Xmg?feature=oembed&#038;wmode=opaque\" frameborder=\"0\" allow=\"accelerometer; autoplay; clipboard-write; encrypted-media; gyroscope; picture-in-picture; web-share\" referrerpolicy=\"strict-origin-when-cross-origin\" allowfullscreen><\/iframe><\/div>","protected":false},"excerpt":{"rendered":"<p>&#46;&#46;&#46;<\/p>","protected":false},"featured_media":20473,"comment_status":"open","ping_status":"closed","template":"","meta":{"_glsr_average":0,"_glsr_ranking":0,"_glsr_reviews":0},"product_brand":[500],"product_cat":[29],"product_tag":[],"class_list":{"0":"post-25407","1":"product","2":"type-product","3":"status-publish","4":"has-post-thumbnail","6":"product_brand-obsessive","7":"product_cat-sukad","8":"pa_suurus-universaalsuurus","9":"pa_suurus-xl-xxl","11":"first","12":"instock","13":"sold-individually","14":"taxable","15":"shipping-taxable","16":"purchasable","17":"product-type-variable"},"_links":{"self":[{"href":"https:\/\/pesu24.ee\/en\/wp-json\/wp\/v2\/product\/25407","targetHints":{"allow":["GET"]}}],"collection":[{"href":"https:\/\/pesu24.ee\/en\/wp-json\/wp\/v2\/product"}],"about":[{"href":"https:\/\/pesu24.ee\/en\/wp-json\/wp\/v2\/types\/product"}],"replies":[{"embeddable":true,"href":"https:\/\/pesu24.ee\/en\/wp-json\/wp\/v2\/comments?post=25407"}],"wp:featuredmedia":[{"embeddable":true,"href":"https:\/\/pesu24.ee\/en\/wp-json\/wp\/v2\/media\/20473"}],"wp:attachment":[{"href":"https:\/\/pesu24.ee\/en\/wp-json\/wp\/v2\/media?parent=25407"}],"wp:term":[{"taxonomy":"product_brand","embeddable":true,"href":"https:\/\/pesu24.ee\/en\/wp-json\/wp\/v2\/product_brand?post=25407"},{"taxonomy":"product_cat","embeddable":true,"href":"https:\/\/pesu24.ee\/en\/wp-json\/wp\/v2\/product_cat?post=25407"},{"taxonomy":"product_tag","embeddable":true,"href":"https:\/\/pesu24.ee\/en\/wp-json\/wp\/v2\/product_tag?post=25407"}],"curies":[{"name":"wp","href":"https:\/\/api.w.org\/{rel}","templated":true}]}}