{"id":25412,"date":"2025-08-19T00:21:49","date_gmt":"2025-08-18T21:21:49","guid":{"rendered":"https:\/\/pesu24.ee\/?post_type=product&#038;p=25412"},"modified":"2025-08-21T16:29:19","modified_gmt":"2025-08-21T13:29:19","slug":"garter-sukad-beauty-night-marisol","status":"publish","type":"product","link":"https:\/\/pesu24.ee\/en\/sukad\/garter-sukad-beauty-night-marisol\/","title":{"rendered":"Garter sukad Beauty Night Marisol"},"content":{"rendered":"<p>Naiselikud garter sukad Beauty Night Marisol on kaunistatud pilkup\u00fc\u00fcdvate kivikestega, mis r\u00f5hutavad naiselikke vorme.<\/p>\n<p><span style=\"color: #008000;\"><strong>DETAILS:<\/strong><\/span><\/p>\n<ul>\n<li>kaks-\u00fches sukad koos sukav\u00f6\u00f6ga<\/li>\n<li>kaunistatud kivikestega<\/li>\n<li>\u00fcks suurus sobib enamikule S\/M\/L<\/li>\n<li>valmistatud mugavast ja elastsest materjalist (90% pol\u00fcamiid, 10% elastaan)<\/li>\n<\/ul>","protected":false},"excerpt":{"rendered":"<p>&#46;&#46;&#46;<\/p>","protected":false},"featured_media":20561,"comment_status":"open","ping_status":"closed","template":"","meta":{"_glsr_average":0,"_glsr_ranking":0,"_glsr_reviews":0},"product_brand":[503],"product_cat":[29],"product_tag":[403],"class_list":{"0":"post-25412","1":"product","2":"type-product","3":"status-publish","4":"has-post-thumbnail","6":"product_brand-beauty-night","7":"product_cat-sukad","8":"product_tag-beauty-night","9":"pa_suurus-universaalsuurus","10":"pa_varvus-must","12":"first","13":"instock","14":"sold-individually","15":"taxable","16":"shipping-taxable","17":"purchasable","18":"product-type-simple"},"_links":{"self":[{"href":"https:\/\/pesu24.ee\/en\/wp-json\/wp\/v2\/product\/25412","targetHints":{"allow":["GET"]}}],"collection":[{"href":"https:\/\/pesu24.ee\/en\/wp-json\/wp\/v2\/product"}],"about":[{"href":"https:\/\/pesu24.ee\/en\/wp-json\/wp\/v2\/types\/product"}],"replies":[{"embeddable":true,"href":"https:\/\/pesu24.ee\/en\/wp-json\/wp\/v2\/comments?post=25412"}],"wp:featuredmedia":[{"embeddable":true,"href":"https:\/\/pesu24.ee\/en\/wp-json\/wp\/v2\/media\/20561"}],"wp:attachment":[{"href":"https:\/\/pesu24.ee\/en\/wp-json\/wp\/v2\/media?parent=25412"}],"wp:term":[{"taxonomy":"product_brand","embeddable":true,"href":"https:\/\/pesu24.ee\/en\/wp-json\/wp\/v2\/product_brand?post=25412"},{"taxonomy":"product_cat","embeddable":true,"href":"https:\/\/pesu24.ee\/en\/wp-json\/wp\/v2\/product_cat?post=25412"},{"taxonomy":"product_tag","embeddable":true,"href":"https:\/\/pesu24.ee\/en\/wp-json\/wp\/v2\/product_tag?post=25412"}],"curies":[{"name":"wp","href":"https:\/\/api.w.org\/{rel}","templated":true}]}}