{"id":25413,"date":"2025-08-19T00:21:50","date_gmt":"2025-08-18T21:21:50","guid":{"rendered":"https:\/\/pesu24.ee\/?post_type=product&#038;p=25413"},"modified":"2025-10-11T02:01:57","modified_gmt":"2025-10-10T23:01:57","slug":"garter-sukad-beauty-night-pilar","status":"publish","type":"product","link":"https:\/\/pesu24.ee\/en\/sukad\/garter-sukad-beauty-night-pilar\/","title":{"rendered":"Garter sukad Beauty Night Pilar"},"content":{"rendered":"<p>Kaunid garter sukad Beauty Night Pilar on kaunistatud pilkup\u00fc\u00fcdvate kivikestega, mis r\u00f5hutavad naiselikke vorme.<\/p>\n<p><span style=\"color: #008000;\"><strong>DETAILS:<\/strong><\/span><\/p>\n<ul>\n<li>kaks-\u00fches sukad koos sukav\u00f6\u00f6ga<\/li>\n<li>kaunistatud kivikestega<\/li>\n<li>\u00fcks suurus sobib enamikule S\/M\/L<\/li>\n<li>valmistatud mugavast ja elastsest materjalist (90% pol\u00fcamiid, 10% elastaan)<\/li>\n<\/ul>","protected":false},"excerpt":{"rendered":"<p>&#46;&#46;&#46;<\/p>","protected":false},"featured_media":20671,"comment_status":"open","ping_status":"closed","template":"","meta":{"_glsr_average":0,"_glsr_ranking":0,"_glsr_reviews":0},"product_brand":[503],"product_cat":[29],"product_tag":[403],"class_list":{"0":"post-25413","1":"product","2":"type-product","3":"status-publish","4":"has-post-thumbnail","6":"product_brand-beauty-night","7":"product_cat-sukad","8":"product_tag-beauty-night","9":"pa_varvus-must","11":"first","12":"instock","13":"sold-individually","14":"taxable","15":"shipping-taxable","16":"purchasable","17":"product-type-simple"},"_links":{"self":[{"href":"https:\/\/pesu24.ee\/en\/wp-json\/wp\/v2\/product\/25413","targetHints":{"allow":["GET"]}}],"collection":[{"href":"https:\/\/pesu24.ee\/en\/wp-json\/wp\/v2\/product"}],"about":[{"href":"https:\/\/pesu24.ee\/en\/wp-json\/wp\/v2\/types\/product"}],"replies":[{"embeddable":true,"href":"https:\/\/pesu24.ee\/en\/wp-json\/wp\/v2\/comments?post=25413"}],"wp:featuredmedia":[{"embeddable":true,"href":"https:\/\/pesu24.ee\/en\/wp-json\/wp\/v2\/media\/20671"}],"wp:attachment":[{"href":"https:\/\/pesu24.ee\/en\/wp-json\/wp\/v2\/media?parent=25413"}],"wp:term":[{"taxonomy":"product_brand","embeddable":true,"href":"https:\/\/pesu24.ee\/en\/wp-json\/wp\/v2\/product_brand?post=25413"},{"taxonomy":"product_cat","embeddable":true,"href":"https:\/\/pesu24.ee\/en\/wp-json\/wp\/v2\/product_cat?post=25413"},{"taxonomy":"product_tag","embeddable":true,"href":"https:\/\/pesu24.ee\/en\/wp-json\/wp\/v2\/product_tag?post=25413"}],"curies":[{"name":"wp","href":"https:\/\/api.w.org\/{rel}","templated":true}]}}