{"id":25416,"date":"2025-08-19T00:21:50","date_gmt":"2025-08-18T21:21:50","guid":{"rendered":"https:\/\/pesu24.ee\/?post_type=product&#038;p=25416"},"modified":"2025-08-21T14:31:08","modified_gmt":"2025-08-21T11:31:08","slug":"sukad-obsessive-rediosa-15-den","status":"publish","type":"product","link":"https:\/\/pesu24.ee\/en\/sukad\/sukad-obsessive-rediosa-15-den\/","title":{"rendered":"Stockings Obsessive Rediosa (15 DEN)"},"content":{"rendered":"<p><strong>Punased sukad Obsessive pesukollektsioonist Rediosa. S\u00e4\u00e4reosa kaunistatud punasega pitsiga ja eest s\u00e4\u00e4reosa lahtise l\u00f5ikega, mis kaunistatud rihmakestega, kuhu saab kinnitada sukahoidja.<\/strong><\/p>\n<p>Sukad ei ole isehoidvad ja seega kasutada koos sukav\u00f6\u00f6 v\u00f5i\/ja sukahoidjatega. Rediosa sukad sobivad ideaalselt sama pesukollektsiooni <a href=\"https:\/\/pesu24.ee\/en\/aksessuaarid\/avatud-sukavoo-obsessive-rediosa\/\">Rediosa avatud sukav\u00f6\u00f6ga<\/a> ja <a href=\"https:\/\/pesu24.ee\/en\/oosargid\/oosark-ookleit-obsessive-rediosa\/\">Rediosa avatud \u00f6\u00f6kleidiga<\/a>.<\/p>\n<p>Sukkade tiheduseks 15 DEN. Valmistatud elastsest kehaga kohanduvast materjalist (90% pol\u00fcamiid ja 10% elastaan) ning saadaval suurustes S\/M ja L\/XL.<\/p>\n<p><span style=\"color: #008000;\"><strong>DETAILS:<\/strong><\/span><\/p>\n<ul>\n<li>density 15DEN<\/li>\n<li>ei ole isehoidvad<\/li>\n<li>s\u00e4\u00e4reosa punasest pitsist<\/li>\n<li>materjal 90% pol\u00fcamiid ja 10% elastaan<\/li>\n<\/ul>\n<p>Tootefotodel on sukahoidjana kasutatud sama pesukollektsiooni <a href=\"https:\/\/pesu24.ee\/en\/oosargid\/oosark-ookleit-obsessive-rediosa\/\">Rediosa \u00f6\u00f6kleiti<\/a>.<\/p>","protected":false},"excerpt":{"rendered":"<p>&#46;&#46;&#46;<\/p>","protected":false},"featured_media":21516,"comment_status":"open","ping_status":"closed","template":"","meta":{"_glsr_average":0,"_glsr_ranking":0,"_glsr_reviews":0},"product_brand":[500],"product_cat":[29],"product_tag":[160],"class_list":{"0":"post-25416","1":"product","2":"type-product","3":"status-publish","4":"has-post-thumbnail","6":"product_brand-obsessive","7":"product_cat-sukad","8":"product_tag-obsessive","9":"pa_suurus-l-xl","10":"pa_suurus-s-m","11":"pa_varvus-punane","13":"first","14":"instock","15":"sold-individually","16":"taxable","17":"shipping-taxable","18":"purchasable","19":"product-type-variable"},"_links":{"self":[{"href":"https:\/\/pesu24.ee\/en\/wp-json\/wp\/v2\/product\/25416","targetHints":{"allow":["GET"]}}],"collection":[{"href":"https:\/\/pesu24.ee\/en\/wp-json\/wp\/v2\/product"}],"about":[{"href":"https:\/\/pesu24.ee\/en\/wp-json\/wp\/v2\/types\/product"}],"replies":[{"embeddable":true,"href":"https:\/\/pesu24.ee\/en\/wp-json\/wp\/v2\/comments?post=25416"}],"wp:featuredmedia":[{"embeddable":true,"href":"https:\/\/pesu24.ee\/en\/wp-json\/wp\/v2\/media\/21516"}],"wp:attachment":[{"href":"https:\/\/pesu24.ee\/en\/wp-json\/wp\/v2\/media?parent=25416"}],"wp:term":[{"taxonomy":"product_brand","embeddable":true,"href":"https:\/\/pesu24.ee\/en\/wp-json\/wp\/v2\/product_brand?post=25416"},{"taxonomy":"product_cat","embeddable":true,"href":"https:\/\/pesu24.ee\/en\/wp-json\/wp\/v2\/product_cat?post=25416"},{"taxonomy":"product_tag","embeddable":true,"href":"https:\/\/pesu24.ee\/en\/wp-json\/wp\/v2\/product_tag?post=25416"}],"curies":[{"name":"wp","href":"https:\/\/api.w.org\/{rel}","templated":true}]}}