{"id":25419,"date":"2025-08-19T00:21:50","date_gmt":"2025-08-18T21:21:50","guid":{"rendered":"https:\/\/pesu24.ee\/?post_type=product&#038;p=25419"},"modified":"2025-08-21T14:31:18","modified_gmt":"2025-08-21T11:31:18","slug":"sukad-obsessive-s818","status":"publish","type":"product","link":"https:\/\/pesu24.ee\/en\/sukad\/sukad-obsessive-s818\/","title":{"rendered":"Sukad Obsessive S818"},"content":{"rendered":"<p>Sukad Obsessive S818 on valmistatud v\u00e4ga venivast ja vastupidavast materjalist (90% pol\u00fcamiid, 10% pol\u00fcetraan). Sukkade l\u00f5ikel, mustril ja ka materjalil on s\u00e4\u00e4ri ja reisi salendav efekt.<\/p>\n<p>Sukad ei ole isehoidvad, aga sukkadel on sukahoidja v\u00f5imekus. Sukapaelad saab kinnitada l\u00e4ikivast materjalist sukas\u00e4\u00e4re k\u00fclge. Sobib ideaalselt tootefotodel oleva A762 sukav\u00f6\u00f6ga.<\/p>\n<p><span style=\"color: #008000;\"><strong>DETAILS<\/strong><\/span><\/p>\n<ul>\n<li>mustad triibulised sukad<\/li>\n<li>s\u00e4\u00e4reosa l\u00e4ikivast materjalist<\/li>\n<li>stockings are not self-supported<\/li>\n<li>s\u00e4\u00e4ri ja reisi salendav efekt<\/li>\n<li>saadaval ka pluss-suurus<\/li>\n<li>veniv materjal (90% pol\u00fcamiid, 10% pol\u00fcetraan)<\/li>\n<\/ul>\n<p>Tootefotodel olevad <a href=\"https:\/\/pesu24.ee\/en\/aksessuaarid\/metallist-kaunistustega-mustad-nibukatted-obsessive-a763\/\">nibukatted Obsessive A763<\/a> ei kuulu komplekti ega tule tootega kaasa.<\/p>\n<p><span style=\"color: #008000;\"><strong>VIDEO<\/strong><\/span><\/p>\n<div class=\"video-container\"><iframe loading=\"lazy\" title=\"JEDINE\u010cN\u00c9 PUN\u010cOCHY S818 STOCKINGS - OBSESSIVE\" width=\"500\" height=\"281\" src=\"https:\/\/www.youtube.com\/embed\/QmbNoWYtxYg?feature=oembed&#038;wmode=opaque\" frameborder=\"0\" allow=\"accelerometer; autoplay; clipboard-write; encrypted-media; gyroscope; picture-in-picture; web-share\" referrerpolicy=\"strict-origin-when-cross-origin\" allowfullscreen><\/iframe><\/div>","protected":false},"excerpt":{"rendered":"<p>&#46;&#46;&#46;<\/p>","protected":false},"featured_media":21604,"comment_status":"open","ping_status":"closed","template":"","meta":{"_glsr_average":0,"_glsr_ranking":0,"_glsr_reviews":0},"product_brand":[500],"product_cat":[29],"product_tag":[398,160],"class_list":{"0":"post-25419","1":"product","2":"type-product","3":"status-publish","4":"has-post-thumbnail","6":"product_brand-obsessive","7":"product_cat-sukad","8":"product_tag-latekspesu","9":"product_tag-obsessive","10":"pa_suurus-l-xl","11":"pa_suurus-s-m","12":"pa_suurus-xxl","14":"first","15":"instock","16":"sold-individually","17":"taxable","18":"shipping-taxable","19":"purchasable","20":"product-type-variable"},"_links":{"self":[{"href":"https:\/\/pesu24.ee\/en\/wp-json\/wp\/v2\/product\/25419","targetHints":{"allow":["GET"]}}],"collection":[{"href":"https:\/\/pesu24.ee\/en\/wp-json\/wp\/v2\/product"}],"about":[{"href":"https:\/\/pesu24.ee\/en\/wp-json\/wp\/v2\/types\/product"}],"replies":[{"embeddable":true,"href":"https:\/\/pesu24.ee\/en\/wp-json\/wp\/v2\/comments?post=25419"}],"wp:featuredmedia":[{"embeddable":true,"href":"https:\/\/pesu24.ee\/en\/wp-json\/wp\/v2\/media\/21604"}],"wp:attachment":[{"href":"https:\/\/pesu24.ee\/en\/wp-json\/wp\/v2\/media?parent=25419"}],"wp:term":[{"taxonomy":"product_brand","embeddable":true,"href":"https:\/\/pesu24.ee\/en\/wp-json\/wp\/v2\/product_brand?post=25419"},{"taxonomy":"product_cat","embeddable":true,"href":"https:\/\/pesu24.ee\/en\/wp-json\/wp\/v2\/product_cat?post=25419"},{"taxonomy":"product_tag","embeddable":true,"href":"https:\/\/pesu24.ee\/en\/wp-json\/wp\/v2\/product_tag?post=25419"}],"curies":[{"name":"wp","href":"https:\/\/api.w.org\/{rel}","templated":true}]}}