{"id":25420,"date":"2025-08-19T00:21:50","date_gmt":"2025-08-18T21:21:50","guid":{"rendered":"https:\/\/pesu24.ee\/?post_type=product&#038;p=25420"},"modified":"2026-03-23T12:34:21","modified_gmt":"2026-03-23T10:34:21","slug":"sukad-obsessive-remediosa-saadaval-ka-pluss-suuruses","status":"publish","type":"product","link":"https:\/\/pesu24.ee\/en\/sukad\/sukad-obsessive-remediosa-saadaval-ka-pluss-suuruses\/","title":{"rendered":"Stockings Obsessive Remediosa"},"content":{"rendered":"<p>Sukad Obsessive Remdediosa on mustad v\u00f5rksukad, mille s\u00e4\u00e4reosa \u00abwetlook\u00bb l\u00e4ikiva <a href=\"https:\/\/pesu24.ee\/en\/omadus\/latekspesu\/\">lateksit<\/a> meenutava, mille k\u00fclge saab kinnitada sukapaelad. \u00dchtlasi sukkade s\u00e4\u00e4reosa paeltest seotav.<\/p>\n<p>Komplekti ei kuulu fotodel olev <a href=\"https:\/\/pesu24.ee\/en\/aksessuaarid\/sukahoidja-obsessive-a767\/\">A767 sukav\u00f6\u00f6<\/a> koos kettide ja sukapaeltega ning <a href=\"https:\/\/loveshop.ee\/online-sekspood\/fetish\/kaerauad\/mustast-nahalaadsest-ja-kuldse-ketiga-uhendatud-kaerauad\/\">A768 Obsessive k\u00e4erauad<\/a>. Samuti ei kuulu komplekti fotodel olevad <a href=\"https:\/\/pesu24.ee\/en\/stringid-puksikud\/avatud-stringid-obsessive-remediosa\/\">Remediosa stringid<\/a>. Saadaval ka pluss-suuruses (XXL). Juhul kui XXL suurust ei ole valikus, siis suurus on hetkel otsa saanud ja peagi saabub lattu.<\/p>\n<p><span style=\"color: #008000;\"><strong>DETAILS<\/strong><\/span><\/p>\n<ul>\n<li>\u00e4\u00e4rmiselt intrigeerivad sukad<\/li>\n<li>s\u00e4\u00e4reosa l\u00e4ikiva lateksimitatsiooniga ja paeltest seotav<\/li>\n<li>komplekti ei kuulu stringid, sukav\u00f6\u00f6, ketid ja sukapaelad<\/li>\n<li>veniv ja vastupidav materjal (90% pol\u00fcammid, 10% pol\u00fcuretaan)<\/li>\n<\/ul>\n<p><span style=\"color: #008000;\"><strong>VIDEO<\/strong><\/span><\/p>\n<div class=\"video-container\"><iframe loading=\"lazy\" title=\"SMYSLN\u00c9 PUN\u010cOCHY REMEDIOSA STOCKINGS - OBSESSIVE\" width=\"500\" height=\"281\" src=\"https:\/\/www.youtube.com\/embed\/uWGCM9QW8Ug?feature=oembed&#038;wmode=opaque\" frameborder=\"0\" allow=\"accelerometer; autoplay; clipboard-write; encrypted-media; gyroscope; picture-in-picture; web-share\" referrerpolicy=\"strict-origin-when-cross-origin\" allowfullscreen><\/iframe><\/div>","protected":false},"excerpt":{"rendered":"<p>https:\/\/www.youtube.com\/watch?v=uWGCM9QW8Ug<\/p>","protected":false},"featured_media":25386,"comment_status":"open","ping_status":"closed","template":"","meta":{"_glsr_average":0,"_glsr_ranking":0,"_glsr_reviews":0},"product_brand":[500],"product_cat":[29],"product_tag":[398,160],"class_list":{"0":"post-25420","1":"product","2":"type-product","3":"status-publish","4":"has-post-thumbnail","6":"product_brand-obsessive","7":"product_cat-sukad","8":"product_tag-latekspesu","9":"product_tag-obsessive","10":"pa_suurus-l-xl","11":"pa_suurus-s-m","12":"pa_suurus-xxl","13":"pa_varvus-must","15":"first","16":"instock","17":"sale","18":"sold-individually","19":"taxable","20":"shipping-taxable","21":"purchasable","22":"product-type-variable"},"_links":{"self":[{"href":"https:\/\/pesu24.ee\/en\/wp-json\/wp\/v2\/product\/25420","targetHints":{"allow":["GET"]}}],"collection":[{"href":"https:\/\/pesu24.ee\/en\/wp-json\/wp\/v2\/product"}],"about":[{"href":"https:\/\/pesu24.ee\/en\/wp-json\/wp\/v2\/types\/product"}],"replies":[{"embeddable":true,"href":"https:\/\/pesu24.ee\/en\/wp-json\/wp\/v2\/comments?post=25420"}],"wp:featuredmedia":[{"embeddable":true,"href":"https:\/\/pesu24.ee\/en\/wp-json\/wp\/v2\/media\/25386"}],"wp:attachment":[{"href":"https:\/\/pesu24.ee\/en\/wp-json\/wp\/v2\/media?parent=25420"}],"wp:term":[{"taxonomy":"product_brand","embeddable":true,"href":"https:\/\/pesu24.ee\/en\/wp-json\/wp\/v2\/product_brand?post=25420"},{"taxonomy":"product_cat","embeddable":true,"href":"https:\/\/pesu24.ee\/en\/wp-json\/wp\/v2\/product_cat?post=25420"},{"taxonomy":"product_tag","embeddable":true,"href":"https:\/\/pesu24.ee\/en\/wp-json\/wp\/v2\/product_tag?post=25420"}],"curies":[{"name":"wp","href":"https:\/\/api.w.org\/{rel}","templated":true}]}}