{"id":25430,"date":"2025-08-19T00:22:15","date_gmt":"2025-08-18T21:22:15","guid":{"rendered":"https:\/\/pesu24.ee\/?post_type=product&#038;p=25430"},"modified":"2026-01-15T09:12:20","modified_gmt":"2026-01-15T06:12:20","slug":"sukad-noir-handmade-f190","status":"publish","type":"product","link":"https:\/\/pesu24.ee\/en\/sukad\/sukad-noir-handmade-f190\/","title":{"rendered":"Sukad Noir Handmade F190"},"content":{"rendered":"<p>Noir Handmade F190 sukad on valmistatud sensuaalsest PVC-materjalist, millel on ees ja taga dekoratiivsed \u00f5mblused. Sukad annavad teie v\u00e4limusele juurde v\u00fcrtsi ja teevad teist iga peo superstaari.<\/p>\n<p><span style=\"color: #008000;\"><strong>KOMPLEKT SISALDAB:<\/strong><\/span><\/p>\n<ul>\n<li>sukad<\/li>\n<\/ul>\n<p>Sukad Noir Handmade F190 sobivad kokku j\u00e4rgmiste Noir Handmade toodetega: <a href=\"https:\/\/pesu24.ee\/en\/kleidid-seelikud\/kleit-noir-handmade-f187\/\">kleit F187<\/a>, <a href=\"https:\/\/pesu24.ee\/en\/aksessuaarid\/miniseelik-noir-handmade-f189\/\">miniseelik F189<\/a> ja <a href=\"https:\/\/pesu24.ee\/en\/bodyd\/body-noir-handmade-f191\/\">body F191<\/a>.<\/p>\n<p><span style=\"color: #008000;\"><strong>DETAILS:<\/strong><\/span><\/p>\n<ul>\n<li><em>wet-look<\/em> stiilis<\/li>\n<li>kaetud PVC-materjaliga (100% pol\u00fcuretaan)<\/li>\n<li>sensuaalse disainiga<\/li>\n<li>mugav ja elastne materjal (80% pol\u00fcamiid; 20% elastaan)<\/li>\n<\/ul>","protected":false},"excerpt":{"rendered":"<p>&#46;&#46;&#46;<\/p>","protected":false},"featured_media":25489,"comment_status":"open","ping_status":"closed","template":"","meta":{"_glsr_average":0,"_glsr_ranking":0,"_glsr_reviews":0},"product_brand":[501],"product_cat":[29],"product_tag":[398,218],"class_list":{"0":"post-25430","1":"product","2":"type-product","3":"status-publish","4":"has-post-thumbnail","6":"product_brand-noir-handmade","7":"product_cat-sukad","8":"product_tag-latekspesu","9":"product_tag-noir-handmade","10":"pa_suurus-l","11":"pa_suurus-m","12":"pa_suurus-s","13":"pa_varvus-must","15":"first","16":"instock","17":"sold-individually","18":"taxable","19":"shipping-taxable","20":"purchasable","21":"product-type-variable"},"_links":{"self":[{"href":"https:\/\/pesu24.ee\/en\/wp-json\/wp\/v2\/product\/25430","targetHints":{"allow":["GET"]}}],"collection":[{"href":"https:\/\/pesu24.ee\/en\/wp-json\/wp\/v2\/product"}],"about":[{"href":"https:\/\/pesu24.ee\/en\/wp-json\/wp\/v2\/types\/product"}],"replies":[{"embeddable":true,"href":"https:\/\/pesu24.ee\/en\/wp-json\/wp\/v2\/comments?post=25430"}],"wp:featuredmedia":[{"embeddable":true,"href":"https:\/\/pesu24.ee\/en\/wp-json\/wp\/v2\/media\/25489"}],"wp:attachment":[{"href":"https:\/\/pesu24.ee\/en\/wp-json\/wp\/v2\/media?parent=25430"}],"wp:term":[{"taxonomy":"product_brand","embeddable":true,"href":"https:\/\/pesu24.ee\/en\/wp-json\/wp\/v2\/product_brand?post=25430"},{"taxonomy":"product_cat","embeddable":true,"href":"https:\/\/pesu24.ee\/en\/wp-json\/wp\/v2\/product_cat?post=25430"},{"taxonomy":"product_tag","embeddable":true,"href":"https:\/\/pesu24.ee\/en\/wp-json\/wp\/v2\/product_tag?post=25430"}],"curies":[{"name":"wp","href":"https:\/\/api.w.org\/{rel}","templated":true}]}}