{"id":25434,"date":"2025-08-19T00:22:15","date_gmt":"2025-08-18T21:22:15","guid":{"rendered":"https:\/\/pesu24.ee\/?post_type=product&#038;p=25434"},"modified":"2025-08-20T14:57:53","modified_gmt":"2025-08-20T11:57:53","slug":"sukad-noir-handmade-f158","status":"publish","type":"product","link":"https:\/\/pesu24.ee\/en\/sukad\/sukad-noir-handmade-f158\/","title":{"rendered":"Stockings Noir Handmade F158"},"content":{"rendered":"<p>Noir Handmade F158 sukad on imelise <em>wet-look<\/em> stiiliga ning annavad teie v\u00e4limusele juurde v\u00fcrtsi ja teevad teist iga peo superstaari. Sukad on isehoidvad, kuid soovikorral v\u00f5ite neid kanda sukahoidjaga.<\/p>\n<p>Sukad Noir Handmade F158 sobib kokku j\u00e4rgmiste Noir Handmade toodetega: <a href=\"https:\/\/pesu24.ee\/en\/aksessuaarid\/sukahoidja-noir-handmade-f156\/\">sukahoidja F156<\/a>, <a href=\"https:\/\/pesu24.ee\/en\/aksessuaarid\/rinnahoidja-noir-handmade-f157\/\">rinnahoidja F157<\/a> ja <a href=\"https:\/\/pesu24.ee\/en\/stringid-puksikud\/stringid-noir-handmade-f161\/\">stringid F161<\/a>.<\/p>\n<p><span style=\"color: #008000;\"><strong>DETAILS:<\/strong><\/span><\/p>\n<ul>\n<li><em>wet-look<\/em> stiiliga<\/li>\n<li>isehoidvad<\/li>\n<li>sensuaalse disainiga<\/li>\n<li>mugav ja elastne kangas (76% pol\u00fcester; 24% elastaan)<\/li>\n<\/ul>","protected":false},"excerpt":{"rendered":"<p>&#46;&#46;&#46;<\/p>","protected":false},"featured_media":25505,"comment_status":"open","ping_status":"closed","template":"","meta":{"_glsr_average":0,"_glsr_ranking":0,"_glsr_reviews":0},"product_brand":[501],"product_cat":[29],"product_tag":[398,218],"class_list":{"0":"post-25434","1":"product","2":"type-product","3":"status-publish","4":"has-post-thumbnail","6":"product_brand-noir-handmade","7":"product_cat-sukad","8":"product_tag-latekspesu","9":"product_tag-noir-handmade","10":"pa_suurus-l","11":"pa_suurus-m","12":"pa_suurus-s","13":"pa_suurus-xl","14":"pa_varvus-must","16":"first","17":"instock","18":"sold-individually","19":"taxable","20":"shipping-taxable","21":"purchasable","22":"product-type-variable"},"_links":{"self":[{"href":"https:\/\/pesu24.ee\/en\/wp-json\/wp\/v2\/product\/25434","targetHints":{"allow":["GET"]}}],"collection":[{"href":"https:\/\/pesu24.ee\/en\/wp-json\/wp\/v2\/product"}],"about":[{"href":"https:\/\/pesu24.ee\/en\/wp-json\/wp\/v2\/types\/product"}],"replies":[{"embeddable":true,"href":"https:\/\/pesu24.ee\/en\/wp-json\/wp\/v2\/comments?post=25434"}],"wp:featuredmedia":[{"embeddable":true,"href":"https:\/\/pesu24.ee\/en\/wp-json\/wp\/v2\/media\/25505"}],"wp:attachment":[{"href":"https:\/\/pesu24.ee\/en\/wp-json\/wp\/v2\/media?parent=25434"}],"wp:term":[{"taxonomy":"product_brand","embeddable":true,"href":"https:\/\/pesu24.ee\/en\/wp-json\/wp\/v2\/product_brand?post=25434"},{"taxonomy":"product_cat","embeddable":true,"href":"https:\/\/pesu24.ee\/en\/wp-json\/wp\/v2\/product_cat?post=25434"},{"taxonomy":"product_tag","embeddable":true,"href":"https:\/\/pesu24.ee\/en\/wp-json\/wp\/v2\/product_tag?post=25434"}],"curies":[{"name":"wp","href":"https:\/\/api.w.org\/{rel}","templated":true}]}}