{"id":25435,"date":"2025-08-19T00:22:15","date_gmt":"2025-08-18T21:22:15","guid":{"rendered":"https:\/\/pesu24.ee\/?post_type=product&#038;p=25435"},"modified":"2026-01-23T18:14:42","modified_gmt":"2026-01-23T16:14:42","slug":"sukad-obsessive-marrbel","status":"publish","type":"product","link":"https:\/\/pesu24.ee\/en\/sukad\/sukad-obsessive-marrbel\/","title":{"rendered":"Sukad Obsessive Marrbel"},"content":{"rendered":"<p>Obsessive Marrbel sukad on ihuv\u00e4rvi ning neid kaunistab reitel dekoratiivne tume pits, mis n\u00e4eb v\u00e4lja nagu sensuaalne sukapael &#8211; see ergutab fantaasiat ja lisab veidi v\u00fcrtsikust.<\/p>\n<p><span style=\"color: #008000;\"><strong>KOMPLEKT SISALDAB:<\/strong><\/span><\/p>\n<ul>\n<li>sukad<\/li>\n<li>NB! sukahoidja ei kuulu komplekti<\/li>\n<\/ul>\n<p>Sukad sobivad kokku <a href=\"https:\/\/pesu24.ee\/en\/aksessuaarid\/sukahoidja-obsessive-marrbel\/\">Obsessive Marrbel sukahoidjaga<\/a>.<\/p>\n<p><span style=\"color: #008000;\"><strong>DETAILS:<\/strong><\/span><\/p>\n<ul>\n<li>ihuv\u00e4rvi sukad<\/li>\n<li>reitel must pits<\/li>\n<li>stockings are not self-supported<\/li>\n<li>15 DEN<\/li>\n<li>mugav ja elastne kangas (85% pol\u00fcamiid; 15% elastaan)<\/li>\n<\/ul>","protected":false},"excerpt":{"rendered":"<ul>\n<li>v\u00f5rgutavad bee\u017ei v\u00f5rgu ja punase pitsiga sukad<\/li>\n<li>stockings are not self-supported<\/li>\n<li>sobivad ideaalselt &#8220;838&#8221; korsetiga<\/li>\n<li>mugav materjal (85% pol\u00fcamiid; 15% elastaan)<\/li>\n<\/ul>","protected":false},"featured_media":25511,"comment_status":"open","ping_status":"closed","template":"","meta":{"_glsr_average":0,"_glsr_ranking":0,"_glsr_reviews":0},"product_brand":[500],"product_cat":[29],"product_tag":[160],"class_list":{"0":"post-25435","1":"product","2":"type-product","3":"status-publish","4":"has-post-thumbnail","6":"product_brand-obsessive","7":"product_cat-sukad","8":"product_tag-obsessive","9":"pa_suurus-l-xl","10":"pa_suurus-s-m","11":"pa_varvus-must","13":"first","14":"instock","15":"sold-individually","16":"taxable","17":"shipping-taxable","18":"purchasable","19":"product-type-variable"},"_links":{"self":[{"href":"https:\/\/pesu24.ee\/en\/wp-json\/wp\/v2\/product\/25435","targetHints":{"allow":["GET"]}}],"collection":[{"href":"https:\/\/pesu24.ee\/en\/wp-json\/wp\/v2\/product"}],"about":[{"href":"https:\/\/pesu24.ee\/en\/wp-json\/wp\/v2\/types\/product"}],"replies":[{"embeddable":true,"href":"https:\/\/pesu24.ee\/en\/wp-json\/wp\/v2\/comments?post=25435"}],"wp:featuredmedia":[{"embeddable":true,"href":"https:\/\/pesu24.ee\/en\/wp-json\/wp\/v2\/media\/25511"}],"wp:attachment":[{"href":"https:\/\/pesu24.ee\/en\/wp-json\/wp\/v2\/media?parent=25435"}],"wp:term":[{"taxonomy":"product_brand","embeddable":true,"href":"https:\/\/pesu24.ee\/en\/wp-json\/wp\/v2\/product_brand?post=25435"},{"taxonomy":"product_cat","embeddable":true,"href":"https:\/\/pesu24.ee\/en\/wp-json\/wp\/v2\/product_cat?post=25435"},{"taxonomy":"product_tag","embeddable":true,"href":"https:\/\/pesu24.ee\/en\/wp-json\/wp\/v2\/product_tag?post=25435"}],"curies":[{"name":"wp","href":"https:\/\/api.w.org\/{rel}","templated":true}]}}