{"id":25436,"date":"2025-08-25T00:22:15","date_gmt":"2025-08-24T21:22:15","guid":{"rendered":"https:\/\/pesu24.ee\/?post_type=product&#038;p=25436"},"modified":"2025-08-25T14:28:47","modified_gmt":"2025-08-25T11:28:47","slug":"trendikad-sukad-noir-handmade-f236","status":"publish","type":"product","link":"https:\/\/pesu24.ee\/en\/sukad\/trendikad-sukad-noir-handmade-f236\/","title":{"rendered":"Isehoidvad sukad Noir Handmade F236"},"content":{"rendered":"<p><em>Wet-look<\/em> stiilis ja ruudulise l\u00f5ikemustriga Noir Handmade F236 sukad. Sukad on t\u00e4ielikult isehoidvad ja seet\u00f5ttu ei vaja sukahoidjat.<\/p>\n<p><span style=\"color: #ff0000;\"><strong>NB!<\/strong><\/span> K\u00f5ik Noir Handmade tooted on venivast kangast, kuid ideaalse sobivuse ja \u00fclevenitamise v\u00e4ltimiseks, soovitame valida \u00fcks number suurem ehk igap\u00e4evaselt M-suuruse kandja valigu suurus L jne.<\/p>\n<div class=\"omadused\">\nOmadused<\/p>\n<ul>\n<li><em>wet-look<\/em> stiilis<\/li>\n<li>t\u00e4ielikult isehoidvad<\/li>\n<li>ruudulise l\u00f5ikemustriga<\/li>\n<li>mugav ja elastne kangas (76% pol\u00fcester; 24% elastaan)<\/li>\n<\/ul>\n<p>Sobivad ideaalselt kokku <a href=\"https:\/\/pesu24.ee\/en\/topid-rinnahoidjad\/topp-noir-handmade-f220\/\">F220 topiga<\/a> kui ka <a href=\"https:\/\/pesu24.ee\/en\/stringid-puksikud\/korge-pihaga-puksikud-noir-handmade-f235\/\">F235 p\u00fcksikutega<\/a>.<\/p>\n<\/div>","protected":false},"excerpt":{"rendered":"<p>&#46;&#46;&#46;<\/p>","protected":false},"featured_media":25518,"comment_status":"open","ping_status":"closed","template":"","meta":{"_glsr_average":0,"_glsr_ranking":0,"_glsr_reviews":0},"product_brand":[501],"product_cat":[29],"product_tag":[398,218],"class_list":{"0":"post-25436","1":"product","2":"type-product","3":"status-publish","4":"has-post-thumbnail","6":"product_brand-noir-handmade","7":"product_cat-sukad","8":"product_tag-latekspesu","9":"product_tag-noir-handmade","10":"pa_suurus-l","11":"pa_suurus-m","12":"pa_suurus-s","13":"pa_suurus-xl","14":"pa_varvus-must","16":"first","17":"instock","18":"sold-individually","19":"taxable","20":"shipping-taxable","21":"purchasable","22":"product-type-variable"},"_links":{"self":[{"href":"https:\/\/pesu24.ee\/en\/wp-json\/wp\/v2\/product\/25436","targetHints":{"allow":["GET"]}}],"collection":[{"href":"https:\/\/pesu24.ee\/en\/wp-json\/wp\/v2\/product"}],"about":[{"href":"https:\/\/pesu24.ee\/en\/wp-json\/wp\/v2\/types\/product"}],"replies":[{"embeddable":true,"href":"https:\/\/pesu24.ee\/en\/wp-json\/wp\/v2\/comments?post=25436"}],"wp:featuredmedia":[{"embeddable":true,"href":"https:\/\/pesu24.ee\/en\/wp-json\/wp\/v2\/media\/25518"}],"wp:attachment":[{"href":"https:\/\/pesu24.ee\/en\/wp-json\/wp\/v2\/media?parent=25436"}],"wp:term":[{"taxonomy":"product_brand","embeddable":true,"href":"https:\/\/pesu24.ee\/en\/wp-json\/wp\/v2\/product_brand?post=25436"},{"taxonomy":"product_cat","embeddable":true,"href":"https:\/\/pesu24.ee\/en\/wp-json\/wp\/v2\/product_cat?post=25436"},{"taxonomy":"product_tag","embeddable":true,"href":"https:\/\/pesu24.ee\/en\/wp-json\/wp\/v2\/product_tag?post=25436"}],"curies":[{"name":"wp","href":"https:\/\/api.w.org\/{rel}","templated":true}]}}