{"id":25440,"date":"2025-08-19T00:22:16","date_gmt":"2025-08-18T21:22:16","guid":{"rendered":"https:\/\/pesu24.ee\/?post_type=product&#038;p=25440"},"modified":"2026-01-23T18:14:42","modified_gmt":"2026-01-23T16:14:42","slug":"sukad-axami-v-7694","status":"publish","type":"product","link":"https:\/\/pesu24.ee\/en\/sukad\/sukad-axami-v-7694\/","title":{"rendered":"Sukad Axami V-7694"},"content":{"rendered":"<p><strong>Elegantsed pooll\u00e4bipaistvad ihuv\u00e4rvi sukad Axami V-7694. Sukad on isehoidvad. Kaunistatud naiseliku pitsiga, et tagada t\u00e4iuslik v\u00e4limus ja mugavaus.\u00a0<\/strong><\/p>\n<p>Vaatamata sellele, et sukad on isehoidvad, sobivad enamike pesukomplektiga, ka nendega, millel on sukahoidja. N\u00e4itena soovitame kasutada <a href=\"https:\/\/pesu24.ee\/en\/topid-rinnahoidjad\/rinnahoidja-axami-v-10061\/\">rinnahoidjaga V-10061<\/a> ja <a href=\"https:\/\/pesu24.ee\/en\/stringid-puksikud\/stringid-axami-v-10068\/\">V-10068 stringidega<\/a>.<\/p>\n<p><span style=\"color: #008000;\"><strong>OMADUSED<\/strong><\/span><\/p>\n<ul>\n<li>komplektis sukad<\/li>\n<li>pooll\u00e4bipaistvad, ihuv\u00e4rvi<\/li>\n<li>kaunistatud naiseliku pitsiga<\/li>\n<li>sukad on isehoidvad<\/li>\n<li>kvaliteetne ja vastupidav materjal<\/li>\n<li>pol\u00fcamiid 82%, elastaan 18%<\/li>\n<li>saadaval suurustes S\/M ja L\/XL<\/li>\n<\/ul>\n<p>Tutvu ka k\u00f5igi teiste <a href=\"https:\/\/pesu24.ee\/en\/omadus\/axami\/\">Axami pesudega<\/a>.<\/p>","protected":false},"excerpt":{"rendered":"<p>&#46;&#46;&#46;<\/p>","protected":false},"featured_media":25542,"comment_status":"open","ping_status":"closed","template":"","meta":{"_glsr_average":0,"_glsr_ranking":0,"_glsr_reviews":0},"product_brand":[502],"product_cat":[29],"product_tag":[333],"class_list":{"0":"post-25440","1":"product","2":"type-product","3":"status-publish","4":"has-post-thumbnail","6":"product_brand-axami","7":"product_cat-sukad","8":"product_tag-axami","9":"pa_suurus-l-xl","10":"pa_suurus-s-m","11":"pa_varvus-must","13":"first","14":"instock","15":"sold-individually","16":"taxable","17":"shipping-taxable","18":"purchasable","19":"product-type-variable"},"_links":{"self":[{"href":"https:\/\/pesu24.ee\/en\/wp-json\/wp\/v2\/product\/25440","targetHints":{"allow":["GET"]}}],"collection":[{"href":"https:\/\/pesu24.ee\/en\/wp-json\/wp\/v2\/product"}],"about":[{"href":"https:\/\/pesu24.ee\/en\/wp-json\/wp\/v2\/types\/product"}],"replies":[{"embeddable":true,"href":"https:\/\/pesu24.ee\/en\/wp-json\/wp\/v2\/comments?post=25440"}],"wp:featuredmedia":[{"embeddable":true,"href":"https:\/\/pesu24.ee\/en\/wp-json\/wp\/v2\/media\/25542"}],"wp:attachment":[{"href":"https:\/\/pesu24.ee\/en\/wp-json\/wp\/v2\/media?parent=25440"}],"wp:term":[{"taxonomy":"product_brand","embeddable":true,"href":"https:\/\/pesu24.ee\/en\/wp-json\/wp\/v2\/product_brand?post=25440"},{"taxonomy":"product_cat","embeddable":true,"href":"https:\/\/pesu24.ee\/en\/wp-json\/wp\/v2\/product_cat?post=25440"},{"taxonomy":"product_tag","embeddable":true,"href":"https:\/\/pesu24.ee\/en\/wp-json\/wp\/v2\/product_tag?post=25440"}],"curies":[{"name":"wp","href":"https:\/\/api.w.org\/{rel}","templated":true}]}}