{"id":25441,"date":"2025-08-19T00:22:16","date_gmt":"2025-08-18T21:22:16","guid":{"rendered":"https:\/\/pesu24.ee\/?post_type=product&#038;p=25441"},"modified":"2025-11-10T19:59:51","modified_gmt":"2025-11-10T16:59:51","slug":"sukad-axami-v-5204","status":"publish","type":"product","link":"https:\/\/pesu24.ee\/en\/sukad\/sukad-axami-v-5204\/","title":{"rendered":"Sukad Axami V-5204"},"content":{"rendered":"<p><strong>Axami pesubr\u00e4ndi Eclissi di Luna pesukollektsiooni kuuluvad originaalse disainiga sukad. Sukkade alumine osa kuni p\u00f5lveni lillemustriga ja \u00fclemist osa kaunistab n\u00f6\u00f6ride ja lehvi imitatsioon.<\/strong><\/p>\n<p>See originaalne muster ja disain tagavad unustamatu efekti. Sukad on isehoidvad, aga v\u00f5IB kanda mistahes sukahoidjaga ja sobib enamike mustade pesukomplektidega (vaata tootefotosid). Saadaval suurustes S\/M ja L\/XL ning ideaalselt sobivad kokku <a href=\"https:\/\/pesu24.ee\/en\/stringid-puksikud\/stringid-axami-v-10068\/\">V-10068 stringide<\/a> ja <a href=\"https:\/\/pesu24.ee\/en\/topid-rinnahoidjad\/rinnahoidja-axami-v-10061\/\">V-10061 rinnahoidjaga<\/a>.<\/p>\n<p><span style=\"color: #008000;\"><strong>OMADUSED<\/strong><\/span><\/p>\n<ul>\n<li>komplektis sukad<\/li>\n<li>alumisel osal lillemuster<\/li>\n<li>\u00fclemisel osal n\u00f6\u00f6ride ja lehvi imitatsioon<\/li>\n<li>isehoidvad<\/li>\n<li>v\u00f5ib kanda ka sukahoidjaga<\/li>\n<li>elastne ja vastupidav kangas<\/li>\n<li>90% pol\u00fcamiid, 10% elastaan<\/li>\n<li>saadaval suurustes S\/M ja L\/XL<\/li>\n<\/ul>\n<p>Tutvu ka k\u00f5igi teiste <a href=\"https:\/\/pesu24.ee\/en\/omadus\/axami\/\">Axami pesudega<\/a>.<\/p>","protected":false},"excerpt":{"rendered":"<p>&#46;&#46;&#46;<\/p>","protected":false},"featured_media":25550,"comment_status":"open","ping_status":"closed","template":"","meta":{"_glsr_average":0,"_glsr_ranking":0,"_glsr_reviews":0},"product_brand":[502],"product_cat":[29],"product_tag":[333,435],"class_list":{"0":"post-25441","1":"product","2":"type-product","3":"status-publish","4":"has-post-thumbnail","6":"product_brand-axami","7":"product_cat-sukad","8":"product_tag-axami","9":"product_tag-eclissi-di-luna","10":"pa_suurus-l-xl","11":"pa_suurus-s-m","12":"pa_varvus-must","14":"first","15":"instock","16":"sold-individually","17":"taxable","18":"shipping-taxable","19":"purchasable","20":"product-type-variable"},"_links":{"self":[{"href":"https:\/\/pesu24.ee\/en\/wp-json\/wp\/v2\/product\/25441","targetHints":{"allow":["GET"]}}],"collection":[{"href":"https:\/\/pesu24.ee\/en\/wp-json\/wp\/v2\/product"}],"about":[{"href":"https:\/\/pesu24.ee\/en\/wp-json\/wp\/v2\/types\/product"}],"replies":[{"embeddable":true,"href":"https:\/\/pesu24.ee\/en\/wp-json\/wp\/v2\/comments?post=25441"}],"wp:featuredmedia":[{"embeddable":true,"href":"https:\/\/pesu24.ee\/en\/wp-json\/wp\/v2\/media\/25550"}],"wp:attachment":[{"href":"https:\/\/pesu24.ee\/en\/wp-json\/wp\/v2\/media?parent=25441"}],"wp:term":[{"taxonomy":"product_brand","embeddable":true,"href":"https:\/\/pesu24.ee\/en\/wp-json\/wp\/v2\/product_brand?post=25441"},{"taxonomy":"product_cat","embeddable":true,"href":"https:\/\/pesu24.ee\/en\/wp-json\/wp\/v2\/product_cat?post=25441"},{"taxonomy":"product_tag","embeddable":true,"href":"https:\/\/pesu24.ee\/en\/wp-json\/wp\/v2\/product_tag?post=25441"}],"curies":[{"name":"wp","href":"https:\/\/api.w.org\/{rel}","templated":true}]}}